 {"id":902,"date":"2023-07-03T15:13:58","date_gmt":"2023-07-03T15:13:58","guid":{"rendered":"https:\/\/colorectalcc.wpengine.com\/?page_id=902"},"modified":"2023-07-14T12:38:02","modified_gmt":"2023-07-14T12:38:02","slug":"plan-du-site","status":"publish","type":"page","link":"https:\/\/www.colorectalcancercanada.com\/fr\/plan-du-site\/","title":{"rendered":"Plan du site"},"content":{"rendered":"<div class=\"fusion-fullwidth fullwidth-box fusion-builder-row-1 fusion-flex-container has-pattern-background has-mask-background nonhundred-percent-fullwidth non-hundred-percent-height-scrolling\" style=\"--awb-border-radius-top-left:0px;--awb-border-radius-top-right:0px;--awb-border-radius-bottom-right:0px;--awb-border-radius-bottom-left:0px;--awb-margin-top:30px;--awb-margin-bottom:30px;--awb-flex-wrap:wrap;\" ><div class=\"fusion-builder-row fusion-row fusion-flex-align-items-flex-start fusion-flex-content-wrap\" style=\"max-width:1248px;margin-left: calc(-4% \/ 2 );margin-right: calc(-4% \/ 2 );\"><div class=\"fusion-layout-column fusion_builder_column fusion-builder-column-0 fusion_builder_column_1_1 1_1 fusion-flex-column\" style=\"--awb-bg-size:cover;--awb-width-large:100%;--awb-margin-top-large:0px;--awb-spacing-right-large:1.92%;--awb-margin-bottom-large:20px;--awb-spacing-left-large:1.92%;--awb-width-medium:100%;--awb-order-medium:0;--awb-spacing-right-medium:1.92%;--awb-spacing-left-medium:1.92%;--awb-width-small:100%;--awb-order-small:0;--awb-spacing-right-small:1.92%;--awb-spacing-left-small:1.92%;\"><div class=\"fusion-column-wrapper fusion-column-has-shadow fusion-flex-justify-content-flex-start fusion-content-layout-column\"><div class=\"fusion-title title fusion-title-1 fusion-sep-none fusion-title-text fusion-title-size-two\" style=\"--awb-margin-top-small:10px;--awb-margin-right-small:0px;--awb-margin-bottom-small:10px;--awb-margin-left-small:0px;\"><h2 class=\"fusion-title-heading title-heading-left\" style=\"margin:0;\">Plan du site<\/h2><\/div><div class=\"wsp-container\"><h2 class=\"wsp-pages-title\">Pages<\/h2>\n<ul class=\"wsp-pages-list\">\n<li class=\"page_item page-item-17925\"><a href=\"https:\/\/www.colorectalcancercanada.com\/fr\/test\/\">Test<\/a><\/li>\n<li class=\"page_item page-item-18213\"><a href=\"https:\/\/www.colorectalcancercanada.com\/fr\/cancer-de-lanus\/\">Cancer de l&rsquo;anus\u202f<\/a><\/li>\n<li class=\"page_item page-item-311\"><a href=\"https:\/\/www.colorectalcancercanada.com\/fr\/\">Accueil<\/a><\/li>\n<li class=\"page_item page-item-318\"><a href=\"https:\/\/www.colorectalcancercanada.com\/fr\/politique-en-matiere-de-confidentialite-et-de-cookies\/\">Politique en mati\u00e8re de confidentialit\u00e9 et de cookies<\/a><\/li>\n<li class=\"page_item page-item-17996\"><a href=\"https:\/\/www.colorectalcancercanada.com\/fr\/kohler-ccc\/\">Kohler x Colorectal Cancer Canada<\/a><\/li>\n<li class=\"page_item page-item-15241\"><a href=\"https:\/\/www.colorectalcancercanada.com\/fr\/pact2024-program\/\">PACT Clinical Trials Conference 2024 Agenda Program<\/a><\/li>\n<li class=\"page_item page-item-16588\"><a href=\"https:\/\/www.colorectalcancercanada.com\/fr\/depistagea45\/\">D\u00c9PISTAGE \u00c0 45<\/a><\/li>\n<li class=\"page_item page-item-16096\"><a href=\"https:\/\/www.colorectalcancercanada.com\/fr\/test-gravity-forms\/\">test Gravity Forms<\/a><\/li>\n<li class=\"page_item page-item-16099\"><a href=\"https:\/\/www.colorectalcancercanada.com\/fr\/exercises-for-eocrc-caregivers-focusing-on-emotional-and-psychological-challenges-pink\/\">Exercises for EOCRC caregivers focusing on emotional and psychological challenges (pink)\u00a0<\/a><\/li>\n<li class=\"page_item page-item-16101\"><a href=\"https:\/\/www.colorectalcancercanada.com\/fr\/exercises-for-eocrc-patients-focusing-on-emotional-and-psychological-challenges-pink\/\">Exercises for EOCRC patients focusing on emotional and psychological challenges (pink)\u00a0<\/a><\/li>\n<li class=\"page_item page-item-481 page_item_has_children\"><a href=\"https:\/\/www.colorectalcancercanada.com\/fr\/cancer-colorectal\/\">Information Cancer Colorectal<\/a>\n<ul class='children'>\n\t<li class=\"page_item page-item-552 page_item_has_children\"><a href=\"https:\/\/www.colorectalcancercanada.com\/fr\/cancer-colorectal\/traitements\/\">Traitements<\/a>\n\t<ul class='children'>\n\t\t<li class=\"page_item page-item-528\"><a href=\"https:\/\/www.colorectalcancercanada.com\/fr\/cancer-colorectal\/traitements\/essais-cliniques\/\">Essais Cliniques<\/a><\/li>\n\t\t<li class=\"page_item page-item-16153\"><a href=\"https:\/\/www.colorectalcancercanada.com\/fr\/cancer-colorectal\/traitements\/clinical-trials-conference-2024\/\">Clinical Trials Conference 2024<\/a><\/li>\n\t\t<li class=\"page_item page-item-504 page_item_has_children\"><a href=\"https:\/\/www.colorectalcancercanada.com\/fr\/cancer-colorectal\/traitements\/chirurgie\/\">Chirurgie<\/a>\n\t\t<ul class='children'>\n\t\t\t<li class=\"page_item page-item-886\"><a href=\"https:\/\/www.colorectalcancercanada.com\/fr\/cancer-colorectal\/traitements\/chirurgie\/la-vie-avec-une-stomie\/\">La vie avec une stomie<\/a><\/li>\n\t\t<\/ul>\n<\/li>\n\t\t<li class=\"page_item page-item-496\"><a href=\"https:\/\/www.colorectalcancercanada.com\/fr\/cancer-colorectal\/traitements\/chimiotherapie\/\">Chimiotherapie<\/a><\/li>\n\t\t<li class=\"page_item page-item-508\"><a href=\"https:\/\/www.colorectalcancercanada.com\/fr\/cancer-colorectal\/traitements\/radiotherapie\/\">Radioth\u00e9rapie<\/a><\/li>\n\t\t<li class=\"page_item page-item-522\"><a href=\"https:\/\/www.colorectalcancercanada.com\/fr\/cancer-colorectal\/traitements\/traitements-cibles\/\">Traitements cibl\u00e9s<\/a><\/li>\n\t\t<li class=\"page_item page-item-525\"><a href=\"https:\/\/www.colorectalcancercanada.com\/fr\/cancer-colorectal\/traitements\/immunotherapie\/\">Immunoth\u00e9rapie<\/a><\/li>\n\t<\/ul>\n<\/li>\n\t<li class=\"page_item page-item-875\"><a href=\"https:\/\/www.colorectalcancercanada.com\/fr\/cancer-colorectal\/quest-ce-que-le-cancer-colorectal\/\">Qu\u2019est-ce que le cancer colorectal<\/a><\/li>\n\t<li class=\"page_item page-item-882\"><a href=\"https:\/\/www.colorectalcancercanada.com\/fr\/cancer-colorectal\/stadification-tumeurs\/\">Stadification des tumeurs<\/a><\/li>\n\t<li class=\"page_item page-item-893\"><a href=\"https:\/\/www.colorectalcancercanada.com\/fr\/cancer-colorectal\/cancer-colorectal-metastatique\/\">Cancer colorectal m\u00e9tastatique<\/a><\/li>\n\t<li class=\"page_item page-item-826\"><a href=\"https:\/\/www.colorectalcancercanada.com\/fr\/cancer-colorectal\/symptomes\/\">Signes et symptomes<\/a><\/li>\n\t<li class=\"page_item page-item-868 page_item_has_children\"><a href=\"https:\/\/www.colorectalcancercanada.com\/fr\/cancer-colorectal\/qui-nous-aidons\/\">Qui nous aidons<\/a>\n\t<ul class='children'>\n\t\t<li class=\"page_item page-item-869\"><a href=\"https:\/\/www.colorectalcancercanada.com\/fr\/cancer-colorectal\/qui-nous-aidons\/en-traitement\/\">En traitement<\/a><\/li>\n\t\t<li class=\"page_item page-item-870\"><a href=\"https:\/\/www.colorectalcancercanada.com\/fr\/cancer-colorectal\/qui-nous-aidons\/apres-le-traitement\/\">Apr\u00e8s le traitement<\/a><\/li>\n\t\t<li class=\"page_item page-item-871\"><a href=\"https:\/\/www.colorectalcancercanada.com\/fr\/cancer-colorectal\/qui-nous-aidons\/les-proches-et-les-aidants\/\">Les proches et les aidants<\/a><\/li>\n\t<\/ul>\n<\/li>\n\t<li class=\"page_item page-item-895\"><a href=\"https:\/\/www.colorectalcancercanada.com\/fr\/cancer-colorectal\/soins-palliatifs-supportifs\/\">Soins palliatifs et de soutien<\/a><\/li>\n\t<li class=\"page_item page-item-10452\"><a href=\"https:\/\/www.colorectalcancercanada.com\/fr\/cancer-colorectal\/statistiques\/\">Statistiques<\/a><\/li>\n\t<li class=\"page_item page-item-876\"><a href=\"https:\/\/www.colorectalcancercanada.com\/fr\/cancer-colorectal\/facteurs-de-risque\/\">Facteurs de risque<\/a><\/li>\n\t<li class=\"page_item page-item-878 page_item_has_children\"><a href=\"https:\/\/www.colorectalcancercanada.com\/fr\/cancer-colorectal\/nouvellement-diagnostique\/\">Nouvellement diagnostiqu\u00e9<\/a>\n\t<ul class='children'>\n\t\t<li class=\"page_item page-item-883\"><a href=\"https:\/\/www.colorectalcancercanada.com\/fr\/cancer-colorectal\/nouvellement-diagnostique\/biomarqueurs\/\">Biomarqueurs<\/a><\/li>\n\t<\/ul>\n<\/li>\n\t<li class=\"page_item page-item-880\"><a href=\"https:\/\/www.colorectalcancercanada.com\/fr\/cancer-colorectal\/cancer-colorectal-precoce\/\">Cancer colorectal pr\u00e9coce<\/a><\/li>\n\t<li class=\"page_item page-item-884\"><a href=\"https:\/\/www.colorectalcancercanada.com\/fr\/cancer-colorectal\/gerer-les-effets-secondaires-et-les-symptomes\/\">G\u00e9rer les effets secondaires et les sympt\u00f4mes<\/a><\/li>\n\t<li class=\"page_item page-item-11385 page_item_has_children\"><a href=\"https:\/\/www.colorectalcancercanada.com\/fr\/cancer-colorectal\/tests-genetiques\/\">Tests g\u00e9n\u00e9tiques<\/a>\n\t<ul class='children'>\n\t\t<li class=\"page_item page-item-877\"><a href=\"https:\/\/www.colorectalcancercanada.com\/fr\/cancer-colorectal\/tests-genetiques\/syndrome-lynch\/\">Syndrome de Lynch<\/a><\/li>\n\t<\/ul>\n<\/li>\n\t<li class=\"page_item page-item-879\"><a href=\"https:\/\/www.colorectalcancercanada.com\/fr\/cancer-colorectal\/comment-le-cancer-colorectal-est-il-diagnostique\/\">Comment le Cancer Colorectal est-il diagnostiqu\u00e9 ?<\/a><\/li>\n\t<li class=\"page_item page-item-887\"><a href=\"https:\/\/www.colorectalcancercanada.com\/fr\/cancer-colorectal\/vie-apres-traitement\/\">La vie apr\u00e8s le traitement<\/a><\/li>\n<\/ul>\n<\/li>\n<li class=\"page_item page-item-824 page_item_has_children\"><a href=\"https:\/\/www.colorectalcancercanada.com\/fr\/depistage\/\">D\u00e9pistage et pr\u00e9vention<\/a>\n<ul class='children'>\n\t<li class=\"page_item page-item-825\"><a href=\"https:\/\/www.colorectalcancercanada.com\/fr\/depistage\/depistage-cancer-colorectal\/\">D\u00e9pistage du Cancer Colorectal<\/a><\/li>\n\t<li class=\"page_item page-item-827\"><a href=\"https:\/\/www.colorectalcancercanada.com\/fr\/depistage\/questions-pour-votre-medecin\/\">Questions pour votre m\u00e9decin<\/a><\/li>\n\t<li class=\"page_item page-item-828\"><a href=\"https:\/\/www.colorectalcancercanada.com\/fr\/depistage\/apercu-prevention\/\">Aper\u00e7u de la pr\u00e9vention<\/a><\/li>\n\t<li class=\"page_item page-item-760\"><a href=\"https:\/\/www.colorectalcancercanada.com\/fr\/depistage\/aliments-contre-cancer\/\">Aliments contre le cancer<\/a><\/li>\n<\/ul>\n<\/li>\n<li class=\"page_item page-item-11360 page_item_has_children\"><a href=\"https:\/\/www.colorectalcancercanada.com\/fr\/ce-que-nous-faisons\/\">Ce que nous faisons<\/a>\n<ul class='children'>\n\t<li class=\"page_item page-item-829 page_item_has_children\"><a href=\"https:\/\/www.colorectalcancercanada.com\/fr\/ce-que-nous-faisons\/soutien\/\">Soutien<\/a>\n\t<ul class='children'>\n\t\t<li class=\"page_item page-item-830\"><a href=\"https:\/\/www.colorectalcancercanada.com\/fr\/ce-que-nous-faisons\/soutien\/services-soutien-pour-patients\/\">Services de soutien pour les patients et proches<\/a><\/li>\n\t\t<li class=\"page_item page-item-15348\"><a href=\"https:\/\/www.colorectalcancercanada.com\/fr\/ce-que-nous-faisons\/soutien\/connecter-a-travers-le-cancer\/\">Connecter \u00e0 travers le cancer: la trousse d\u2019accompagnement pour les familles<\/a><\/li>\n\t\t<li class=\"page_item page-item-831\"><a href=\"https:\/\/www.colorectalcancercanada.com\/fr\/ce-que-nous-faisons\/soutien\/groupes-soutien\/\">Groupes de soutien<\/a><\/li>\n\t\t<li class=\"page_item page-item-832\"><a href=\"https:\/\/www.colorectalcancercanada.com\/fr\/ce-que-nous-faisons\/soutien\/belong\/\">Belong<\/a><\/li>\n\t\t<li class=\"page_item page-item-896 page_item_has_children\"><a href=\"https:\/\/www.colorectalcancercanada.com\/fr\/ce-que-nous-faisons\/soutien\/ressources\/\">Ressources<\/a>\n\t\t<ul class='children'>\n\t\t\t<li class=\"page_item page-item-897\"><a href=\"https:\/\/www.colorectalcancercanada.com\/fr\/ce-que-nous-faisons\/soutien\/ressources\/ressources-pour-patients-soignants\/\">Ressources pour les patients et les soignants<\/a><\/li>\n\t\t\t<li class=\"page_item page-item-900\"><a href=\"https:\/\/www.colorectalcancercanada.com\/fr\/ce-que-nous-faisons\/soutien\/ressources\/archive-infolettre\/\">Archive Infolettre<\/a><\/li>\n\t\t\t<li class=\"page_item page-item-901\"><a href=\"https:\/\/www.colorectalcancercanada.com\/fr\/ce-que-nous-faisons\/soutien\/ressources\/media\/\">M\u00e9dia<\/a><\/li>\n\t\t<\/ul>\n<\/li>\n\t\t<li class=\"page_item page-item-835\"><a href=\"https:\/\/www.colorectalcancercanada.com\/fr\/ce-que-nous-faisons\/soutien\/recits\/\">Histoires<\/a><\/li>\n\t<\/ul>\n<\/li>\n\t<li class=\"page_item page-item-833\"><a href=\"https:\/\/www.colorectalcancercanada.com\/fr\/ce-que-nous-faisons\/resources\/\">Biblioth\u00e8que de ressources<\/a><\/li>\n\t<li class=\"page_item page-item-837 page_item_has_children\"><a href=\"https:\/\/www.colorectalcancercanada.com\/fr\/ce-que-nous-faisons\/programmes\/\">Nos programmes<\/a>\n\t<ul class='children'>\n\t\t<li class=\"page_item page-item-707\"><a href=\"https:\/\/www.colorectalcancercanada.com\/fr\/ce-que-nous-faisons\/programmes\/chacun-son-traitement\/\">\u00c0 chacun son traitement<\/a><\/li>\n\t\t<li class=\"page_item page-item-713\"><a href=\"https:\/\/www.colorectalcancercanada.com\/fr\/ce-que-nous-faisons\/programmes\/jamais-trop-jeune\/\">Jamais trop jeune<\/a><\/li>\n\t\t<li class=\"page_item page-item-716\"><a href=\"https:\/\/www.colorectalcancercanada.com\/fr\/ce-que-nous-faisons\/programmes\/faire-face-surmonter-survivre\/\">Faire face, surmonter et survivre<\/a><\/li>\n\t\t<li class=\"page_item page-item-764\"><a href=\"https:\/\/www.colorectalcancercanada.com\/fr\/ce-que-nous-faisons\/programmes\/lumiere-essais-cliniques\/\">Lumi\u00e8re sur les essais cliniques<\/a><\/li>\n\t\t<li class=\"page_item page-item-839\"><a href=\"https:\/\/www.colorectalcancercanada.com\/fr\/ce-que-nous-faisons\/programmes\/symptomes-comptent\/\">Mes symptomes comptent<\/a><\/li>\n\t\t<li class=\"page_item page-item-8456\"><a href=\"https:\/\/www.colorectalcancercanada.com\/fr\/ce-que-nous-faisons\/programmes\/immunotherapie\/\">Immunoth\u00e9rapie<\/a><\/li>\n\t<\/ul>\n<\/li>\n\t<li class=\"page_item page-item-840 page_item_has_children\"><a href=\"https:\/\/www.colorectalcancercanada.com\/fr\/ce-que-nous-faisons\/conseils\/\">D\u00e9fense des int\u00e9r\u00eats<\/a>\n\t<ul class='children'>\n\t\t<li class=\"page_item page-item-717\"><a href=\"https:\/\/www.colorectalcancercanada.com\/fr\/ce-que-nous-faisons\/conseils\/prets-pour-prochaine-ronde\/\">Pr\u00eats pour la prochaine ronde<\/a><\/li>\n\t\t<li class=\"page_item page-item-763\"><a href=\"https:\/\/www.colorectalcancercanada.com\/fr\/ce-que-nous-faisons\/conseils\/le-projet-valeurs-des-patients-pvp\/\">Le Projet valeurs des patients (PVP)<\/a><\/li>\n\t\t<li class=\"page_item page-item-841\"><a href=\"https:\/\/www.colorectalcancercanada.com\/fr\/ce-que-nous-faisons\/conseils\/tables-rondes-depistage-quebec\/\">Tables Rondes Du D\u00e9pistage Qu\u00e9bec<\/a><\/li>\n\t\t<li class=\"page_item page-item-842\"><a href=\"https:\/\/www.colorectalcancercanada.com\/fr\/ce-que-nous-faisons\/conseils\/time-patient\/\">ETS \u2013 De l\u2019innovation au patient<\/a><\/li>\n\t\t<li class=\"page_item page-item-10903\"><a href=\"https:\/\/www.colorectalcancercanada.com\/fr\/ce-que-nous-faisons\/conseils\/enquetes-actuelles\/\">Les sondages actuelles<\/a><\/li>\n\t<\/ul>\n<\/li>\n\t<li class=\"page_item page-item-10221\"><a href=\"https:\/\/www.colorectalcancercanada.com\/fr\/ce-que-nous-faisons\/recherche\/\">Recherche<\/a><\/li>\n<\/ul>\n<\/li>\n<li class=\"page_item page-item-843 page_item_has_children\"><a href=\"https:\/\/www.colorectalcancercanada.com\/fr\/evenements-et-conferences\/\">\u00c9v\u00e9nements et conf\u00e9rences<\/a>\n<ul class='children'>\n\t<li class=\"page_item page-item-8466\"><a href=\"https:\/\/www.colorectalcancercanada.com\/fr\/evenements-et-conferences\/community-conference-2023\/\">Conf\u00e9rences communautaires 2023<\/a><\/li>\n\t<li class=\"page_item page-item-1310\"><a href=\"https:\/\/www.colorectalcancercanada.com\/fr\/evenements-et-conferences\/conferences-communautaires-2022\/\">Conf\u00e9rences communautaires 2022<\/a><\/li>\n\t<li class=\"page_item page-item-1312\"><a href=\"https:\/\/www.colorectalcancercanada.com\/fr\/evenements-et-conferences\/conferences-communautaires-2021\/\">Conf\u00e9rences communautaires 2021<\/a><\/li>\n\t<li class=\"page_item page-item-844\"><a href=\"https:\/\/www.colorectalcancercanada.com\/fr\/evenements-et-conferences\/tournee-colon-geant\/\">Tourn\u00e9e du c\u00f4lon g\u00e9ant<\/a><\/li>\n\t<li class=\"page_item page-item-14938\"><a href=\"https:\/\/www.colorectalcancercanada.com\/fr\/evenements-et-conferences\/tout-sur-vous\/\">Tout sur vous<\/a><\/li>\n\t<li class=\"page_item page-item-14016\"><a href=\"https:\/\/www.colorectalcancercanada.com\/fr\/evenements-et-conferences\/conferences-communautaires-2024\/\">Conf\u00e9rence communautaire 2024<\/a><\/li>\n\t<li class=\"page_item page-item-845\"><a href=\"https:\/\/www.colorectalcancercanada.com\/fr\/evenements-et-conferences\/bougeons-pour-le-colon\/\">Bougeons pour le c\u00f4lon<\/a><\/li>\n\t<li class=\"page_item page-item-846\"><a href=\"https:\/\/www.colorectalcancercanada.com\/fr\/evenements-et-conferences\/conference-communautaire-cancer-colorectal\/\">Conf\u00e9rence communautaire Cancer Colorectal<\/a><\/li>\n\t<li class=\"page_item page-item-848\"><a href=\"https:\/\/www.colorectalcancercanada.com\/fr\/evenements-et-conferences\/tournoi-golf-kickass\/\">Tournoi de golf Kick-Ass<\/a><\/li>\n\t<li class=\"page_item page-item-859\"><a href=\"https:\/\/www.colorectalcancercanada.com\/fr\/evenements-et-conferences\/mois-national-de-la-sensibilisation-au-cancer-colorectal\/\">Mois national de sensibilisation au cancer colorectal<\/a><\/li>\n\t<li class=\"page_item page-item-847\"><a href=\"https:\/\/www.colorectalcancercanada.com\/fr\/evenements-et-conferences\/conferences-sur-les-essais-cliniques\/\">Conf\u00e9rences sur les essais cliniques<\/a><\/li>\n\t<li class=\"page_item page-item-849\"><a href=\"https:\/\/www.colorectalcancercanada.com\/fr\/evenements-et-conferences\/calendrier-des-evenements\/\">Calendrier des \u00e9v\u00e9nements<\/a><\/li>\n<\/ul>\n<\/li>\n<li class=\"page_item page-item-850 page_item_has_children\"><a href=\"https:\/\/www.colorectalcancercanada.com\/fr\/simpliquer\/\">S\u2019impliquer<\/a>\n<ul class='children'>\n\t<li class=\"page_item page-item-855\"><a href=\"https:\/\/www.colorectalcancercanada.com\/fr\/simpliquer\/levee-fonds\/\">Lev\u00e9e de fonds<\/a><\/li>\n\t<li class=\"page_item page-item-856\"><a href=\"https:\/\/www.colorectalcancercanada.com\/fr\/simpliquer\/devenez-benevole\/\">Devenez b\u00e9n\u00e9vole<\/a><\/li>\n\t<li class=\"page_item page-item-857\"><a href=\"https:\/\/www.colorectalcancercanada.com\/fr\/simpliquer\/partagez-votre-histoire\/\">Partagez votre histoire<\/a><\/li>\n\t<li class=\"page_item page-item-858\"><a href=\"https:\/\/www.colorectalcancercanada.com\/fr\/simpliquer\/inscription-infolettre\/\">Inscription Infolettre<\/a><\/li>\n<\/ul>\n<\/li>\n<li class=\"page_item page-item-11366 page_item_has_children\"><a href=\"https:\/\/www.colorectalcancercanada.com\/fr\/facons-de-donner\/\">Fa\u00e7ons de donner<\/a>\n<ul class='children'>\n\t<li class=\"page_item page-item-11369\"><a href=\"https:\/\/www.colorectalcancercanada.com\/fr\/facons-de-donner\/devenir-un-donateur-individuel\/\">Devenir un donateur individuel<\/a><\/li>\n\t<li class=\"page_item page-item-11370\"><a href=\"https:\/\/www.colorectalcancercanada.com\/fr\/facons-de-donner\/construire-un-heritage\/\">Construire un h\u00e9ritage<\/a><\/li>\n\t<li class=\"page_item page-item-11373\"><a href=\"https:\/\/www.colorectalcancercanada.com\/fr\/facons-de-donner\/partenaire-de-lentreprise\/\">Partenaire de l&rsquo;entreprise<\/a><\/li>\n<\/ul>\n<\/li>\n<li class=\"page_item page-item-860 page_item_has_children\"><a href=\"https:\/\/www.colorectalcancercanada.com\/fr\/a-propos\/\">\u00c0 propos<\/a>\n<ul class='children'>\n\t<li class=\"page_item page-item-861\"><a href=\"https:\/\/www.colorectalcancercanada.com\/fr\/a-propos\/notre-histoire\/\">Notre histoire<\/a><\/li>\n\t<li class=\"page_item page-item-862\"><a href=\"https:\/\/www.colorectalcancercanada.com\/fr\/a-propos\/collaborations\/\">Rencontrez notre \u00e9quipe<\/a><\/li>\n\t<li class=\"page_item page-item-864\"><a href=\"https:\/\/www.colorectalcancercanada.com\/fr\/a-propos\/partenariats\/\">Nos partenariats<\/a><\/li>\n\t<li class=\"page_item page-item-865\"><a href=\"https:\/\/www.colorectalcancercanada.com\/fr\/a-propos\/nos-collaborations\/\">Nos collaborations<\/a><\/li>\n\t<li class=\"page_item page-item-866\"><a href=\"https:\/\/www.colorectalcancercanada.com\/fr\/a-propos\/publications-annuelles\/\">Publications annuelles<\/a><\/li>\n\t<li class=\"page_item page-item-867\"><a href=\"https:\/\/www.colorectalcancercanada.com\/fr\/a-propos\/communiquez-avec-nous\/\">Communiquez avec nous<\/a><\/li>\n<\/ul>\n<\/li>\n<li class=\"page_item page-item-16113\"><a href=\"https:\/\/www.colorectalcancercanada.com\/fr\/inscription-au-comite-de-collecte-de-fonds\/\">Inscription au comit\u00e9 de collecte de fonds<\/a><\/li>\n<li class=\"page_item page-item-834\"><a href=\"https:\/\/www.colorectalcancercanada.com\/fr\/parlons-des-popotins\/\">Parlons des popotins<\/a><\/li>\n<li class=\"page_item page-item-836\"><a href=\"https:\/\/www.colorectalcancercanada.com\/fr\/nouvelles\/\">Nouvelles<\/a><\/li>\n<li class=\"page_item page-item-17085\"><a href=\"https:\/\/www.colorectalcancercanada.com\/fr\/events-conferences\/community-conferences-2025\/\">Community Conference 2025<\/a><\/li>\n<\/ul>\n<\/div><\/div><\/div><\/div><\/div>\n","protected":false},"excerpt":{"rendered":"","protected":false},"author":1,"featured_media":11974,"parent":0,"menu_order":0,"comment_status":"closed","ping_status":"closed","template":"100-width.php","meta":{"_price":"","_stock":"","_tribe_ticket_header":"","_tribe_default_ticket_provider":"","_tribe_ticket_capacity":"0","_ticket_start_date":"","_ticket_end_date":"","_tribe_ticket_show_description":"","_tribe_ticket_show_not_going":false,"_tribe_ticket_use_global_stock":"","_tribe_ticket_global_stock_level":"","_global_stock_mode":"","_global_stock_cap":"","_tribe_rsvp_for_event":"","_tribe_ticket_going_count":"","_tribe_ticket_not_going_count":"","_tribe_tickets_list":"[]","_tribe_ticket_has_attendee_info_fields":false,"footnotes":"","_tec_slr_enabled":"","_tec_slr_layout":""},"class_list":["post-902","page","type-page","status-publish","has-post-thumbnail","hentry"],"ticketed":false,"_links":{"self":[{"href":"https:\/\/www.colorectalcancercanada.com\/fr\/wp-json\/wp\/v2\/pages\/902","targetHints":{"allow":["GET"]}}],"collection":[{"href":"https:\/\/www.colorectalcancercanada.com\/fr\/wp-json\/wp\/v2\/pages"}],"about":[{"href":"https:\/\/www.colorectalcancercanada.com\/fr\/wp-json\/wp\/v2\/types\/page"}],"author":[{"embeddable":true,"href":"https:\/\/www.colorectalcancercanada.com\/fr\/wp-json\/wp\/v2\/users\/1"}],"replies":[{"embeddable":true,"href":"https:\/\/www.colorectalcancercanada.com\/fr\/wp-json\/wp\/v2\/comments?post=902"}],"version-history":[{"count":0,"href":"https:\/\/www.colorectalcancercanada.com\/fr\/wp-json\/wp\/v2\/pages\/902\/revisions"}],"wp:featuredmedia":[{"embeddable":true,"href":"https:\/\/www.colorectalcancercanada.com\/fr\/wp-json\/wp\/v2\/media\/11974"}],"wp:attachment":[{"href":"https:\/\/www.colorectalcancercanada.com\/fr\/wp-json\/wp\/v2\/media?parent=902"}],"curies":[{"name":"wp","href":"https:\/\/api.w.org\/{rel}","templated":true}]}}