 {"id":880,"date":"2023-07-12T10:44:08","date_gmt":"2023-07-12T10:44:08","guid":{"rendered":"https:\/\/colorectalcc.wpengine.com\/?page_id=880"},"modified":"2025-02-21T16:34:24","modified_gmt":"2025-02-21T16:34:24","slug":"cancer-colorectal-precoce","status":"publish","type":"page","link":"https:\/\/www.colorectalcancercanada.com\/fr\/cancer-colorectal\/cancer-colorectal-precoce\/","title":{"rendered":"Cancer colorectal pr\u00e9coce"},"content":{"rendered":"<p><div class=\"fusion-fullwidth fullwidth-box fusion-builder-row-1 fusion-flex-container has-pattern-background has-mask-background nonhundred-percent-fullwidth non-hundred-percent-height-scrolling\" style=\"--awb-border-radius-top-left:0px;--awb-border-radius-top-right:0px;--awb-border-radius-bottom-right:0px;--awb-border-radius-bottom-left:0px;--awb-margin-bottom:0px;--awb-flex-wrap:wrap;\" ><div class=\"fusion-builder-row fusion-row fusion-flex-align-items-flex-start fusion-flex-content-wrap\" style=\"max-width:1248px;margin-left: calc(-4% \/ 2 );margin-right: calc(-4% \/ 2 );\"><div class=\"fusion-layout-column fusion_builder_column fusion-builder-column-0 fusion_builder_column_1_1 1_1 fusion-flex-column\" style=\"--awb-bg-size:cover;--awb-width-large:100%;--awb-margin-top-large:0px;--awb-spacing-right-large:1.92%;--awb-margin-bottom-large:20px;--awb-spacing-left-large:1.92%;--awb-width-medium:100%;--awb-order-medium:0;--awb-spacing-right-medium:1.92%;--awb-spacing-left-medium:1.92%;--awb-width-small:100%;--awb-order-small:0;--awb-spacing-right-small:1.92%;--awb-spacing-left-small:1.92%;\"><div class=\"fusion-column-wrapper fusion-column-has-shadow fusion-flex-justify-content-flex-start fusion-content-layout-column\"><div class=\"fusion-title title fusion-title-1 fusion-sep-none fusion-title-text fusion-title-size-one custom-title\" style=\"--awb-margin-top-small:10px;--awb-margin-right-small:0px;--awb-margin-bottom-small:10px;--awb-margin-left-small:0px;\"><h1 class=\"fusion-title-heading title-heading-left\" style=\"margin:0;\">Cancer colorectal pr\u00e9coce<\/h1><\/div><div class=\"fusion-text fusion-text-1\"><p>Notre programme Jamais trop jeune vise \u00e0 accro\u00eetre la sensibilisation au d\u00e9but du jeune \u00e2ge et a \u00e9t\u00e9 rendu possible gr\u00e2ce aux g\u00e9n\u00e9reux dons : Le Fonds Jason, la famille Koehler et du Club Rotary de Summerland \u00e0 la m\u00e9moire de Christopher Walker.<\/p>\n<\/div><div class=\"fusion-title title fusion-title-2 fusion-sep-none fusion-title-text fusion-title-size-two\" style=\"--awb-margin-top-small:10px;--awb-margin-right-small:0px;--awb-margin-bottom-small:10px;--awb-margin-left-small:0px;\"><h2 class=\"fusion-title-heading title-heading-left\" style=\"margin:0;text-transform:var(--awb-typography1-text-transform);\">Le cancer colorectal n\u2019est pas une maladie de personnes \u00e2g\u00e9es<\/h2><\/div><div class=\"fusion-text fusion-text-2\"><p>Le taux de cancer colorectal grimpe en fl\u00e8che chez les Canadiens jeunes et d\u2019\u00e2ge moyen, alors qu\u2019il est en diminution constante chez les adultes de 55 ans et plus. Parce qu\u2019elles ne subissent pas de test de d\u00e9pistage du cancer colorectal ou parce que leur m\u00e9decin ne soup\u00e7onne pas forc\u00e9ment un cancer \u00e0 leur \u00e2ge, les personnes plus jeunes re\u00e7oivent souvent leur diagnostic \u00e0 un stade plus avanc\u00e9 de leur maladie.<\/p>\n<\/div><div class=\"fusion-title title fusion-title-3 fusion-sep-none fusion-title-text fusion-title-size-three\" style=\"--awb-margin-top-small:10px;--awb-margin-right-small:0px;--awb-margin-bottom-small:10px;--awb-margin-left-small:0px;\"><h3 class=\"fusion-title-heading title-heading-left\" style=\"margin:0;text-transform:var(--awb-typography1-text-transform);\">Cancer colorectal pr\u00e9coce<\/h3><\/div><div class=\"fusion-text fusion-text-3\"><p>Cancer colorectal Canada recommande que les personnes pr\u00e9sentant un risque moyen de cancer colorectal commencent \u00e0 subir un examen r\u00e9gulier des selles \u00e0 50 ans, et que toutes celles de 75 ans et plus discutent syst\u00e9matiquement de d\u00e9pistage avec leur m\u00e9decin. Bien que ces lignes directrices aient fait en sorte de diminuer le taux de cancer colorectal chez les gens de plus de 50 ans, on observe que ce taux augmente chez les adultes plus jeunes. Les jeunes adultes, en particulier ceux ayant des ant\u00e9c\u00e9dents familiaux de cancer colorectal, peuvent donc \u00e9galement \u00eatre \u00e0 risque de recevoir ce diagnostic.<\/p>\n<p>Alors que le taux de cancer colorectal pr\u00e9coce continue de cro\u00eetre, il devient de plus en plus essentiel de sensibiliser et d\u2019informer davantage la population au sujet du d\u00e9pistage h\u00e2tif. Vous pr\u00e9sentez des signes ou des sympt\u00f4mes ou avez des ant\u00e9c\u00e9dents familiaux de cancer colorectal ou de polypes? Il vous sera peut-\u00eatre conseill\u00e9 de commencer \u00e0 subir un d\u00e9pistage avant 50 ans. Parlez \u00e0 votre m\u00e9decin de votre plan de d\u00e9pistage du cancer colorectal personnel.<\/p>\n<\/div><\/div><\/div><\/div><\/div><div class=\"fusion-fullwidth fullwidth-box fusion-builder-row-2 fusion-flex-container has-pattern-background has-mask-background nonhundred-percent-fullwidth non-hundred-percent-height-scrolling\" style=\"--awb-border-radius-top-left:0px;--awb-border-radius-top-right:0px;--awb-border-radius-bottom-right:0px;--awb-border-radius-bottom-left:0px;--awb-padding-top:0px;--awb-padding-right:0px;--awb-padding-left:0px;--awb-background-color:#1c5687;--awb-flex-wrap:wrap;\" ><div class=\"fusion-builder-row fusion-row fusion-flex-align-items-center fusion-flex-content-wrap\" style=\"max-width:1248px;margin-left: calc(-4% \/ 2 );margin-right: calc(-4% \/ 2 );\"><div class=\"fusion-layout-column fusion_builder_column fusion-builder-column-1 fusion_builder_column_3_5 3_5 fusion-flex-column fusion-flex-align-self-center\" style=\"--awb-padding-right:4%;--awb-padding-left:6%;--awb-bg-size:cover;--awb-width-large:60%;--awb-margin-top-large:20px;--awb-spacing-right-large:8%;--awb-margin-bottom-large:20px;--awb-spacing-left-large:3.2%;--awb-width-medium:60%;--awb-order-medium:0;--awb-spacing-right-medium:8%;--awb-spacing-left-medium:3.2%;--awb-width-small:100%;--awb-order-small:0;--awb-spacing-right-small:1.92%;--awb-spacing-left-small:1.92%;\" data-scroll-devices=\"small-visibility,medium-visibility,large-visibility\"><div class=\"fusion-column-wrapper fusion-column-has-shadow fusion-flex-justify-content-flex-start fusion-content-layout-column\"><div class=\"fusion-title title fusion-title-4 fusion-sep-none fusion-title-text fusion-title-size-two\" style=\"--awb-text-color:#ffffff;--awb-margin-top-small:10px;--awb-margin-right-small:0px;--awb-margin-bottom-small:10px;--awb-margin-left-small:0px;\"><h2 class=\"fusion-title-heading title-heading-left\" style=\"margin:0;\">Le programme Jamais Trop Jeune (JTJ) de Cancer Colorectal Canada<\/h2><\/div><div class=\"fusion-text fusion-text-4\" style=\"--awb-text-color:#ffffff;\"><p>Notre programme Jamais Trop Jeune (JTJ) a pour but de sensibiliser la population au cancer colorectal pr\u00e9coce et de soutenir les jeunes qui en sont atteints. Ce programme vise \u00e0 r\u00e9duire le nombre de jeunes qui re\u00e7oivent un diagnostic de maladie avanc\u00e9e en informant les Canadiens et en sensibilisant les professionnels de la sant\u00e9. Jamais Trop Jeune s\u2019attarde \u00e0 la situation particuli\u00e8re des patients atteints d\u2019un cancer colorectal pr\u00e9coce et cherche \u00e0 r\u00e9pondre \u00e0 plusieurs de leurs besoins.<\/p>\n<\/div><div ><a class=\"fusion-button button-flat fusion-button-default-size button-custom fusion-button-default button-1 fusion-button-default-span fusion-button-default-type\" style=\"--button_accent_color:#ffffff;--button_accent_hover_color:var(--awb-color1);--button_border_hover_color:#003a5e;--button-border-radius-top-left:23px;--button-border-radius-top-right:23px;--button-border-radius-bottom-right:23px;--button-border-radius-bottom-left:23px;--button_gradient_top_color:#f35237;--button_gradient_bottom_color:#f35237;--button_gradient_top_color_hover:hsla(var(--awb-color5-h),calc(var(--awb-color5-s) - 5%),calc(var(--awb-color5-l) - 10%),var(--awb-color5-a));--button_gradient_bottom_color_hover:hsla(var(--awb-color5-h),calc(var(--awb-color5-s) - 5%),calc(var(--awb-color5-l) - 10%),var(--awb-color5-a));--button_font_size:15px;--button_typography-font-family:&quot;Open Sans&quot;;--button_typography-font-style:normal;--button_typography-font-weight:400;--button_margin-bottom:20px;\" target=\"_blank\" rel=\"noopener noreferrer\" href=\"https:\/\/www.colorectalcancercanada.com\/wp-content\/uploads\/2024\/04\/N2Y-toolkit_Fench.pdf\" id=\"custom-preview-button\"><span class=\"fusion-button-text awb-button__text awb-button__text--default\">T\u00e9l\u00e9charger notre trousse d&rsquo;outils Jamais trop jeune <\/span><\/a><\/div><div ><a class=\"fusion-button button-flat fusion-button-default-size button-custom fusion-button-default button-2 fusion-button-default-span fusion-button-default-type\" style=\"--button_accent_color:#ffffff;--button_accent_hover_color:var(--awb-color1);--button_border_hover_color:#003a5e;--button-border-radius-top-left:23px;--button-border-radius-top-right:23px;--button-border-radius-bottom-right:23px;--button-border-radius-bottom-left:23px;--button_gradient_top_color:#f35237;--button_gradient_bottom_color:#f35237;--button_gradient_top_color_hover:hsla(var(--awb-color5-h),calc(var(--awb-color5-s) - 5%),calc(var(--awb-color5-l) - 10%),var(--awb-color5-a));--button_gradient_bottom_color_hover:hsla(var(--awb-color5-h),calc(var(--awb-color5-s) - 5%),calc(var(--awb-color5-l) - 10%),var(--awb-color5-a));--button_font_size:15px;--button_typography-font-family:&quot;Open Sans&quot;;--button_typography-font-style:normal;--button_typography-font-weight:400;\" target=\"_self\" href=\"https:\/\/www.colorectalcancercanada.com\/fr\/ce-que-nous-faisons\/programmes\/jamais-trop-jeune\/\" id=\"custom-preview-button\"><span class=\"fusion-button-text awb-button__text awb-button__text--default\">Pour en savoir plus sur notre programme Jamais trop jeune <\/span><\/a><\/div><\/div><\/div><div class=\"fusion-layout-column fusion_builder_column fusion-builder-column-2 fusion_builder_column_2_5 2_5 fusion-flex-column fusion-no-small-visibility cutsom-height\" style=\"--awb-bg-image:url(&#039;https:\/\/www.colorectalcancercanada.com\/wp-content\/uploads\/2024\/02\/2.jpg&#039;);--awb-bg-position:center center;--awb-bg-size:cover;--awb-width-large:40%;--awb-margin-top-large:0px;--awb-spacing-right-large:0px;--awb-margin-bottom-large:0px;--awb-spacing-left-large:0px;--awb-width-medium:40%;--awb-order-medium:0;--awb-spacing-right-medium:0px;--awb-spacing-left-medium:0px;--awb-width-small:100%;--awb-order-small:0;--awb-spacing-right-small:1.92%;--awb-spacing-left-small:1.92%;\" data-scroll-devices=\"small-visibility,medium-visibility,large-visibility\"><div class=\"fusion-column-wrapper fusion-column-has-shadow fusion-flex-justify-content-flex-start fusion-content-layout-column fusion-empty-column-bg-image fusion-column-has-bg-image\" data-bg-url=\"https:\/\/www.colorectalcancercanada.com\/wp-content\/uploads\/2024\/02\/2.jpg\"><img decoding=\"async\" class=\"fusion-empty-dims-img-placeholder\" alt=\"jamais trop jeune\" aria-label=\"jamais trop jeune\" src=\"data:image\/svg+xml,%3Csvg%20xmlns%3D%27http%3A%2F%2Fwww.w3.org%2F2000%2Fsvg%27%20width%3D%271080%27%20height%3D%271080%27%20viewBox%3D%270%200%201080%201080%27%3E%3Crect%20width%3D%271080%27%20height%3D%271080%27%20fill-opacity%3D%220%22%2F%3E%3C%2Fsvg%3E\"><\/div><\/div><\/div><\/div><div class=\"fusion-fullwidth fullwidth-box fusion-builder-row-3 fusion-flex-container has-pattern-background has-mask-background nonhundred-percent-fullwidth non-hundred-percent-height-scrolling\" style=\"--awb-border-radius-top-left:0px;--awb-border-radius-top-right:0px;--awb-border-radius-bottom-right:0px;--awb-border-radius-bottom-left:0px;--awb-margin-top:20px;--awb-flex-wrap:wrap;\" ><div class=\"fusion-builder-row fusion-row fusion-flex-align-items-flex-start fusion-flex-content-wrap\" style=\"max-width:1248px;margin-left: calc(-4% \/ 2 );margin-right: calc(-4% \/ 2 );\"><div class=\"fusion-layout-column fusion_builder_column fusion-builder-column-3 fusion_builder_column_1_1 1_1 fusion-flex-column\" style=\"--awb-bg-size:cover;--awb-width-large:100%;--awb-margin-top-large:0px;--awb-spacing-right-large:1.92%;--awb-margin-bottom-large:20px;--awb-spacing-left-large:1.92%;--awb-width-medium:100%;--awb-order-medium:0;--awb-spacing-right-medium:1.92%;--awb-spacing-left-medium:1.92%;--awb-width-small:100%;--awb-order-small:0;--awb-spacing-right-small:1.92%;--awb-spacing-left-small:1.92%;\" data-scroll-devices=\"small-visibility,medium-visibility,large-visibility\"><div class=\"fusion-column-wrapper fusion-column-has-shadow fusion-flex-justify-content-flex-start fusion-content-layout-column\"><div class=\"fusion-title title fusion-title-5 fusion-sep-none fusion-title-text fusion-title-size-two\" style=\"--awb-margin-top:30px;--awb-margin-top-small:10px;--awb-margin-right-small:0px;--awb-margin-bottom-small:10px;--awb-margin-left-small:0px;\"><h2 class=\"fusion-title-heading title-heading-left\" style=\"margin:0;text-transform:var(--awb-typography1-text-transform);\">Pr\u00e9venir le cancer colorectal en tant que jeune adulte<\/h2><\/div><div class=\"fusion-text fusion-text-5\"><p>Il importe d\u2019agir rapidement pour pr\u00e9venir le cancer colorectal. Bien qu\u2019il n\u2019existe aucun moyen infaillible de pr\u00e9venir le cancer, il vous est possible de poser certains gestes pour r\u00e9duire votre risque. Parmi ces gestes, on note le fait de ne pas fumer, de limiter sa consommation d\u2019alcool et de maintenir un poids sant\u00e9 gr\u00e2ce \u00e0 de saines habitudes alimentaires et \u00e0 la pratique r\u00e9guli\u00e8re d\u2019une activit\u00e9 physique.<\/p>\n<\/div><div ><a class=\"fusion-button button-flat fusion-button-default-size button-custom fusion-button-default button-3 fusion-button-default-span fusion-button-default-type\" style=\"--button_accent_color:#ffffff;--button_accent_hover_color:var(--awb-color1);--button_border_hover_color:#003a5e;--button-border-radius-top-left:23px;--button-border-radius-top-right:23px;--button-border-radius-bottom-right:23px;--button-border-radius-bottom-left:23px;--button_gradient_top_color:#f35237;--button_gradient_bottom_color:#f35237;--button_gradient_top_color_hover:hsla(var(--awb-color5-h),calc(var(--awb-color5-s) - 5%),calc(var(--awb-color5-l) - 10%),var(--awb-color5-a));--button_gradient_bottom_color_hover:hsla(var(--awb-color5-h),calc(var(--awb-color5-s) - 5%),calc(var(--awb-color5-l) - 10%),var(--awb-color5-a));--button_font_size:15px;--button_typography-font-family:&quot;Open Sans&quot;;--button_typography-font-style:normal;--button_typography-font-weight:400;\" target=\"_self\" href=\"https:\/\/www.colorectalcancercanada.com\/fr\/depistage\/apercu-prevention\/\" id=\"custom-preview-button\"><span class=\"fusion-button-text awb-button__text awb-button__text--default\">Apprenez-en plus sur la pr\u00e9vention<\/span><\/a><\/div><div class=\"fusion-title title fusion-title-6 fusion-sep-none fusion-title-text fusion-title-size-three\" style=\"--awb-margin-top:30px;--awb-margin-top-small:30px;--awb-margin-right-small:0px;--awb-margin-bottom-small:10px;--awb-margin-left-small:0px;\"><h3 class=\"fusion-title-heading title-heading-left\" style=\"margin:0;text-transform:var(--awb-typography1-text-transform);\">Connaissez votre risque<\/h3><\/div><div class=\"fusion-text fusion-text-6\"><p>Environ 30 % des cas de cancer colorectal pr\u00e9coce surviennent chez des personnes ayant des ant\u00e9c\u00e9dents familiaux de la maladie ou une pr\u00e9disposition g\u00e9n\u00e9tique \u00e0 cette derni\u00e8re. N\u2019h\u00e9sitez donc pas \u00e0 discuter avec les membres de votre famille de leurs ant\u00e9c\u00e9dents m\u00e9dicaux. Des affections h\u00e9r\u00e9ditaires comme le syndrome de Lynch et la polypose ad\u00e9nomateuse familiale (PAF) augmentent le risque qu\u2019une personne d\u00e9veloppe un cancer colorectal. Parlez \u00e0 votre m\u00e9decin de l\u2019\u00e9valuation de votre risque g\u00e9n\u00e9tique et de l\u2019\u00e9laboration de votre plan de d\u00e9pistage personnel.<\/p>\n<\/div><div ><a class=\"fusion-button button-flat fusion-button-default-size button-custom fusion-button-default button-4 fusion-button-default-span fusion-button-default-type\" style=\"--button_accent_color:#ffffff;--button_accent_hover_color:var(--awb-color1);--button_border_hover_color:#003a5e;--button-border-radius-top-left:23px;--button-border-radius-top-right:23px;--button-border-radius-bottom-right:23px;--button-border-radius-bottom-left:23px;--button_gradient_top_color:#f35237;--button_gradient_bottom_color:#f35237;--button_gradient_top_color_hover:hsla(var(--awb-color5-h),calc(var(--awb-color5-s) - 5%),calc(var(--awb-color5-l) - 10%),var(--awb-color5-a));--button_gradient_bottom_color_hover:hsla(var(--awb-color5-h),calc(var(--awb-color5-s) - 5%),calc(var(--awb-color5-l) - 10%),var(--awb-color5-a));--button_font_size:15px;--button_typography-font-family:&quot;Open Sans&quot;;--button_typography-font-style:normal;--button_typography-font-weight:400;\" target=\"_blank\" rel=\"noopener noreferrer\" href=\"https:\/\/www.colorectalcancercanada.com\/wp-content\/uploads\/2023\/07\/CRC-Family-History-Chart_N2Y-June-2019_EN.pdf\" id=\"custom-preview-button\"><span class=\"fusion-button-text awb-button__text awb-button__text--default\">Consultez notre outil sur les ant\u00e9c\u00e9dents familiaux<\/span><\/a><\/div><div class=\"fusion-text fusion-text-7\" style=\"--awb-margin-top:20px;\"><p>Les personnes atteintes de colite ulc\u00e9reuse ou de la maladie de Crohn pr\u00e9sentent \u00e9galement un risque plus \u00e9lev\u00e9 de cancer colorectal. Un ensemble de facteurs li\u00e9s au mode de vie sont aussi susceptibles de contribuer \u00e0 l\u2019accroissement des cas de cancer colorectal chez les plus jeunes. Parmi ces facteurs, on note l\u2019augmentation du nombre de personnes en surpoids ou ob\u00e8ses, l\u2019augmentation du taux de diab\u00e8te, une alimentation riche en viande rouge et pauvre en fibres, un style de vie s\u00e9dentaire, l\u2019usage du tabac et une consommation \u00e9lev\u00e9e d\u2019alcool.<\/p>\n<\/div><div class=\"fusion-title title fusion-title-7 fusion-sep-none fusion-title-text fusion-title-size-three\" style=\"--awb-margin-top-small:10px;--awb-margin-right-small:0px;--awb-margin-bottom-small:10px;--awb-margin-left-small:0px;\"><h3 class=\"fusion-title-heading title-heading-left\" style=\"margin:0;text-transform:var(--awb-typography1-text-transform);\">Sympt\u00f4mes<\/h3><\/div><div class=\"fusion-text fusion-text-8\"><p>La plupart des personnes plus jeunes ne seront pas atteintes d\u2019un cancer colorectal, et d\u00e9couvriront que les sympt\u00f4mes qu\u2019ils pr\u00e9sentent ne sont pas li\u00e9s \u00e0 cette maladie. Il est tout de m\u00eame primordial que les individus qui d\u00e9veloppent des sympt\u00f4mes \u2013 parmi lesquels les saignements rectaux et les changements dans les habitudes d\u2019\u00e9vacuation des selles \u2013 connaissent le cancer colorectal et en parlent \u00e0 leur m\u00e9decin.<\/p>\n<p>Parlez \u00e0 votre m\u00e9decin si vous pr\u00e9sentez l\u2019un ou l\u2019autre de ces sympt\u00f4mes :<\/p>\n<\/div><div class=\"fusion-builder-row fusion-builder-row-inner fusion-row fusion-flex-align-items-flex-start fusion-flex-content-wrap\" style=\"--awb-flex-grow:0;--awb-flex-grow-medium:0;--awb-flex-grow-small:0;--awb-flex-shrink:0;--awb-flex-shrink-medium:0;--awb-flex-shrink-small:0;width:104% !important;max-width:104% !important;margin-left: calc(-4% \/ 2 );margin-right: calc(-4% \/ 2 );\"><div class=\"fusion-layout-column fusion_builder_column_inner fusion-builder-nested-column-0 fusion_builder_column_inner_1_2 1_2 fusion-flex-column\" style=\"--awb-bg-size:cover;--awb-width-large:50%;--awb-margin-top-large:0px;--awb-spacing-right-large:3.84%;--awb-margin-bottom-large:20px;--awb-spacing-left-large:3.84%;--awb-width-medium:50%;--awb-order-medium:0;--awb-spacing-right-medium:3.84%;--awb-spacing-left-medium:3.84%;--awb-width-small:100%;--awb-order-small:0;--awb-spacing-right-small:1.92%;--awb-spacing-left-small:1.92%;\"><div class=\"fusion-column-wrapper fusion-column-has-shadow fusion-flex-justify-content-flex-start fusion-content-layout-column\"><ul style=\"--awb-size:24px;--awb-iconcolor:#3b74a7;--awb-line-height:40.8px;--awb-icon-width:40.8px;--awb-icon-height:40.8px;--awb-icon-margin:16.8px;--awb-content-margin:57.6px;\" class=\"fusion-checklist fusion-checklist-1 fusion-checklist-default type-icons\"><li class=\"fusion-li-item\" style=\"\"><span class=\"icon-wrapper circle-no\"><i class=\"fusion-li-icon fa-check fas\" aria-hidden=\"true\"><\/i><\/span><div class=\"fusion-li-item-content\">Changement dans les habitudes d\u2019\u00e9vacuation des selles, comme une diarrh\u00e9e ou une constipation prolong\u00e9es<\/div><\/li><li class=\"fusion-li-item\" style=\"\"><span class=\"icon-wrapper circle-no\"><i class=\"fusion-li-icon fa-check fas\" aria-hidden=\"true\"><\/i><\/span><div class=\"fusion-li-item-content\">Saignements rectaux ou pr\u00e9sence de sang dans les selles<\/div><\/li><li class=\"fusion-li-item\" style=\"\"><span class=\"icon-wrapper circle-no\"><i class=\"fusion-li-icon fa-check fas\" aria-hidden=\"true\"><\/i><\/span><div class=\"fusion-li-item-content\">Selles plus \u00e9troites qu\u2019\u00e0 l\u2019habitude<\/div><\/li><\/ul><\/div><\/div><div class=\"fusion-layout-column fusion_builder_column_inner fusion-builder-nested-column-1 fusion_builder_column_inner_1_2 1_2 fusion-flex-column\" style=\"--awb-bg-size:cover;--awb-width-large:50%;--awb-margin-top-large:0px;--awb-spacing-right-large:3.84%;--awb-margin-bottom-large:20px;--awb-spacing-left-large:3.84%;--awb-width-medium:50%;--awb-order-medium:0;--awb-spacing-right-medium:3.84%;--awb-spacing-left-medium:3.84%;--awb-width-small:100%;--awb-order-small:0;--awb-spacing-right-small:1.92%;--awb-spacing-left-small:1.92%;\"><div class=\"fusion-column-wrapper fusion-column-has-shadow fusion-flex-justify-content-flex-start fusion-content-layout-column\"><ul style=\"--awb-size:24px;--awb-iconcolor:#3b74a7;--awb-line-height:40.8px;--awb-icon-width:40.8px;--awb-icon-height:40.8px;--awb-icon-margin:16.8px;--awb-content-margin:57.6px;\" class=\"fusion-checklist fusion-checklist-2 fusion-checklist-default type-icons\"><li class=\"fusion-li-item\" style=\"\"><span class=\"icon-wrapper circle-no\"><i class=\"fusion-li-icon fa-check fas\" aria-hidden=\"true\"><\/i><\/span><div class=\"fusion-li-item-content\">Fatigue ou an\u00e9mie constantes<\/div><\/li><li class=\"fusion-li-item\" style=\"\"><span class=\"icon-wrapper circle-no\"><i class=\"fusion-li-icon fa-check fas\" aria-hidden=\"true\"><\/i><\/span><div class=\"fusion-li-item-content\">Perte ou gain de poids soudains et inexpliqu\u00e9s<\/div><\/li><\/ul><\/div><\/div><\/div><div class=\"fusion-title title fusion-title-8 fusion-sep-none fusion-title-text fusion-title-size-two\" style=\"--awb-margin-top:20px;--awb-margin-top-small:10px;--awb-margin-right-small:0px;--awb-margin-bottom-small:10px;--awb-margin-left-small:0px;\"><h2 class=\"fusion-title-heading title-heading-left\" style=\"margin:0;text-transform:var(--awb-typography1-text-transform);\">La d\u00e9tection pr\u00e9coce sauve des vies<\/h2><\/div><div class=\"fusion-text fusion-text-9\"><p>Bien que le risque de d\u00e9velopper un cancer colorectal augmente avec l\u2019\u00e2ge, les jeunes adultes peuvent \u00e9galement \u00eatre atteints d\u2019un cancer colorectal pr\u00e9coce et devraient donc subir r\u00e9guli\u00e8rement des tests de d\u00e9pistage pr\u00e9ventifs. Il existe diverses formes de tests de d\u00e9pistage, parmi lesquelles la coloscopie, la sigmo\u00efdoscopie \u00e0 sonde souple et le test f\u00e9cal immunochimique.<\/p>\n<\/div><div ><a class=\"fusion-button button-flat fusion-button-default-size button-custom fusion-button-default button-5 fusion-button-default-span fusion-button-default-type\" style=\"--button_accent_color:#ffffff;--button_accent_hover_color:var(--awb-color1);--button_border_hover_color:#003a5e;--button-border-radius-top-left:23px;--button-border-radius-top-right:23px;--button-border-radius-bottom-right:23px;--button-border-radius-bottom-left:23px;--button_gradient_top_color:#f35237;--button_gradient_bottom_color:#f35237;--button_gradient_top_color_hover:hsla(var(--awb-color5-h),calc(var(--awb-color5-s) - 5%),calc(var(--awb-color5-l) - 10%),var(--awb-color5-a));--button_gradient_bottom_color_hover:hsla(var(--awb-color5-h),calc(var(--awb-color5-s) - 5%),calc(var(--awb-color5-l) - 10%),var(--awb-color5-a));--button_font_size:15px;--button_typography-font-family:&quot;Open Sans&quot;;--button_typography-font-style:normal;--button_typography-font-weight:400;\" target=\"_blank\" rel=\"noopener noreferrer\" href=\"https:\/\/www.colorectalcancercanada.com\/fr\/depistage\/depistage-cancer-colorectal\/\" id=\"custom-preview-button\"><span class=\"fusion-button-text awb-button__text awb-button__text--default\">Apprenez-en plus sur les diverses options de d\u00e9pistage<\/span><\/a><\/div><\/div><\/div><\/div><\/div><\/p>\n","protected":false},"excerpt":{"rendered":"","protected":false},"author":1,"featured_media":11802,"parent":481,"menu_order":2,"comment_status":"closed","ping_status":"closed","template":"100-width.php","meta":{"_price":"","_stock":"","_tribe_ticket_header":"","_tribe_default_ticket_provider":"","_tribe_ticket_capacity":"0","_ticket_start_date":"","_ticket_end_date":"","_tribe_ticket_show_description":"","_tribe_ticket_show_not_going":false,"_tribe_ticket_use_global_stock":"","_tribe_ticket_global_stock_level":"","_global_stock_mode":"","_global_stock_cap":"","_tribe_rsvp_for_event":"","_tribe_ticket_going_count":"","_tribe_ticket_not_going_count":"","_tribe_tickets_list":"[]","_tribe_ticket_has_attendee_info_fields":false,"footnotes":"","_tec_slr_enabled":"","_tec_slr_layout":""},"class_list":["post-880","page","type-page","status-publish","has-post-thumbnail","hentry"],"ticketed":false,"_links":{"self":[{"href":"https:\/\/www.colorectalcancercanada.com\/fr\/wp-json\/wp\/v2\/pages\/880","targetHints":{"allow":["GET"]}}],"collection":[{"href":"https:\/\/www.colorectalcancercanada.com\/fr\/wp-json\/wp\/v2\/pages"}],"about":[{"href":"https:\/\/www.colorectalcancercanada.com\/fr\/wp-json\/wp\/v2\/types\/page"}],"author":[{"embeddable":true,"href":"https:\/\/www.colorectalcancercanada.com\/fr\/wp-json\/wp\/v2\/users\/1"}],"replies":[{"embeddable":true,"href":"https:\/\/www.colorectalcancercanada.com\/fr\/wp-json\/wp\/v2\/comments?post=880"}],"version-history":[{"count":0,"href":"https:\/\/www.colorectalcancercanada.com\/fr\/wp-json\/wp\/v2\/pages\/880\/revisions"}],"up":[{"embeddable":true,"href":"https:\/\/www.colorectalcancercanada.com\/fr\/wp-json\/wp\/v2\/pages\/481"}],"wp:featuredmedia":[{"embeddable":true,"href":"https:\/\/www.colorectalcancercanada.com\/fr\/wp-json\/wp\/v2\/media\/11802"}],"wp:attachment":[{"href":"https:\/\/www.colorectalcancercanada.com\/fr\/wp-json\/wp\/v2\/media?parent=880"}],"curies":[{"name":"wp","href":"https:\/\/api.w.org\/{rel}","templated":true}]}}