 {"id":879,"date":"2023-07-12T10:43:52","date_gmt":"2023-07-12T10:43:52","guid":{"rendered":"https:\/\/colorectalcc.wpengine.com\/?page_id=879"},"modified":"2025-02-21T15:20:22","modified_gmt":"2025-02-21T15:20:22","slug":"comment-le-cancer-colorectal-est-il-diagnostique","status":"publish","type":"page","link":"https:\/\/www.colorectalcancercanada.com\/fr\/cancer-colorectal\/comment-le-cancer-colorectal-est-il-diagnostique\/","title":{"rendered":"Comment le Cancer Colorectal est-il diagnostiqu\u00e9 ?"},"content":{"rendered":"<div class=\"fusion-fullwidth fullwidth-box fusion-builder-row-1 fusion-flex-container has-pattern-background has-mask-background nonhundred-percent-fullwidth non-hundred-percent-height-scrolling\" style=\"--awb-border-radius-top-left:0px;--awb-border-radius-top-right:0px;--awb-border-radius-bottom-right:0px;--awb-border-radius-bottom-left:0px;--awb-margin-bottom:20px;--awb-flex-wrap:wrap;\" ><div class=\"fusion-builder-row fusion-row fusion-flex-align-items-center fusion-flex-content-wrap\" style=\"max-width:1248px;margin-left: calc(-4% \/ 2 );margin-right: calc(-4% \/ 2 );\"><div class=\"fusion-layout-column fusion_builder_column fusion-builder-column-0 fusion_builder_column_1_1 1_1 fusion-flex-column\" style=\"--awb-bg-size:cover;--awb-width-large:100%;--awb-margin-top-large:0px;--awb-spacing-right-large:1.92%;--awb-margin-bottom-large:20px;--awb-spacing-left-large:1.92%;--awb-width-medium:100%;--awb-order-medium:0;--awb-spacing-right-medium:1.92%;--awb-spacing-left-medium:1.92%;--awb-width-small:100%;--awb-order-small:0;--awb-spacing-right-small:1.92%;--awb-spacing-left-small:1.92%;\"><div class=\"fusion-column-wrapper fusion-column-has-shadow fusion-flex-justify-content-flex-start fusion-content-layout-column\"><div class=\"fusion-title title fusion-title-1 fusion-sep-none fusion-title-text fusion-title-size-one custom-title\" style=\"--awb-margin-top-small:10px;--awb-margin-right-small:0px;--awb-margin-bottom-small:10px;--awb-margin-left-small:0px;\"><h1 class=\"fusion-title-heading title-heading-left\" style=\"margin:0;text-transform:uppercase;\">COMMENT LE CANCER COLORECTAL EST-IL DIAGNOSTIQU\u00c9 ?<\/h1><\/div><div class=\"fusion-text fusion-text-1\"><p>Si un test de d\u00e9pistage tel que le Test immunochimique de recherche de sang occulte dans les selles (RSOSi) a donn\u00e9 des r\u00e9sultats anormaux, ou si vous pr\u00e9sentez des sympt\u00f4mes, des tests suppl\u00e9mentaires sont n\u00e9cessaires afin de v\u00e9rifier la pr\u00e9sence d&rsquo;un cancer colorectal. Une fois que tous les r\u00e9sultats auront \u00e9t\u00e9 rassembl\u00e9s, votre m\u00e9decin les examinera avec vous.<\/p>\n<p>Un ou plusieurs des tests et proc\u00e9dures suivants seront effectu\u00e9s pour \u00e9carter ou diagnostiquer un cancer colorectal :<\/p>\n<\/div><\/div><\/div><div class=\"fusion-layout-column fusion_builder_column fusion-builder-column-1 fusion_builder_column_3_4 3_4 fusion-flex-column\" style=\"--awb-bg-size:cover;--awb-width-large:75%;--awb-margin-top-large:0px;--awb-spacing-right-large:2.56%;--awb-margin-bottom-large:20px;--awb-spacing-left-large:2.56%;--awb-width-medium:75%;--awb-order-medium:0;--awb-spacing-right-medium:2.56%;--awb-spacing-left-medium:2.56%;--awb-width-small:100%;--awb-order-small:0;--awb-spacing-right-small:1.92%;--awb-spacing-left-small:1.92%;\"><div class=\"fusion-column-wrapper fusion-column-has-shadow fusion-flex-justify-content-flex-start fusion-content-layout-column\"><div class=\"fusion-title title fusion-title-2 fusion-sep-none fusion-title-text fusion-title-size-four\" style=\"--awb-margin-top-small:10px;--awb-margin-right-small:0px;--awb-margin-bottom-small:10px;--awb-margin-left-small:0px;\"><h4 class=\"fusion-title-heading title-heading-left\" style=\"margin:0;\">La coloscopie<\/h4><\/div><div class=\"fusion-text fusion-text-2\"><p>Un endoscopiste utilise un tube flexible (coloscope) muni d&rsquo;une petite lampe et d&rsquo;une cam\u00e9ra \u00e0 l&rsquo;une de ses extr\u00e9mit\u00e9s pour examiner l&rsquo;int\u00e9rieur de votre gros intestin (c\u00f4lon et rectum) sur toute sa longueur. Si des tissus anormaux sont d\u00e9tect\u00e9s, des \u00e9chantillons seront pr\u00e9lev\u00e9s et envoy\u00e9s pour une biopsie.<\/p>\n<\/div><\/div><\/div><div class=\"fusion-layout-column fusion_builder_column fusion-builder-column-2 fusion_builder_column_1_4 1_4 fusion-flex-column fusion-flex-align-self-center\" style=\"--awb-bg-size:cover;--awb-width-large:25%;--awb-margin-top-large:0px;--awb-spacing-right-large:7.68%;--awb-margin-bottom-large:20px;--awb-spacing-left-large:7.68%;--awb-width-medium:25%;--awb-order-medium:0;--awb-spacing-right-medium:7.68%;--awb-spacing-left-medium:7.68%;--awb-width-small:100%;--awb-order-small:0;--awb-spacing-right-small:1.92%;--awb-spacing-left-small:1.92%;\" data-scroll-devices=\"small-visibility,medium-visibility,large-visibility\"><div class=\"fusion-column-wrapper fusion-column-has-shadow fusion-flex-justify-content-flex-start fusion-content-layout-column\"><div class=\"fusion-image-element \" style=\"--awb-caption-title-font-family:var(--h2_typography-font-family);--awb-caption-title-font-weight:var(--h2_typography-font-weight);--awb-caption-title-font-style:var(--h2_typography-font-style);--awb-caption-title-size:var(--h2_typography-font-size);--awb-caption-title-transform:var(--h2_typography-text-transform);--awb-caption-title-line-height:var(--h2_typography-line-height);--awb-caption-title-letter-spacing:var(--h2_typography-letter-spacing);\"><span class=\" fusion-imageframe imageframe-none imageframe-1 hover-type-none\"><img decoding=\"async\" width=\"550\" height=\"613\" alt=\"muschealth\" title=\"MicrosoftTeams-image (8)\" src=\"https:\/\/www.colorectalcancercanada.com\/wp-content\/uploads\/2023\/07\/MicrosoftTeams-image-8.jpg\" class=\"img-responsive wp-image-8500\" srcset=\"https:\/\/www.colorectalcancercanada.com\/wp-content\/uploads\/2023\/07\/MicrosoftTeams-image-8-200x223.jpg 200w, https:\/\/www.colorectalcancercanada.com\/wp-content\/uploads\/2023\/07\/MicrosoftTeams-image-8-400x446.jpg 400w, https:\/\/www.colorectalcancercanada.com\/wp-content\/uploads\/2023\/07\/MicrosoftTeams-image-8.jpg 550w\" sizes=\"(max-width: 640px) 100vw, 400px\" \/><\/span><\/div><\/div><\/div><div class=\"fusion-layout-column fusion_builder_column fusion-builder-column-3 fusion_builder_column_1_2 1_2 fusion-flex-column\" style=\"--awb-bg-size:cover;--awb-width-large:50%;--awb-margin-top-large:0px;--awb-spacing-right-large:3.84%;--awb-margin-bottom-large:20px;--awb-spacing-left-large:3.84%;--awb-width-medium:50%;--awb-order-medium:0;--awb-spacing-right-medium:3.84%;--awb-spacing-left-medium:3.84%;--awb-width-small:100%;--awb-order-small:0;--awb-spacing-right-small:1.92%;--awb-spacing-left-small:1.92%;\"><div class=\"fusion-column-wrapper fusion-column-has-shadow fusion-flex-justify-content-flex-start fusion-content-layout-column\"><div class=\"accordian fusion-accordian\" style=\"--awb-border-size:1px;--awb-icon-size:16px;--awb-content-font-size:20px;--awb-icon-alignment:left;--awb-hover-color:var(--awb-color2);--awb-border-color:#004b79;--awb-background-color:var(--awb-color1);--awb-divider-color:var(--awb-color3);--awb-divider-hover-color:var(--awb-color3);--awb-icon-color:var(--awb-color1);--awb-title-color:#004b79;--awb-content-color:#666666;--awb-icon-box-color:#004b79;--awb-toggle-hover-accent-color:#f35237;--awb-toggle-active-accent-color:#f35237;--awb-title-font-family:&quot;BrandonGrotesque-Medium&quot;;--awb-title-font-weight:400;--awb-title-font-style:normal;--awb-title-font-size:24px;--awb-title-line-height:2rem;--awb-content-font-family:&quot;BrandonGrotesque-Regular&quot;;--awb-content-font-style:normal;--awb-content-font-weight:400;\"><div class=\"panel-group fusion-toggle-icon-boxed\" id=\"accordion-879-1\"><div class=\"fusion-panel panel-default panel-8c63dfd65d32acc05 fusion-toggle-no-divider fusion-toggle-boxed-mode\" style=\"--awb-title-color:var(--awb-color8);--awb-content-color:var(--awb-color8);\"><div class=\"panel-heading\"><h5 class=\"panel-title toggle\" id=\"toggle_8c63dfd65d32acc05\"><a aria-expanded=\"false\" aria-controls=\"8c63dfd65d32acc05\" role=\"button\" data-toggle=\"collapse\" data-parent=\"#accordion-879-1\" data-target=\"#8c63dfd65d32acc05\" href=\"#8c63dfd65d32acc05\"><span class=\"fusion-toggle-icon-wrapper\" aria-hidden=\"true\"><i class=\"fa-fusion-box active-icon awb-icon-minus\" aria-hidden=\"true\"><\/i><i class=\"fa-fusion-box inactive-icon awb-icon-plus\" aria-hidden=\"true\"><\/i><\/span><span class=\"fusion-toggle-heading\">La biopsie<\/span><\/a><\/h5><\/div><div id=\"8c63dfd65d32acc05\" class=\"panel-collapse collapse \" aria-labelledby=\"toggle_8c63dfd65d32acc05\"><div class=\"panel-body toggle-content fusion-clearfix\">Une biopsie est effectu\u00e9e par un pathologiste sur un \u00e9chantillon de tissu de votre c\u00f4lon ou de votre rectum qui est g\u00e9n\u00e9ralement pr\u00e9lev\u00e9 au cours d&rsquo;une coloscopie. La biopsie permet d&rsquo;analyser le tissu en laboratoire afin de d\u00e9terminer si des cellules canc\u00e9reuses sont pr\u00e9sentes.<\/div><\/div><\/div><div class=\"fusion-panel panel-default panel-8e60339581e9c9e07 fusion-toggle-no-divider fusion-toggle-boxed-mode\" style=\"--awb-title-color:var(--awb-color8);--awb-content-color:var(--awb-color8);\"><div class=\"panel-heading\"><h5 class=\"panel-title toggle\" id=\"toggle_8e60339581e9c9e07\"><a aria-expanded=\"false\" aria-controls=\"8e60339581e9c9e07\" role=\"button\" data-toggle=\"collapse\" data-parent=\"#accordion-879-1\" data-target=\"#8e60339581e9c9e07\" href=\"#8e60339581e9c9e07\"><span class=\"fusion-toggle-icon-wrapper\" aria-hidden=\"true\"><i class=\"fa-fusion-box active-icon awb-icon-minus\" aria-hidden=\"true\"><\/i><i class=\"fa-fusion-box inactive-icon awb-icon-plus\" aria-hidden=\"true\"><\/i><\/span><span class=\"fusion-toggle-heading\">La sigmo\u00efdoscopie flexible<\/span><\/a><\/h5><\/div><div id=\"8e60339581e9c9e07\" class=\"panel-collapse collapse \" aria-labelledby=\"toggle_8e60339581e9c9e07\"><div class=\"panel-body toggle-content fusion-clearfix\">Semblable \u00e0 la coloscopie, sauf qu&rsquo;au lieu de visualiser l&rsquo;ensemble du c\u00f4lon, la sigmo\u00efdoscopie n&rsquo;examine que la partie inf\u00e9rieure du c\u00f4lon (c\u00f4lon sigmo\u00efde) et le rectum.<\/div><\/div><\/div><\/div><\/div><\/div><\/div><div class=\"fusion-layout-column fusion_builder_column fusion-builder-column-4 fusion_builder_column_1_2 1_2 fusion-flex-column\" style=\"--awb-bg-size:cover;--awb-width-large:50%;--awb-margin-top-large:0px;--awb-spacing-right-large:3.84%;--awb-margin-bottom-large:20px;--awb-spacing-left-large:3.84%;--awb-width-medium:50%;--awb-order-medium:0;--awb-spacing-right-medium:3.84%;--awb-spacing-left-medium:3.84%;--awb-width-small:100%;--awb-order-small:0;--awb-spacing-right-small:1.92%;--awb-spacing-left-small:1.92%;\"><div class=\"fusion-column-wrapper fusion-column-has-shadow fusion-flex-justify-content-flex-start fusion-content-layout-column\"><div class=\"accordian fusion-accordian\" style=\"--awb-border-size:1px;--awb-icon-size:16px;--awb-content-font-size:20px;--awb-icon-alignment:left;--awb-hover-color:var(--awb-color2);--awb-border-color:#004b79;--awb-background-color:var(--awb-color1);--awb-divider-color:var(--awb-color3);--awb-divider-hover-color:var(--awb-color3);--awb-icon-color:var(--awb-color1);--awb-title-color:#004b79;--awb-content-color:#666666;--awb-icon-box-color:#004b79;--awb-toggle-hover-accent-color:#f35237;--awb-toggle-active-accent-color:#f35237;--awb-title-font-family:&quot;BrandonGrotesque-Medium&quot;;--awb-title-font-weight:400;--awb-title-font-style:normal;--awb-title-font-size:24px;--awb-title-line-height:2rem;--awb-content-font-family:&quot;BrandonGrotesque-Regular&quot;;--awb-content-font-style:normal;--awb-content-font-weight:400;\"><div class=\"panel-group fusion-toggle-icon-boxed\" id=\"accordion-879-2\"><div class=\"fusion-panel panel-default panel-607dc70fa7df390c9 fusion-toggle-no-divider fusion-toggle-boxed-mode\" style=\"--awb-title-color:var(--awb-color8);--awb-content-color:var(--awb-color8);\"><div class=\"panel-heading\"><h5 class=\"panel-title toggle\" id=\"toggle_607dc70fa7df390c9\"><a aria-expanded=\"false\" aria-controls=\"607dc70fa7df390c9\" role=\"button\" data-toggle=\"collapse\" data-parent=\"#accordion-879-2\" data-target=\"#607dc70fa7df390c9\" href=\"#607dc70fa7df390c9\"><span class=\"fusion-toggle-icon-wrapper\" aria-hidden=\"true\"><i class=\"fa-fusion-box active-icon awb-icon-minus\" aria-hidden=\"true\"><\/i><i class=\"fa-fusion-box inactive-icon awb-icon-plus\" aria-hidden=\"true\"><\/i><\/span><span class=\"fusion-toggle-heading\">Le toucher rectal<\/span><\/a><\/h5><\/div><div id=\"607dc70fa7df390c9\" class=\"panel-collapse collapse \" aria-labelledby=\"toggle_607dc70fa7df390c9\"><div class=\"panel-body toggle-content fusion-clearfix\">Il s&rsquo;agit d&rsquo;un examen du rectum, au cours duquel le m\u00e9decin palpe l&rsquo;int\u00e9rieur du rectum \u00e0 l&rsquo;aide de son doigt.<\/div><\/div><\/div><div class=\"fusion-panel panel-default panel-6a9e8ba84a587e747 fusion-toggle-no-divider fusion-toggle-boxed-mode\" style=\"--awb-title-color:var(--awb-color8);--awb-content-color:var(--awb-color8);\"><div class=\"panel-heading\"><h5 class=\"panel-title toggle\" id=\"toggle_6a9e8ba84a587e747\"><a aria-expanded=\"false\" aria-controls=\"6a9e8ba84a587e747\" role=\"button\" data-toggle=\"collapse\" data-parent=\"#accordion-879-2\" data-target=\"#6a9e8ba84a587e747\" href=\"#6a9e8ba84a587e747\"><span class=\"fusion-toggle-icon-wrapper\" aria-hidden=\"true\"><i class=\"fa-fusion-box active-icon awb-icon-minus\" aria-hidden=\"true\"><\/i><i class=\"fa-fusion-box inactive-icon awb-icon-plus\" aria-hidden=\"true\"><\/i><\/span><span class=\"fusion-toggle-heading\">Les analyses de sang<\/span><\/a><\/h5><\/div><div id=\"6a9e8ba84a587e747\" class=\"panel-collapse collapse \" aria-labelledby=\"toggle_6a9e8ba84a587e747\"><div class=\"panel-body toggle-content fusion-clearfix\">Bien que les analyses de sang ne soient pas utilis\u00e9es pour \u00e9tablir un diagnostic de cancer colorectal, elles peuvent fournir des informations sur l&rsquo;\u00e9tat de sant\u00e9 g\u00e9n\u00e9ral d&rsquo;une personne et mettre en \u00e9vidence des probl\u00e8mes pouvant \u00eatre li\u00e9s \u00e0 la pr\u00e9sence d&rsquo;un cancer. Par exemple, une analyse de sang peut r\u00e9v\u00e9ler un faible nombre de globules rouges, ce qui peut \u00eatre li\u00e9 \u00e0 une tumeur colorectale qui provoque des saignements.<\/p>\n<ul style=\"--awb-size:24px;--awb-iconcolor:#3b74a7;--awb-line-height:40.8px;--awb-icon-width:40.8px;--awb-icon-height:40.8px;--awb-icon-margin:16.8px;--awb-content-margin:57.6px;\" class=\"fusion-checklist fusion-checklist-1 fusion-checklist-default type-icons\"><li class=\"fusion-li-item\" style=\"\"><span class=\"icon-wrapper circle-no\"><i class=\"fusion-li-icon fa-check fas\" aria-hidden=\"true\"><\/i><\/span><div class=\"fusion-li-item-content\">Une formule sanguine compl\u00e8te (FSC) mesure le nombre de globules rouges, de globules blancs et de plaquettes dans votre sang.<\/div><\/li><li class=\"fusion-li-item\" style=\"\"><span class=\"icon-wrapper circle-no\"><i class=\"fusion-li-icon fa-check fas\" aria-hidden=\"true\"><\/i><\/span><div class=\"fusion-li-item-content\">Les tests de la fonction h\u00e9patique (ou bilan h\u00e9patique) permettent de v\u00e9rifier le bon fonctionnement de votre foie.<\/div><\/li><li class=\"fusion-li-item\" style=\"\"><span class=\"icon-wrapper circle-no\"><i class=\"fusion-li-icon fa-check fas\" aria-hidden=\"true\"><\/i><\/span><div class=\"fusion-li-item-content\">L&rsquo;ur\u00e9e et les \u00e9lectrolytes v\u00e9rifient le bon fonctionnement de vos reins.<\/div><\/li><li class=\"fusion-li-item\" style=\"\"><span class=\"icon-wrapper circle-no\"><i class=\"fusion-li-icon fa-check fas\" aria-hidden=\"true\"><\/i><\/span><div class=\"fusion-li-item-content\">Les marqueurs tumoraux sont des substances (g\u00e9n\u00e9ralement des prot\u00e9ines) qui peuvent \u00eatre \u00e9lev\u00e9es en cas de cancer. Ils peuvent \u00eatre pr\u00e9sents dans le sang, l&rsquo;urine ou les tissus corporels.<\/div><\/li><\/ul><\/div><\/div><\/div><\/div><\/div><\/div><\/div><\/div><\/div>\n","protected":false},"excerpt":{"rendered":"","protected":false},"author":1,"featured_media":11802,"parent":481,"menu_order":4,"comment_status":"closed","ping_status":"closed","template":"100-width.php","meta":{"_price":"","_stock":"","_tribe_ticket_header":"","_tribe_default_ticket_provider":"","_tribe_ticket_capacity":"0","_ticket_start_date":"","_ticket_end_date":"","_tribe_ticket_show_description":"","_tribe_ticket_show_not_going":false,"_tribe_ticket_use_global_stock":"","_tribe_ticket_global_stock_level":"","_global_stock_mode":"","_global_stock_cap":"","_tribe_rsvp_for_event":"","_tribe_ticket_going_count":"","_tribe_ticket_not_going_count":"","_tribe_tickets_list":"[]","_tribe_ticket_has_attendee_info_fields":false,"footnotes":"","_tec_slr_enabled":"","_tec_slr_layout":""},"class_list":["post-879","page","type-page","status-publish","has-post-thumbnail","hentry"],"ticketed":false,"_links":{"self":[{"href":"https:\/\/www.colorectalcancercanada.com\/fr\/wp-json\/wp\/v2\/pages\/879","targetHints":{"allow":["GET"]}}],"collection":[{"href":"https:\/\/www.colorectalcancercanada.com\/fr\/wp-json\/wp\/v2\/pages"}],"about":[{"href":"https:\/\/www.colorectalcancercanada.com\/fr\/wp-json\/wp\/v2\/types\/page"}],"author":[{"embeddable":true,"href":"https:\/\/www.colorectalcancercanada.com\/fr\/wp-json\/wp\/v2\/users\/1"}],"replies":[{"embeddable":true,"href":"https:\/\/www.colorectalcancercanada.com\/fr\/wp-json\/wp\/v2\/comments?post=879"}],"version-history":[{"count":0,"href":"https:\/\/www.colorectalcancercanada.com\/fr\/wp-json\/wp\/v2\/pages\/879\/revisions"}],"up":[{"embeddable":true,"href":"https:\/\/www.colorectalcancercanada.com\/fr\/wp-json\/wp\/v2\/pages\/481"}],"wp:featuredmedia":[{"embeddable":true,"href":"https:\/\/www.colorectalcancercanada.com\/fr\/wp-json\/wp\/v2\/media\/11802"}],"wp:attachment":[{"href":"https:\/\/www.colorectalcancercanada.com\/fr\/wp-json\/wp\/v2\/media?parent=879"}],"curies":[{"name":"wp","href":"https:\/\/api.w.org\/{rel}","templated":true}]}}