 {"id":861,"date":"2023-06-23T15:39:10","date_gmt":"2023-06-23T15:39:10","guid":{"rendered":"https:\/\/colorectalcc.wpengine.com\/?page_id=861"},"modified":"2023-11-15T07:18:33","modified_gmt":"2023-11-15T07:18:33","slug":"notre-histoire","status":"publish","type":"page","link":"https:\/\/www.colorectalcancercanada.com\/fr\/a-propos\/notre-histoire\/","title":{"rendered":"Notre histoire"},"content":{"rendered":"<div class=\"fusion-fullwidth fullwidth-box fusion-builder-row-1 fusion-flex-container has-pattern-background has-mask-background nonhundred-percent-fullwidth non-hundred-percent-height-scrolling\" style=\"--awb-border-radius-top-left:0px;--awb-border-radius-top-right:0px;--awb-border-radius-bottom-right:0px;--awb-border-radius-bottom-left:0px;--awb-flex-wrap:wrap;\" ><div class=\"fusion-builder-row fusion-row fusion-flex-align-items-flex-start fusion-flex-content-wrap\" style=\"max-width:1248px;margin-left: calc(-4% \/ 2 );margin-right: calc(-4% \/ 2 );\"><div class=\"fusion-layout-column fusion_builder_column fusion-builder-column-0 fusion_builder_column_1_1 1_1 fusion-flex-column\" style=\"--awb-bg-size:cover;--awb-width-large:100%;--awb-margin-top-large:0px;--awb-spacing-right-large:1.92%;--awb-margin-bottom-large:20px;--awb-spacing-left-large:1.92%;--awb-width-medium:100%;--awb-order-medium:0;--awb-spacing-right-medium:1.92%;--awb-spacing-left-medium:1.92%;--awb-width-small:100%;--awb-order-small:0;--awb-spacing-right-small:1.92%;--awb-spacing-left-small:1.92%;\"><div class=\"fusion-column-wrapper fusion-column-has-shadow fusion-flex-justify-content-flex-start fusion-content-layout-column\"><div class=\"fusion-title title fusion-title-1 fusion-sep-none fusion-title-text fusion-title-size-one custom-title\" style=\"--awb-margin-top-small:10px;--awb-margin-right-small:0px;--awb-margin-bottom-small:10px;--awb-margin-left-small:0px;\"><h1 class=\"fusion-title-heading title-heading-left\" style=\"margin:0;\">Notre histoire<\/h1><\/div><div class=\"fusion-text fusion-text-1\"><p>En 1998, Barry Stein, apr\u00e8s avoir re\u00e7u un diagnostic de cancer colorectal (CCR), ainsi que plusieurs m\u00e9decins, repr\u00e9sentants pharmaceutiques et publicitaires, ont fond\u00e9 l&rsquo;Association canadienne du cancer colorectal (ACCC). La m\u00eame ann\u00e9e, Bunnie Schwartz a fond\u00e9 Cancer du c\u00f4lon Canada en l&rsquo;honneur de sa s\u0153ur et son conjoint, tous deux atteints d&rsquo;un cancer du c\u00f4lon.<\/p>\n<p>Les deux organisations ont travaill\u00e9 sans rel\u00e2che pour ouvrir la voie aux changements. Qu&rsquo;il s&rsquo;agisse de l&rsquo;introduction de lignes directrices cliniques ou de la proposition de registres sur le cancer colorectal h\u00e9r\u00e9ditaire, les efforts de sensibilisation ont trouv\u00e9 un \u00e9cho aupr\u00e8s des responsables des soins de sant\u00e9, ce qui a conduit au lancement de programmes provinciaux et territoriaux de d\u00e9pistage du cancer colorectal. Ils sont devenus des lueurs d&rsquo;espoir pour les patients et leurs proches en qu\u00eate de soutien et d&rsquo;une communaut\u00e9 capable de comprendre leurs besoins particuliers. Des \u00e9v\u00e9nements tels que Bougeons pour le c\u00f4lon, Tournois de quilles \u00ab Bowlin&rsquo; For Your Colon \u00bb et le Tournoi de golf \u00ab Kick Ass \u00bb ont \u00e9t\u00e9 cr\u00e9\u00e9s pour rallier la communaut\u00e9, sensibiliser les gens au cancer colorectal et soutenir les personnes touch\u00e9es par la maladie.<\/p>\n<p>Anim\u00e9s par un objectif commun, Colon Cancer Canada et le ACCC ont uni leurs forces en 2017. Leur cause commune a pos\u00e9 le socle pour un parcours transformateur \u00e0 travers Cancer colorectal Canada (CCC). Aujourd&rsquo;hui, CCC est le principal organisme canadien vou\u00e9 au cancer colorectal et aux avanc\u00e9es en oncologie. Nos programmes complets couvrent un large \u00e9ventail de domaines tels que la sensibilisation, la d\u00e9fense des int\u00e9r\u00eats, la recherche, l&rsquo;\u00e9quit\u00e9 en mati\u00e8re de sant\u00e9 et le soutien afin d&rsquo;assurer une meilleure qualit\u00e9 de vie aux patients actuels et futurs.<\/p>\n<\/div><\/div><\/div><\/div><\/div>\n","protected":false},"excerpt":{"rendered":"","protected":false},"author":1,"featured_media":11800,"parent":860,"menu_order":0,"comment_status":"closed","ping_status":"closed","template":"100-width.php","meta":{"_price":"","_stock":"","_tribe_ticket_header":"","_tribe_default_ticket_provider":"","_tribe_ticket_capacity":"0","_ticket_start_date":"","_ticket_end_date":"","_tribe_ticket_show_description":"","_tribe_ticket_show_not_going":false,"_tribe_ticket_use_global_stock":"","_tribe_ticket_global_stock_level":"","_global_stock_mode":"","_global_stock_cap":"","_tribe_rsvp_for_event":"","_tribe_ticket_going_count":"","_tribe_ticket_not_going_count":"","_tribe_tickets_list":"[]","_tribe_ticket_has_attendee_info_fields":false,"footnotes":"","_tec_slr_enabled":"","_tec_slr_layout":""},"class_list":["post-861","page","type-page","status-publish","has-post-thumbnail","hentry"],"ticketed":false,"_links":{"self":[{"href":"https:\/\/www.colorectalcancercanada.com\/fr\/wp-json\/wp\/v2\/pages\/861","targetHints":{"allow":["GET"]}}],"collection":[{"href":"https:\/\/www.colorectalcancercanada.com\/fr\/wp-json\/wp\/v2\/pages"}],"about":[{"href":"https:\/\/www.colorectalcancercanada.com\/fr\/wp-json\/wp\/v2\/types\/page"}],"author":[{"embeddable":true,"href":"https:\/\/www.colorectalcancercanada.com\/fr\/wp-json\/wp\/v2\/users\/1"}],"replies":[{"embeddable":true,"href":"https:\/\/www.colorectalcancercanada.com\/fr\/wp-json\/wp\/v2\/comments?post=861"}],"version-history":[{"count":0,"href":"https:\/\/www.colorectalcancercanada.com\/fr\/wp-json\/wp\/v2\/pages\/861\/revisions"}],"up":[{"embeddable":true,"href":"https:\/\/www.colorectalcancercanada.com\/fr\/wp-json\/wp\/v2\/pages\/860"}],"wp:featuredmedia":[{"embeddable":true,"href":"https:\/\/www.colorectalcancercanada.com\/fr\/wp-json\/wp\/v2\/media\/11800"}],"wp:attachment":[{"href":"https:\/\/www.colorectalcancercanada.com\/fr\/wp-json\/wp\/v2\/media?parent=861"}],"curies":[{"name":"wp","href":"https:\/\/api.w.org\/{rel}","templated":true}]}}