 {"id":849,"date":"2023-07-12T10:12:31","date_gmt":"2023-07-12T10:12:31","guid":{"rendered":"https:\/\/colorectalcc.wpengine.com\/?page_id=849"},"modified":"2024-03-13T19:10:57","modified_gmt":"2024-03-13T19:10:57","slug":"calendrier-des-evenements","status":"publish","type":"page","link":"https:\/\/www.colorectalcancercanada.com\/fr\/evenements-et-conferences\/calendrier-des-evenements\/","title":{"rendered":"Calendrier des \u00e9v\u00e9nements"},"content":{"rendered":"<div class=\"fusion-fullwidth fullwidth-box fusion-builder-row-1 fusion-flex-container has-pattern-background has-mask-background nonhundred-percent-fullwidth non-hundred-percent-height-scrolling\" style=\"--awb-border-radius-top-left:0px;--awb-border-radius-top-right:0px;--awb-border-radius-bottom-right:0px;--awb-border-radius-bottom-left:0px;--awb-flex-wrap:wrap;\" ><div class=\"fusion-builder-row fusion-row fusion-flex-align-items-flex-start fusion-flex-content-wrap\" style=\"max-width:1248px;margin-left: calc(-4% \/ 2 );margin-right: calc(-4% \/ 2 );\"><div class=\"fusion-layout-column fusion_builder_column fusion-builder-column-0 fusion_builder_column_1_1 1_1 fusion-flex-column\" style=\"--awb-bg-size:cover;--awb-width-large:100%;--awb-margin-top-large:0px;--awb-spacing-right-large:1.92%;--awb-margin-bottom-large:20px;--awb-spacing-left-large:1.92%;--awb-width-medium:100%;--awb-order-medium:0;--awb-spacing-right-medium:1.92%;--awb-spacing-left-medium:1.92%;--awb-width-small:100%;--awb-order-small:0;--awb-spacing-right-small:1.92%;--awb-spacing-left-small:1.92%;\"><div class=\"fusion-column-wrapper fusion-column-has-shadow fusion-flex-justify-content-flex-start fusion-content-layout-column\"><div class=\"fusion-title title fusion-title-1 fusion-sep-none fusion-title-text fusion-title-size-one custom-title\" style=\"--awb-margin-top-small:10px;--awb-margin-right-small:0px;--awb-margin-bottom-small:10px;--awb-margin-left-small:0px;\"><h1 class=\"fusion-title-heading title-heading-left\" style=\"margin:0;\">Calendrier des \u00e9v\u00e9nements<\/h1><\/div><div class=\"fusion-title title fusion-title-2 fusion-sep-none fusion-title-text fusion-title-size-two custom-title\" style=\"--awb-margin-top-small:10px;--awb-margin-right-small:0px;--awb-margin-bottom-small:10px;--awb-margin-left-small:0px;\"><h2 class=\"fusion-title-heading title-heading-left\" style=\"margin:0;\">Tous les \u00e9v\u00e9nements \u00e0 venir<\/h2><\/div><div class=\"fusion-events-shortcode fusion-events-shortcode-1 fusion-events-pagination-pagination\" style=\"margin-left: -20px;margin-right: -20px;\"><div class=\"fusion-events-wrapper\" data-pages=\"35\"><div class=\"fusion-events-post fusion-spacing-no fusion-one-third fusion-layout-column\" style=\"padding:20px\"><div class=\"fusion-column-wrapper\"><div class=\"fusion-events-thumbnail hover-type-zoomin\"><a href=\"https:\/\/www.colorectalcancercanada.com\/fr\/event\/groupe-de-soutien-pour-le-cancer-colorectal-en-cours-de-traitement\/2026-04-14\/\" class=\"url\" rel=\"bookmark\" aria-label=\"Groupe de soutien pour le cancer colorectal en cours de traitement\"><span class=\"tribe-events-event-image\" style=\"background-image: url(https:\/\/www.colorectalcancercanada.com\/wp-content\/uploads\/2024\/02\/50-GROUP-2-1.jpg); -webkit-background-size: cover; background-size: cover; background-position: center center;\"><\/span><\/a><\/div><div class=\"fusion-events-content-wrapper\" style=\"padding:20px 20px 20px 20px;\"><div class=\"fusion-events-meta\"><h2><a href=\"https:\/\/www.colorectalcancercanada.com\/fr\/event\/groupe-de-soutien-pour-le-cancer-colorectal-en-cours-de-traitement\/2026-04-14\/\" class=\"url\" rel=\"bookmark\">Groupe de soutien pour le cancer colorectal en cours de traitement<\/a><\/h2><h4><span class=\"tribe-event-date-start\">avril 14, 2026 @ 13h00<\/span> - <span class=\"tribe-event-time\">15h00<\/span><\/h4><\/div><div class=\"fusion-events-content\"><p><a href=\"https:\/\/www.colorectalcancercanada.com\/logo\/\"><img decoding=\"async\" class=\"alignnone size-full wp-image-18\" src=\"https:\/\/www.colorectalcancercanada.com\/wp-content\/uploads\/2023\/06\/LOGO.png\" alt=\"LOGO\" width=\"335\" height=\"99\" srcset=\"https:\/\/www.colorectalcancercanada.com\/wp-content\/uploads\/2023\/06\/LOGO-200x59.png 200w, https:\/\/www.colorectalcancercanada.com\/wp-content\/uploads\/2023\/06\/LOGO-300x89.png 300w, https:\/\/www.colorectalcancercanada.com\/wp-content\/uploads\/2023\/06\/LOGO.png 335w\" sizes=\"(max-width: 335px) 100vw, 335px\"><\/a><\/p>\n<p>Pour vous inscrire et faire partie de nos groupes de soutien, <a href=\"https:\/\/www.colorectalcancercanada.com\/fr\/event\/groupe-de-soutien-pour-le-cancer-colorectal-en-cours-de-traitement\/2026-04-14\/\">\u2026<\/a><\/p>\n<\/div><\/div><\/div><\/div><div class=\"fusion-events-post fusion-spacing-no fusion-one-third fusion-layout-column\" style=\"padding:20px\"><div class=\"fusion-column-wrapper\"><div class=\"fusion-events-thumbnail hover-type-zoomin\"><a href=\"https:\/\/www.colorectalcancercanada.com\/fr\/event\/groupe-de-soutien-national-50\/2026-04-27\/\" class=\"url\" rel=\"bookmark\" aria-label=\"Groupe de soutien national 50+\"><span class=\"tribe-events-event-image\" style=\"background-image: url(https:\/\/www.colorectalcancercanada.com\/wp-content\/uploads\/2024\/02\/50-GROUP-2.jpg); -webkit-background-size: cover; background-size: cover; background-position: center center;\"><\/span><\/a><\/div><div class=\"fusion-events-content-wrapper\" style=\"padding:20px 20px 20px 20px;\"><div class=\"fusion-events-meta\"><h2><a href=\"https:\/\/www.colorectalcancercanada.com\/fr\/event\/groupe-de-soutien-national-50\/2026-04-27\/\" class=\"url\" rel=\"bookmark\">Groupe de soutien national 50+<\/a><\/h2><h4><span class=\"tribe-event-date-start\">avril 27, 2026 @ 19h00<\/span> - <span class=\"tribe-event-time\">21h00<\/span><\/h4><\/div><div class=\"fusion-events-content\"><p><a href=\"https:\/\/www.colorectalcancercanada.com\/logo\/\"><img decoding=\"async\" class=\"alignnone size-full wp-image-18\" src=\"https:\/\/www.colorectalcancercanada.com\/wp-content\/uploads\/2023\/06\/LOGO.png\" alt=\"LOGO\" width=\"335\" height=\"99\" srcset=\"https:\/\/www.colorectalcancercanada.com\/wp-content\/uploads\/2023\/06\/LOGO-200x59.png 200w, https:\/\/www.colorectalcancercanada.com\/wp-content\/uploads\/2023\/06\/LOGO-300x89.png 300w, https:\/\/www.colorectalcancercanada.com\/wp-content\/uploads\/2023\/06\/LOGO.png 335w\" sizes=\"(max-width: 335px) 100vw, 335px\"><\/a><\/p>\n<p class=\"cvGsUA direction-ltr align-start para-style-body\"><span class=\"OYPEnA text-decoration-none text-strikethrough-none\">Venez-vous joindre \u00e0 notre <a href=\"https:\/\/www.colorectalcancercanada.com\/fr\/event\/groupe-de-soutien-national-50\/2026-04-27\/\">\u2026<\/a><\/span><\/p>\n<\/div><\/div><\/div><\/div><div class=\"fusion-events-post fusion-spacing-no fusion-one-third fusion-layout-column fusion-column-last\" style=\"padding:20px\"><div class=\"fusion-column-wrapper\"><div class=\"fusion-events-thumbnail hover-type-zoomin\"><a href=\"https:\/\/www.colorectalcancercanada.com\/fr\/event\/groupe-de-soutien-pour-le-cancer-colorectal-francais\/2026-04-28\/\" class=\"url\" rel=\"bookmark\" aria-label=\"Groupe de soutien pour le cancer colorectal, fran\u00e7ais\"><span class=\"tribe-events-event-image\" style=\"background-image: url(https:\/\/www.colorectalcancercanada.com\/wp-content\/uploads\/2024\/02\/French.jpg); -webkit-background-size: cover; background-size: cover; background-position: center center;\"><\/span><\/a><\/div><div class=\"fusion-events-content-wrapper\" style=\"padding:20px 20px 20px 20px;\"><div class=\"fusion-events-meta\"><h2><a href=\"https:\/\/www.colorectalcancercanada.com\/fr\/event\/groupe-de-soutien-pour-le-cancer-colorectal-francais\/2026-04-28\/\" class=\"url\" rel=\"bookmark\">Groupe de soutien pour le cancer colorectal, fran\u00e7ais<\/a><\/h2><h4><span class=\"tribe-event-date-start\">avril 28, 2026 @ 19h00<\/span> - <span class=\"tribe-event-time\">21h00<\/span><\/h4><\/div><div class=\"fusion-events-content\"><p><a href=\"https:\/\/www.colorectalcancercanada.com\/logo\/\"><img decoding=\"async\" class=\"alignnone size-full wp-image-18\" src=\"https:\/\/www.colorectalcancercanada.com\/wp-content\/uploads\/2023\/06\/LOGO.png\" alt=\"LOGO\" width=\"335\" height=\"99\" srcset=\"https:\/\/www.colorectalcancercanada.com\/wp-content\/uploads\/2023\/06\/LOGO-200x59.png 200w, https:\/\/www.colorectalcancercanada.com\/wp-content\/uploads\/2023\/06\/LOGO-300x89.png 300w, https:\/\/www.colorectalcancercanada.com\/wp-content\/uploads\/2023\/06\/LOGO.png 335w\" sizes=\"(max-width: 335px) 100vw, 335px\"><\/a><\/p>\n<p>\u00a0<\/p>\n<p class=\"cvGsUA direction-ltr align-start para-style-body\"><span class=\"OYPEnA text-decoration-none text-strikethrough-none\">Joignez-vous \u00e0 nous le <a href=\"https:\/\/www.colorectalcancercanada.com\/fr\/event\/groupe-de-soutien-pour-le-cancer-colorectal-francais\/2026-04-28\/\">\u2026<\/a><\/span><\/p>\n<\/div><\/div><\/div><\/div><div class=\"fusion-clearfix\"><\/div><div class=\"fusion-events-post fusion-spacing-no fusion-one-third fusion-layout-column\" style=\"padding:20px\"><div class=\"fusion-column-wrapper\"><div class=\"fusion-events-thumbnail hover-type-zoomin\"><a href=\"https:\/\/www.colorectalcancercanada.com\/fr\/event\/groupe-de-soutien-aux-aidants\/2026-05-06\/\" class=\"url\" rel=\"bookmark\" aria-label=\"Groupe de soutien aux aidants\"><span class=\"tribe-events-event-image\" style=\"background-image: url(https:\/\/www.colorectalcancercanada.com\/wp-content\/uploads\/2024\/02\/EAO-2.jpg); -webkit-background-size: cover; background-size: cover; background-position: center center;\"><\/span><\/a><\/div><div class=\"fusion-events-content-wrapper\" style=\"padding:20px 20px 20px 20px;\"><div class=\"fusion-events-meta\"><h2><a href=\"https:\/\/www.colorectalcancercanada.com\/fr\/event\/groupe-de-soutien-aux-aidants\/2026-05-06\/\" class=\"url\" rel=\"bookmark\">Groupe de soutien aux aidants<\/a><\/h2><h4><span class=\"tribe-event-date-start\">mai 6, 2026 @ 19h00<\/span> - <span class=\"tribe-event-time\">21h00<\/span><\/h4><\/div><div class=\"fusion-events-content\"><p><a href=\"https:\/\/www.colorectalcancercanada.com\/logo\/\"><img decoding=\"async\" class=\"alignnone size-full wp-image-18\" src=\"https:\/\/www.colorectalcancercanada.com\/wp-content\/uploads\/2023\/06\/LOGO.png\" alt=\"LOGO\" width=\"335\" height=\"99\" srcset=\"https:\/\/www.colorectalcancercanada.com\/wp-content\/uploads\/2023\/06\/LOGO-200x59.png 200w, https:\/\/www.colorectalcancercanada.com\/wp-content\/uploads\/2023\/06\/LOGO-300x89.png 300w, https:\/\/www.colorectalcancercanada.com\/wp-content\/uploads\/2023\/06\/LOGO.png 335w\" sizes=\"(max-width: 335px) 100vw, 335px\"><\/a><\/p>\n<p>Pour vous inscrire et faire partie de nos groupes de soutien, <a href=\"https:\/\/www.colorectalcancercanada.com\/fr\/event\/groupe-de-soutien-aux-aidants\/2026-05-06\/\">\u2026<\/a><\/p>\n<\/div><\/div><\/div><\/div><div class=\"fusion-events-post fusion-spacing-no fusion-one-third fusion-layout-column\" style=\"padding:20px\"><div class=\"fusion-column-wrapper\"><div class=\"fusion-events-thumbnail hover-type-zoomin\"><a href=\"https:\/\/www.colorectalcancercanada.com\/fr\/event\/groupe-de-soutien-pour-le-cancer-colorectal-en-cours-de-traitement\/2026-05-12\/\" class=\"url\" rel=\"bookmark\" aria-label=\"Groupe de soutien pour le cancer colorectal en cours de traitement\"><span class=\"tribe-events-event-image\" style=\"background-image: url(https:\/\/www.colorectalcancercanada.com\/wp-content\/uploads\/2024\/02\/50-GROUP-2-1.jpg); -webkit-background-size: cover; background-size: cover; background-position: center center;\"><\/span><\/a><\/div><div class=\"fusion-events-content-wrapper\" style=\"padding:20px 20px 20px 20px;\"><div class=\"fusion-events-meta\"><h2><a href=\"https:\/\/www.colorectalcancercanada.com\/fr\/event\/groupe-de-soutien-pour-le-cancer-colorectal-en-cours-de-traitement\/2026-05-12\/\" class=\"url\" rel=\"bookmark\">Groupe de soutien pour le cancer colorectal en cours de traitement<\/a><\/h2><h4><span class=\"tribe-event-date-start\">mai 12, 2026 @ 13h00<\/span> - <span class=\"tribe-event-time\">15h00<\/span><\/h4><\/div><div class=\"fusion-events-content\"><p><a href=\"https:\/\/www.colorectalcancercanada.com\/logo\/\"><img decoding=\"async\" class=\"alignnone size-full wp-image-18\" src=\"https:\/\/www.colorectalcancercanada.com\/wp-content\/uploads\/2023\/06\/LOGO.png\" alt=\"LOGO\" width=\"335\" height=\"99\" srcset=\"https:\/\/www.colorectalcancercanada.com\/wp-content\/uploads\/2023\/06\/LOGO-200x59.png 200w, https:\/\/www.colorectalcancercanada.com\/wp-content\/uploads\/2023\/06\/LOGO-300x89.png 300w, https:\/\/www.colorectalcancercanada.com\/wp-content\/uploads\/2023\/06\/LOGO.png 335w\" sizes=\"(max-width: 335px) 100vw, 335px\"><\/a><\/p>\n<p>Pour vous inscrire et faire partie de nos groupes de soutien, <a href=\"https:\/\/www.colorectalcancercanada.com\/fr\/event\/groupe-de-soutien-pour-le-cancer-colorectal-en-cours-de-traitement\/2026-05-12\/\">\u2026<\/a><\/p>\n<\/div><\/div><\/div><\/div><div class=\"fusion-events-post fusion-spacing-no fusion-one-third fusion-layout-column fusion-column-last\" style=\"padding:20px\"><div class=\"fusion-column-wrapper\"><div class=\"fusion-events-thumbnail hover-type-zoomin\"><a href=\"https:\/\/www.colorectalcancercanada.com\/fr\/event\/groupe-de-soutien-pour-le-cancer-colorectal-a-debut-precoce\/2026-05-13\/\" class=\"url\" rel=\"bookmark\" aria-label=\"Groupe de soutien pour le cancer colorectal \u00e0 d\u00e9but pr\u00e9coce\"><span class=\"tribe-events-event-image\" style=\"background-image: url(https:\/\/www.colorectalcancercanada.com\/wp-content\/uploads\/2024\/02\/In-EAO-FR.jpg); -webkit-background-size: cover; background-size: cover; background-position: center center;\"><\/span><\/a><\/div><div class=\"fusion-events-content-wrapper\" style=\"padding:20px 20px 20px 20px;\"><div class=\"fusion-events-meta\"><h2><a href=\"https:\/\/www.colorectalcancercanada.com\/fr\/event\/groupe-de-soutien-pour-le-cancer-colorectal-a-debut-precoce\/2026-05-13\/\" class=\"url\" rel=\"bookmark\">Groupe de soutien pour le cancer colorectal \u00e0 d\u00e9but pr\u00e9coce<\/a><\/h2><h4><span class=\"tribe-event-date-start\">mai 13, 2026 @ 19h00<\/span> - <span class=\"tribe-event-time\">21h00<\/span><\/h4><\/div><div class=\"fusion-events-content\"><p><a href=\"https:\/\/www.colorectalcancercanada.com\/logo\/\"><img decoding=\"async\" class=\"alignnone size-full wp-image-18\" src=\"https:\/\/www.colorectalcancercanada.com\/wp-content\/uploads\/2023\/06\/LOGO.png\" alt=\"LOGO\" width=\"335\" height=\"99\" srcset=\"https:\/\/www.colorectalcancercanada.com\/wp-content\/uploads\/2023\/06\/LOGO-200x59.png 200w, https:\/\/www.colorectalcancercanada.com\/wp-content\/uploads\/2023\/06\/LOGO-300x89.png 300w, https:\/\/www.colorectalcancercanada.com\/wp-content\/uploads\/2023\/06\/LOGO.png 335w\" sizes=\"(max-width: 335px) 100vw, 335px\"><\/a><\/p>\n<p>Pour vous inscrire et faire partie de nos groupes de soutien, <a href=\"https:\/\/www.colorectalcancercanada.com\/fr\/event\/groupe-de-soutien-pour-le-cancer-colorectal-a-debut-precoce\/2026-05-13\/\">\u2026<\/a><\/p>\n<\/div><\/div><\/div><\/div><div class=\"fusion-clearfix\"><\/div><div class=\"fusion-clearfix\"><\/div><\/div><div class=\"pagination clearfix\"><span class=\"current\">1<\/span><a href=\"https:\/\/www.colorectalcancercanada.com\/fr\/wp-json\/wp\/v2\/pages\/849\/page\/2\/\" class=\"inactive\">2<\/a><a class=\"pagination-next\" rel=\"next\" href=\"https:\/\/www.colorectalcancercanada.com\/fr\/wp-json\/wp\/v2\/pages\/849\/page\/2\/\"><span class=\"page-text\">Suivant<\/span><span class=\"page-next\"><\/span><\/a><\/div><div class=\"fusion-clearfix\"><\/div><\/div><\/div><\/div><\/div><\/div>\n","protected":false},"excerpt":{"rendered":"","protected":false},"author":1,"featured_media":11810,"parent":843,"menu_order":5,"comment_status":"closed","ping_status":"closed","template":"100-width.php","meta":{"_price":"","_stock":"","_tribe_ticket_header":"","_tribe_default_ticket_provider":"","_tribe_ticket_capacity":"0","_ticket_start_date":"","_ticket_end_date":"","_tribe_ticket_show_description":"","_tribe_ticket_show_not_going":false,"_tribe_ticket_use_global_stock":"","_tribe_ticket_global_stock_level":"","_global_stock_mode":"","_global_stock_cap":"","_tribe_rsvp_for_event":"","_tribe_ticket_going_count":"","_tribe_ticket_not_going_count":"","_tribe_tickets_list":"[]","_tribe_ticket_has_attendee_info_fields":false,"footnotes":"","_tec_slr_enabled":"","_tec_slr_layout":""},"class_list":["post-849","page","type-page","status-publish","has-post-thumbnail","hentry","cat_groupes-de-soutien"],"ticketed":false,"_links":{"self":[{"href":"https:\/\/www.colorectalcancercanada.com\/fr\/wp-json\/wp\/v2\/pages\/849","targetHints":{"allow":["GET"]}}],"collection":[{"href":"https:\/\/www.colorectalcancercanada.com\/fr\/wp-json\/wp\/v2\/pages"}],"about":[{"href":"https:\/\/www.colorectalcancercanada.com\/fr\/wp-json\/wp\/v2\/types\/page"}],"author":[{"embeddable":true,"href":"https:\/\/www.colorectalcancercanada.com\/fr\/wp-json\/wp\/v2\/users\/1"}],"replies":[{"embeddable":true,"href":"https:\/\/www.colorectalcancercanada.com\/fr\/wp-json\/wp\/v2\/comments?post=849"}],"version-history":[{"count":0,"href":"https:\/\/www.colorectalcancercanada.com\/fr\/wp-json\/wp\/v2\/pages\/849\/revisions"}],"up":[{"embeddable":true,"href":"https:\/\/www.colorectalcancercanada.com\/fr\/wp-json\/wp\/v2\/pages\/843"}],"wp:featuredmedia":[{"embeddable":true,"href":"https:\/\/www.colorectalcancercanada.com\/fr\/wp-json\/wp\/v2\/media\/11810"}],"wp:attachment":[{"href":"https:\/\/www.colorectalcancercanada.com\/fr\/wp-json\/wp\/v2\/media?parent=849"}],"curies":[{"name":"wp","href":"https:\/\/api.w.org\/{rel}","templated":true}]}}