 {"id":848,"date":"2023-07-12T10:11:43","date_gmt":"2023-07-12T10:11:43","guid":{"rendered":"https:\/\/colorectalcc.wpengine.com\/?page_id=848"},"modified":"2024-03-13T19:56:20","modified_gmt":"2024-03-13T19:56:20","slug":"tournoi-golf-kickass","status":"publish","type":"page","link":"https:\/\/www.colorectalcancercanada.com\/fr\/evenements-et-conferences\/tournoi-golf-kickass\/","title":{"rendered":"Tournoi de golf Kick-Ass"},"content":{"rendered":"<div class=\"fusion-fullwidth fullwidth-box fusion-builder-row-1 fusion-flex-container has-pattern-background has-mask-background nonhundred-percent-fullwidth non-hundred-percent-height-scrolling\" style=\"--awb-border-radius-top-left:0px;--awb-border-radius-top-right:0px;--awb-border-radius-bottom-right:0px;--awb-border-radius-bottom-left:0px;--awb-flex-wrap:wrap;\" ><div class=\"fusion-builder-row fusion-row fusion-flex-align-items-flex-start fusion-flex-content-wrap\" style=\"max-width:1248px;margin-left: calc(-4% \/ 2 );margin-right: calc(-4% \/ 2 );\"><div class=\"fusion-layout-column fusion_builder_column fusion-builder-column-0 fusion_builder_column_1_1 1_1 fusion-flex-column\" style=\"--awb-bg-size:cover;--awb-width-large:100%;--awb-margin-top-large:0px;--awb-spacing-right-large:1.92%;--awb-margin-bottom-large:20px;--awb-spacing-left-large:1.92%;--awb-width-medium:100%;--awb-order-medium:0;--awb-spacing-right-medium:1.92%;--awb-spacing-left-medium:1.92%;--awb-width-small:100%;--awb-order-small:0;--awb-spacing-right-small:1.92%;--awb-spacing-left-small:1.92%;\"><div class=\"fusion-column-wrapper fusion-column-has-shadow fusion-flex-justify-content-flex-start fusion-content-layout-column\"><div class=\"fusion-title title fusion-title-1 fusion-sep-none fusion-title-text fusion-title-size-one custom-title\" style=\"--awb-margin-top-small:10px;--awb-margin-right-small:0px;--awb-margin-bottom-small:10px;--awb-margin-left-small:0px;\"><h1 class=\"fusion-title-heading title-heading-left\" style=\"margin:0;\">TOURNOI DE GOLF KICK-ASS<\/h1><\/div><div class=\"fusion-title title fusion-title-2 fusion-sep-none fusion-title-text fusion-title-size-four\" style=\"--awb-margin-top-small:10px;--awb-margin-right-small:0px;--awb-margin-bottom-small:10px;--awb-margin-left-small:0px;\"><h4 class=\"fusion-title-heading title-heading-left\" style=\"margin:0;\">18 JUILLET 2023<\/h4><\/div><div class=\"fusion-image-element \" style=\"text-align:center;--awb-caption-title-font-family:var(--h2_typography-font-family);--awb-caption-title-font-weight:var(--h2_typography-font-weight);--awb-caption-title-font-style:var(--h2_typography-font-style);--awb-caption-title-size:var(--h2_typography-font-size);--awb-caption-title-transform:var(--h2_typography-text-transform);--awb-caption-title-line-height:var(--h2_typography-line-height);--awb-caption-title-letter-spacing:var(--h2_typography-letter-spacing);\"><span class=\" fusion-imageframe imageframe-none imageframe-1 hover-type-none\"><a class=\"fusion-no-lightbox\" href=\"https:\/\/ccc.akaraisin.com\/ui\/kickassgolf2023\" target=\"_blank\" aria-label=\"Image-2023-02-24-at-12.27-PM\" rel=\"noopener noreferrer\"><img decoding=\"async\" width=\"801\" height=\"427\" alt=\"Event Image\" src=\"https:\/\/www.colorectalcancercanada.com\/wp-content\/uploads\/2023\/07\/Image-2023-02-24-at-12.27-PM-1.jpg\" class=\"img-responsive wp-image-1304\" srcset=\"https:\/\/www.colorectalcancercanada.com\/wp-content\/uploads\/2023\/07\/Image-2023-02-24-at-12.27-PM-1-200x107.jpg 200w, https:\/\/www.colorectalcancercanada.com\/wp-content\/uploads\/2023\/07\/Image-2023-02-24-at-12.27-PM-1-400x213.jpg 400w, https:\/\/www.colorectalcancercanada.com\/wp-content\/uploads\/2023\/07\/Image-2023-02-24-at-12.27-PM-1-600x320.jpg 600w, https:\/\/www.colorectalcancercanada.com\/wp-content\/uploads\/2023\/07\/Image-2023-02-24-at-12.27-PM-1.jpg 801w\" sizes=\"(max-width: 640px) 100vw, 801px\" \/><\/a><\/span><\/div><div class=\"fusion-text fusion-text-1\"><p>Nous sommes tr\u00e8s heureux d&rsquo;annoncer que le tournoi de golf Kick Ass 2024 aura lieu le 18 juillet sur le magnifique parcours de golf Angus Glen. Cet \u00e9v\u00e9nement a connu un grand succ\u00e8s l&rsquo;ann\u00e9e derni\u00e8re et nous esp\u00e9rons qu&rsquo;encore plus de golfeurs se joindront \u00e0 nous cette ann\u00e9e !<\/p>\n<p>VEUILLEZ RETENIR LA DATE : 18 JUILLET !<\/p>\n<p>Nous offrons un tarif sp\u00e9cial de pr\u00e9inscription pour le Tournoi de golf Kick Ass 2023 \u00e0 partir d&rsquo;aujourd&rsquo;hui jusqu&rsquo;\u00e0 la fin du mois de mars &#8211; et un rappel amical que le mois de mars est le mois de la sensibilisation au cancer colorectal !<\/p>\n<p>Le prix de la r\u00e9servation anticip\u00e9e est de 375 $ par joueur. \u00c0 partir du 1er avril, les joueurs individuels paieront 425,00 $ par personne et un quatuor d&rsquo;entreprise co\u00fbtera 2 200,00 $. Pour vous inscrire, rendez-vous sur notre site web.<\/p>\n<p>Des possibilit\u00e9s de parrainage sont \u00e9galement disponibles sur notre site web.<\/p>\n<p>L&rsquo;ann\u00e9e derni\u00e8re, on estime que 24 100 Canadiens ont \u00e9t\u00e9 diagnostiqu\u00e9s avec un cancer colorectal et, malheureusement, environ 9 400 en sont morts. Ces chiffres pourraient inclure votre parent, votre partenaire, votre fr\u00e8re ou votre s\u0153ur, ou votre enfant &#8211; mais ce n&rsquo;est pas forc\u00e9ment le cas. Aidez-nous \u00e0 les soutenir.<\/p>\n<p>Nous nous r\u00e9jouissons de votre soutien continu et esp\u00e9rons vous voir sur le parcours !<\/p>\n<\/div><div ><a class=\"fusion-button button-flat fusion-button-default-size button-default fusion-button-default button-1 fusion-button-default-span fusion-button-default-type\" style=\"--button-border-radius-top-left:10px;--button-border-radius-top-right:10px;--button-border-radius-bottom-right:10px;--button-border-radius-bottom-left:10px;\" target=\"_blank\" rel=\"noopener noreferrer\" href=\"https:\/\/ccc.akaraisin.com\/ui\/kickassgolf2024\"><span class=\"fusion-button-text awb-button__text awb-button__text--default\">s&rsquo;inscrire ici<\/span><\/a><\/div><\/div><\/div><\/div><\/div>\n","protected":false},"excerpt":{"rendered":"","protected":false},"author":1,"featured_media":11810,"parent":843,"menu_order":3,"comment_status":"closed","ping_status":"closed","template":"100-width.php","meta":{"_price":"","_stock":"","_tribe_ticket_header":"","_tribe_default_ticket_provider":"","_tribe_ticket_capacity":"0","_ticket_start_date":"","_ticket_end_date":"","_tribe_ticket_show_description":"","_tribe_ticket_show_not_going":false,"_tribe_ticket_use_global_stock":"","_tribe_ticket_global_stock_level":"","_global_stock_mode":"","_global_stock_cap":"","_tribe_rsvp_for_event":"","_tribe_ticket_going_count":"","_tribe_ticket_not_going_count":"","_tribe_tickets_list":"[]","_tribe_ticket_has_attendee_info_fields":false,"footnotes":"","_tec_slr_enabled":"","_tec_slr_layout":""},"class_list":["post-848","page","type-page","status-publish","has-post-thumbnail","hentry"],"ticketed":false,"_links":{"self":[{"href":"https:\/\/www.colorectalcancercanada.com\/fr\/wp-json\/wp\/v2\/pages\/848","targetHints":{"allow":["GET"]}}],"collection":[{"href":"https:\/\/www.colorectalcancercanada.com\/fr\/wp-json\/wp\/v2\/pages"}],"about":[{"href":"https:\/\/www.colorectalcancercanada.com\/fr\/wp-json\/wp\/v2\/types\/page"}],"author":[{"embeddable":true,"href":"https:\/\/www.colorectalcancercanada.com\/fr\/wp-json\/wp\/v2\/users\/1"}],"replies":[{"embeddable":true,"href":"https:\/\/www.colorectalcancercanada.com\/fr\/wp-json\/wp\/v2\/comments?post=848"}],"version-history":[{"count":0,"href":"https:\/\/www.colorectalcancercanada.com\/fr\/wp-json\/wp\/v2\/pages\/848\/revisions"}],"up":[{"embeddable":true,"href":"https:\/\/www.colorectalcancercanada.com\/fr\/wp-json\/wp\/v2\/pages\/843"}],"wp:featuredmedia":[{"embeddable":true,"href":"https:\/\/www.colorectalcancercanada.com\/fr\/wp-json\/wp\/v2\/media\/11810"}],"wp:attachment":[{"href":"https:\/\/www.colorectalcancercanada.com\/fr\/wp-json\/wp\/v2\/media?parent=848"}],"curies":[{"name":"wp","href":"https:\/\/api.w.org\/{rel}","templated":true}]}}