 {"id":845,"date":"2023-07-12T10:10:23","date_gmt":"2023-07-12T10:10:23","guid":{"rendered":"https:\/\/colorectalcc.wpengine.com\/?page_id=845"},"modified":"2026-03-17T00:27:22","modified_gmt":"2026-03-17T00:27:22","slug":"bougeons-pour-le-colon","status":"publish","type":"page","link":"https:\/\/www.colorectalcancercanada.com\/fr\/evenements-et-conferences\/bougeons-pour-le-colon\/","title":{"rendered":"Bougeons pour le c\u00f4lon"},"content":{"rendered":"<div class=\"fusion-fullwidth fullwidth-box fusion-builder-row-1 fusion-flex-container has-pattern-background has-mask-background nonhundred-percent-fullwidth non-hundred-percent-height-scrolling\" style=\"--awb-border-radius-top-left:0px;--awb-border-radius-top-right:0px;--awb-border-radius-bottom-right:0px;--awb-border-radius-bottom-left:0px;--awb-flex-wrap:wrap;\" ><div class=\"fusion-builder-row fusion-row fusion-flex-align-items-flex-start fusion-flex-content-wrap\" style=\"max-width:1248px;margin-left: calc(-4% \/ 2 );margin-right: calc(-4% \/ 2 );\"><div class=\"fusion-layout-column fusion_builder_column fusion-builder-column-0 fusion_builder_column_1_1 1_1 fusion-flex-column\" style=\"--awb-bg-size:cover;--awb-width-large:100%;--awb-margin-top-large:0px;--awb-spacing-right-large:1.92%;--awb-margin-bottom-large:20px;--awb-spacing-left-large:1.92%;--awb-width-medium:100%;--awb-order-medium:0;--awb-spacing-right-medium:1.92%;--awb-spacing-left-medium:1.92%;--awb-width-small:100%;--awb-order-small:0;--awb-spacing-right-small:1.92%;--awb-spacing-left-small:1.92%;\"><div class=\"fusion-column-wrapper fusion-column-has-shadow fusion-flex-justify-content-flex-start fusion-content-layout-column\"><div class=\"fusion-title title fusion-title-1 fusion-sep-none fusion-title-text fusion-title-size-one custom-title\" style=\"--awb-margin-top-small:10px;--awb-margin-right-small:0px;--awb-margin-bottom-small:10px;--awb-margin-left-small:0px;\"><h1 class=\"fusion-title-heading title-heading-left\" style=\"margin:0;\">BOUGEONS POUR LE C\u00d4LON 2026<\/h1><\/div><div class=\"fusion-title title fusion-title-2 fusion-sep-none fusion-title-text fusion-title-size-four\" style=\"--awb-margin-top-small:10px;--awb-margin-right-small:0px;--awb-margin-bottom-small:10px;--awb-margin-left-small:0px;\"><h4 class=\"fusion-title-heading title-heading-left\" style=\"margin:0;\">3 MAI &#8211; 26 JUILLET<\/h4><\/div><div class=\"fusion-video fusion-youtube\" style=\"--awb-max-width:1200px;--awb-max-height:500:\/\/..\/?=U2px;\"><div class=\"video-shortcode\"><div class=\"fluid-width-video-wrapper\" style=\"padding-top:41.67%;\" ><iframe title=\"YouTube video player 1\" src=\"https:\/\/www.youtube.com\/embed\/vbfHIdB6ZjE?wmode=transparent&autoplay=0\" width=\"1200\" height=\"500:\/\/..\/?=U2\" allowfullscreen allow=\"autoplay; clipboard-write; encrypted-media; gyroscope; picture-in-picture;\"><\/iframe><\/div><\/div><\/div><div class=\"fusion-image-element \" style=\"text-align:center;--awb-margin-top:20px;--awb-caption-title-font-family:var(--h2_typography-font-family);--awb-caption-title-font-weight:var(--h2_typography-font-weight);--awb-caption-title-font-style:var(--h2_typography-font-style);--awb-caption-title-size:var(--h2_typography-font-size);--awb-caption-title-transform:var(--h2_typography-text-transform);--awb-caption-title-line-height:var(--h2_typography-line-height);--awb-caption-title-letter-spacing:var(--h2_typography-letter-spacing);\"><span class=\" fusion-imageframe imageframe-none imageframe-1 hover-type-none\"><img decoding=\"async\" width=\"1024\" height=\"683\" alt=\"Event Image\" title=\"290355382_429675369169865_6207226977923683166_n\" src=\"https:\/\/www.colorectalcancercanada.com\/wp-content\/uploads\/2023\/07\/290355382_429675369169865_6207226977923683166_n-1024x683.jpeg\" class=\"img-responsive wp-image-1299\" srcset=\"https:\/\/www.colorectalcancercanada.com\/wp-content\/uploads\/2023\/07\/290355382_429675369169865_6207226977923683166_n-200x133.jpeg 200w, https:\/\/www.colorectalcancercanada.com\/wp-content\/uploads\/2023\/07\/290355382_429675369169865_6207226977923683166_n-400x267.jpeg 400w, https:\/\/www.colorectalcancercanada.com\/wp-content\/uploads\/2023\/07\/290355382_429675369169865_6207226977923683166_n-600x400.jpeg 600w, https:\/\/www.colorectalcancercanada.com\/wp-content\/uploads\/2023\/07\/290355382_429675369169865_6207226977923683166_n-800x533.jpeg 800w, https:\/\/www.colorectalcancercanada.com\/wp-content\/uploads\/2023\/07\/290355382_429675369169865_6207226977923683166_n-1200x800.jpeg 1200w\" sizes=\"(max-width: 640px) 100vw, 1200px\" \/><\/span><\/div><div class=\"fusion-text fusion-text-1\" style=\"--awb-margin-top:20px;\"><p>Donnons un bon coup de pied aux fesses au cancer!<\/p>\n<p>Marche\/course annuelle de 5km\/10km!<\/p>\n<p>Joignez-vous \u00e0 une marche\/course dans VOTRE communaut\u00e9 ou en virtuel. C\u00e9l\u00e9brez notre 30ieme anniversaire avec nous tout en contribuant \u00e0 la sensibilisation au cancer colorectal au Canada.<\/p>\n<h4 data-fontsize=\"25\" data-lineheight=\"30px\" class=\"fusion-responsive-typography-calculated\" style=\"--fontSize: 25; line-height: 1.2; --minFontSize: 25;\"><a href=\"https:\/\/bougeonspourlecolon.crowdchange.ca\/\" target=\"_blank\" rel=\"noopener\">INSCRIVEZ-VOUS ICI!<\/a><\/h4>\n<\/div><div ><a class=\"fusion-button button-flat fusion-button-default-size button-default fusion-button-default button-1 fusion-button-default-span fusion-button-default-type\" target=\"_self\" href=\"https:\/\/bougeonspourlecolon.crowdchange.ca\/\" rel=\"noopener\"><span class=\"fusion-button-text awb-button__text awb-button__text--default\">BPLC<\/span><\/a><\/div><div class=\"fusion-social-links fusion-social-links-1\" style=\"--awb-margin-top:20px;--awb-margin-right:0px;--awb-margin-bottom:0px;--awb-margin-left:0px;--awb-box-border-top:0px;--awb-box-border-right:0px;--awb-box-border-bottom:0px;--awb-box-border-left:0px;--awb-icon-colors-hover:var(--awb-color4);--awb-box-colors-hover:var(--awb-color1);--awb-box-border-color:var(--awb-color3);--awb-box-border-color-hover:#f35237;\"><div class=\"fusion-social-networks color-type-custom\"><div class=\"fusion-social-networks-wrapper\"><a class=\"fusion-social-network-icon fusion-tooltip fusion-facebook awb-icon-facebook\" style=\"color:var(--awb-color6);font-size:16px;\" data-placement=\"top\" data-title=\"Facebook\" data-toggle=\"tooltip\" title=\"Facebook\" aria-label=\"facebook\" target=\"_blank\" rel=\"noopener noreferrer\" href=\"https:\/\/www.facebook.com\/login.php?skip_api_login=1&amp;api_key=966242223397117&amp;signed_next=1&amp;next=https%3A%2F%2Fwww.facebook.com%2Fsharer%2Fsharer.php%3Fu%3Dhttps%253A%252F%252Fwww.colorectalcancercanada.com%252Fevent%252Fpush-for-your-tush-walks-runs-2023%252F%26t%3DPUSH%2BFOR%2BYOUR%2BTUSH%2B2023%252C%2B25th%2BAnniversary%26quote&amp;cancel_url=https%3A%2F%2Fwww.facebook.com%2Fdialog%2Fclose_window%2F%3Fapp_id%3D966242223397117%26connect%3D0%23_%3D_&amp;display=popup&amp;locale=en_GB\"><\/a><a class=\"fusion-social-network-icon fusion-tooltip fusion-twitter awb-icon-twitter\" style=\"color:var(--awb-color6);font-size:16px;\" data-placement=\"top\" data-title=\"X\" data-toggle=\"tooltip\" title=\"X\" aria-label=\"twitter\" target=\"_blank\" rel=\"noopener noreferrer\" href=\"https:\/\/twitter.com\/i\/flow\/login?redirect_after_login=%2Fintent%2Ftweet%3Ftext%3DPUSH%2520FOR%2520YOUR%2520TUSH%25202023%252C%252025th%2520Anniversary%2520https%253A%252F%252Fwww.colorectalcancercanada.com%252Fevent%252Fpush-for-your-tush-walks-runs-2023%252F%26related%3DAddToAny%2Cmicropat\"><\/a><a class=\"fusion-social-network-icon fusion-tooltip fusion-linkedin awb-icon-linkedin\" style=\"color:var(--awb-color6);font-size:16px;\" data-placement=\"top\" data-title=\"LinkedIn\" data-toggle=\"tooltip\" title=\"LinkedIn\" aria-label=\"linkedin\" target=\"_blank\" rel=\"noopener noreferrer\" href=\"https:\/\/www.linkedin.com\/uas\/login?session_redirect=https%3A%2F%2Fwww.linkedin.com%2FshareArticle%3Fmini%3Dtrue%26url%3Dhttps%253A%252F%252Fwww.colorectalcancercanada.com%252Fevent%252Fpush-for-your-tush-walks-runs-2023%252F%26title%3DPUSH%2520FOR%2520YOUR%2520TUSH%25202023%252C%252025th%2520Anniversary%26summary%3D%26source%3DAddToAny\"><\/a><a class=\"fusion-social-network-icon fusion-tooltip fusion-mail awb-icon-mail\" style=\"color:var(--awb-color6);font-size:16px;\" data-placement=\"top\" data-title=\"Email\" data-toggle=\"tooltip\" title=\"Email\" aria-label=\"mail\" target=\"_blank\" rel=\"noopener noreferrer\" href=\"https:\/\/www.addtoany.com\/add_to\/email?linkurl=https%3A%2F%2Fwww.colorectalcancercanada.com%2Fevent%2Fpush-for-your-tush-walks-runs-2023%2F&amp;linkname=PUSH%20FOR%20YOUR%20TUSH%202023%2C%2025th%20Anniversary&amp;linknote=%0A%0A%0ALet%E2%80%99s%20Kick%20Cancer%E2%80%99s%20Butt!%0AThe%202023%20ANNUAL%205K%2F10K%20RUN%2FWALK!%0APush%20for%20Your%20Tush%20is%20Canada%E2%80%99s%20largest%20colorectal%20cancer%20focused%20event.\"><\/a><\/div><\/div><\/div><\/div><\/div><\/div><\/div>\n","protected":false},"excerpt":{"rendered":"","protected":false},"author":1,"featured_media":11810,"parent":843,"menu_order":1,"comment_status":"closed","ping_status":"closed","template":"100-width.php","meta":{"_price":"","_stock":"","_tribe_ticket_header":"","_tribe_default_ticket_provider":"","_tribe_ticket_capacity":"0","_ticket_start_date":"","_ticket_end_date":"","_tribe_ticket_show_description":"","_tribe_ticket_show_not_going":false,"_tribe_ticket_use_global_stock":"","_tribe_ticket_global_stock_level":"","_global_stock_mode":"","_global_stock_cap":"","_tribe_rsvp_for_event":"","_tribe_ticket_going_count":"","_tribe_ticket_not_going_count":"","_tribe_tickets_list":"[]","_tribe_ticket_has_attendee_info_fields":false,"footnotes":"","_tec_slr_enabled":"","_tec_slr_layout":""},"class_list":["post-845","page","type-page","status-publish","has-post-thumbnail","hentry"],"ticketed":false,"_links":{"self":[{"href":"https:\/\/www.colorectalcancercanada.com\/fr\/wp-json\/wp\/v2\/pages\/845","targetHints":{"allow":["GET"]}}],"collection":[{"href":"https:\/\/www.colorectalcancercanada.com\/fr\/wp-json\/wp\/v2\/pages"}],"about":[{"href":"https:\/\/www.colorectalcancercanada.com\/fr\/wp-json\/wp\/v2\/types\/page"}],"author":[{"embeddable":true,"href":"https:\/\/www.colorectalcancercanada.com\/fr\/wp-json\/wp\/v2\/users\/1"}],"replies":[{"embeddable":true,"href":"https:\/\/www.colorectalcancercanada.com\/fr\/wp-json\/wp\/v2\/comments?post=845"}],"version-history":[{"count":0,"href":"https:\/\/www.colorectalcancercanada.com\/fr\/wp-json\/wp\/v2\/pages\/845\/revisions"}],"up":[{"embeddable":true,"href":"https:\/\/www.colorectalcancercanada.com\/fr\/wp-json\/wp\/v2\/pages\/843"}],"wp:featuredmedia":[{"embeddable":true,"href":"https:\/\/www.colorectalcancercanada.com\/fr\/wp-json\/wp\/v2\/media\/11810"}],"wp:attachment":[{"href":"https:\/\/www.colorectalcancercanada.com\/fr\/wp-json\/wp\/v2\/media?parent=845"}],"curies":[{"name":"wp","href":"https:\/\/api.w.org\/{rel}","templated":true}]}}