 {"id":844,"date":"2023-07-12T10:09:34","date_gmt":"2023-07-12T10:09:34","guid":{"rendered":"https:\/\/colorectalcc.wpengine.com\/?page_id=844"},"modified":"2025-06-05T13:34:55","modified_gmt":"2025-06-05T13:34:55","slug":"tournee-colon-geant","status":"publish","type":"page","link":"https:\/\/www.colorectalcancercanada.com\/fr\/evenements-et-conferences\/tournee-colon-geant\/","title":{"rendered":"Tourn\u00e9e du c\u00f4lon g\u00e9ant"},"content":{"rendered":"<p><div class=\"fusion-fullwidth fullwidth-box fusion-builder-row-1 fusion-flex-container has-pattern-background has-mask-background nonhundred-percent-fullwidth non-hundred-percent-height-scrolling\" style=\"--awb-border-radius-top-left:0px;--awb-border-radius-top-right:0px;--awb-border-radius-bottom-right:0px;--awb-border-radius-bottom-left:0px;--awb-flex-wrap:wrap;\" ><div class=\"fusion-builder-row fusion-row fusion-flex-align-items-flex-start fusion-flex-content-wrap\" style=\"max-width:1248px;margin-left: calc(-4% \/ 2 );margin-right: calc(-4% \/ 2 );\"><div class=\"fusion-layout-column fusion_builder_column fusion-builder-column-0 fusion_builder_column_1_1 1_1 fusion-flex-column\" style=\"--awb-bg-size:cover;--awb-width-large:100%;--awb-margin-top-large:0px;--awb-spacing-right-large:1.92%;--awb-margin-bottom-large:20px;--awb-spacing-left-large:1.92%;--awb-width-medium:100%;--awb-order-medium:0;--awb-spacing-right-medium:1.92%;--awb-spacing-left-medium:1.92%;--awb-width-small:100%;--awb-order-small:0;--awb-spacing-right-small:1.92%;--awb-spacing-left-small:1.92%;\"><div class=\"fusion-column-wrapper fusion-column-has-shadow fusion-flex-justify-content-flex-start fusion-content-layout-column\"><div class=\"fusion-title title fusion-title-1 fusion-sep-none fusion-title-text fusion-title-size-one custom-title\" style=\"--awb-margin-top-small:10px;--awb-margin-right-small:0px;--awb-margin-bottom-small:10px;--awb-margin-left-small:0px;\"><h1 class=\"fusion-title-heading title-heading-left\" style=\"margin:0;\">LE C\u00d4LON G\u00c9ANT<\/h1><\/div><div class=\"fusion-text fusion-text-1\"><p><a href=\"https:\/\/www.colorectalcancercanada.com\/fr\/a-propos\/\">Chez Cancer colorectal Canada<\/a> (CCC), nous sommes heureux d\u2019offrir aux organisations \u00e0 travers le Canada l\u2019occasion unique de sensibiliser la population au cancer colorectal ainsi que les autres maladies touchant le c\u00f4lon humain, en leur permettant d\u2019\u00eatre l\u2019h\u00f4te de l\u2019exposition Le c\u00f4lon g\u00e9ant. Mettant en vedette une \u00e9tonnante structure mesurant 12 m\u00e8tres (40 pieds) de longueur sur 2,5 (8 pieds) m\u00e8tres de hauteur, Le c\u00f4lon g\u00e9ant est une exposition multim\u00e9dia gonflable, adapt\u00e9e \u00e0 tous les \u00e2ges. On y pr\u00e9sente les maladies qui touchent le c\u00f4lon humain, notamment le cancer colorectal, ainsi que les m\u00e9thodes de pr\u00e9vention. Le c\u00f4lon g\u00e9ant a vu le jour en mars 2009, pendant le <a href=\"https:\/\/www.colorectalcancercanada.com\/fr\/evenements-et-conferences\/mois-national-de-la-sensibilisation-au-cancer-colorectal\/\">Mois national de la sensibilisation au cancer colorectal<\/a>, et s\u2019arr\u00eate r\u00e9guli\u00e8rement dans toutes les r\u00e9gions du pays.<\/p>\n<\/div><\/div><\/div><\/div><\/div><div class=\"fusion-fullwidth fullwidth-box fusion-builder-row-2 fusion-flex-container has-pattern-background has-mask-background nonhundred-percent-fullwidth non-hundred-percent-height-scrolling\" style=\"--awb-border-radius-top-left:0px;--awb-border-radius-top-right:0px;--awb-border-radius-bottom-right:0px;--awb-border-radius-bottom-left:0px;--awb-flex-wrap:wrap;\" ><div class=\"fusion-builder-row fusion-row fusion-flex-align-items-center fusion-flex-content-wrap\" style=\"max-width:1248px;margin-left: calc(-4% \/ 2 );margin-right: calc(-4% \/ 2 );\"><div class=\"fusion-layout-column fusion_builder_column fusion-builder-column-1 fusion_builder_column_1_2 1_2 fusion-flex-column\" style=\"--awb-bg-size:cover;--awb-width-large:50%;--awb-margin-top-large:0px;--awb-spacing-right-large:3.84%;--awb-margin-bottom-large:20px;--awb-spacing-left-large:3.84%;--awb-width-medium:50%;--awb-order-medium:0;--awb-spacing-right-medium:3.84%;--awb-spacing-left-medium:3.84%;--awb-width-small:100%;--awb-order-small:0;--awb-spacing-right-small:1.92%;--awb-spacing-left-small:1.92%;\"><div class=\"fusion-column-wrapper fusion-column-has-shadow fusion-flex-justify-content-flex-start fusion-content-layout-column\"><div class=\"fusion-image-element \" style=\"--awb-caption-title-font-family:var(--h2_typography-font-family);--awb-caption-title-font-weight:var(--h2_typography-font-weight);--awb-caption-title-font-style:var(--h2_typography-font-style);--awb-caption-title-size:var(--h2_typography-font-size);--awb-caption-title-transform:var(--h2_typography-text-transform);--awb-caption-title-line-height:var(--h2_typography-line-height);--awb-caption-title-letter-spacing:var(--h2_typography-letter-spacing);\"><span class=\" fusion-imageframe imageframe-none imageframe-1 hover-type-none\"><img decoding=\"async\" width=\"630\" height=\"630\" alt=\"LOUEZ LE COLON GEANT\" title=\"LOUEZ LE COLON GEANT\" src=\"https:\/\/www.colorectalcancercanada.com\/wp-content\/uploads\/2024\/02\/LOUEZ.jpg\" class=\"img-responsive wp-image-11562\" srcset=\"https:\/\/www.colorectalcancercanada.com\/wp-content\/uploads\/2024\/02\/LOUEZ-200x200.jpg 200w, https:\/\/www.colorectalcancercanada.com\/wp-content\/uploads\/2024\/02\/LOUEZ-400x400.jpg 400w, https:\/\/www.colorectalcancercanada.com\/wp-content\/uploads\/2024\/02\/LOUEZ-600x600.jpg 600w, https:\/\/www.colorectalcancercanada.com\/wp-content\/uploads\/2024\/02\/LOUEZ.jpg 630w\" sizes=\"(max-width: 640px) 100vw, 600px\" \/><\/span><\/div><\/div><\/div><div class=\"fusion-layout-column fusion_builder_column fusion-builder-column-2 fusion_builder_column_1_2 1_2 fusion-flex-column\" style=\"--awb-bg-size:cover;--awb-width-large:50%;--awb-margin-top-large:0px;--awb-spacing-right-large:3.84%;--awb-margin-bottom-large:20px;--awb-spacing-left-large:3.84%;--awb-width-medium:50%;--awb-order-medium:0;--awb-spacing-right-medium:3.84%;--awb-spacing-left-medium:3.84%;--awb-width-small:100%;--awb-order-small:0;--awb-spacing-right-small:1.92%;--awb-spacing-left-small:1.92%;\"><div class=\"fusion-column-wrapper fusion-column-has-shadow fusion-flex-justify-content-flex-start fusion-content-layout-column\"><div class=\"fusion-text fusion-text-2\"><p>L\u2019exposition est anim\u00e9e par le Dr. Preventino, charact\u00e8re fictionnel de CCC. Apparaissant sur cinq \u00e9crans, les vid\u00e9os du Dr. Preventino guide les visiteurs \u00e0 l\u2019int\u00e9rieur du c\u00f4lon g\u00e9ant, tout en expliquant les signes et sympt\u00f4mes et les diff\u00e9rents stades de la maladie. Dr. Preventino offre aussi des conseils la fa\u00e7on d\u2019assurer la sant\u00e9 de leur c\u00f4lon : notamment l\u2019importance du d\u00e9pistage et saines habitudes de vie.<\/p>\n<p>Pour devenir l\u2019h\u00f4te de l\u2019exposition ou organiser une tourn\u00e9e, veuillez communiquer avec Nicola Hakim.<br \/>\nCourriel :\u00a0<a href=\"mailto:nicolah@colorectalcancercanada.com\">nicolah@colorectalcancercanada.com<\/a>.<\/p>\n<p><span style=\"font-weight: 400;\">T\u00e9l\u00a0: 1-877-502-6566 ext 2527<\/span><\/p>\n<\/div><\/div><\/div><\/div><\/div><div class=\"fusion-fullwidth fullwidth-box fusion-builder-row-3 fusion-flex-container has-pattern-background has-mask-background nonhundred-percent-fullwidth non-hundred-percent-height-scrolling\" style=\"--awb-border-radius-top-left:0px;--awb-border-radius-top-right:0px;--awb-border-radius-bottom-right:0px;--awb-border-radius-bottom-left:0px;--awb-min-height:100px;--awb-flex-wrap:wrap;\" ><div class=\"fusion-builder-row fusion-row fusion-flex-align-items-flex-start fusion-flex-content-wrap\" style=\"max-width:1248px;margin-left: calc(-4% \/ 2 );margin-right: calc(-4% \/ 2 );\"><div class=\"fusion-layout-column fusion_builder_column fusion-builder-column-3 fusion_builder_column_1_1 1_1 fusion-flex-column\" style=\"--awb-bg-size:cover;--awb-width-large:100%;--awb-margin-top-large:0px;--awb-spacing-right-large:1.92%;--awb-margin-bottom-large:20px;--awb-spacing-left-large:1.92%;--awb-width-medium:100%;--awb-order-medium:0;--awb-spacing-right-medium:1.92%;--awb-spacing-left-medium:1.92%;--awb-width-small:100%;--awb-order-small:0;--awb-spacing-right-small:1.92%;--awb-spacing-left-small:1.92%;\"><div class=\"fusion-column-wrapper fusion-column-has-shadow fusion-flex-justify-content-flex-start fusion-content-layout-column\"><div class=\"fusion-text fusion-text-3\"><h2>Voir notre exposition sur le colon g\u00e9ant<\/h2>\n<\/div><\/div><\/div><div class=\"fusion-layout-column fusion_builder_column fusion-builder-column-4 fusion_builder_column_1_2 1_2 fusion-flex-column\" style=\"--awb-bg-size:cover;--awb-width-large:50%;--awb-margin-top-large:0px;--awb-spacing-right-large:3.84%;--awb-margin-bottom-large:20px;--awb-spacing-left-large:3.84%;--awb-width-medium:50%;--awb-order-medium:0;--awb-spacing-right-medium:3.84%;--awb-spacing-left-medium:3.84%;--awb-width-small:100%;--awb-order-small:0;--awb-spacing-right-small:1.92%;--awb-spacing-left-small:1.92%;\" data-scroll-devices=\"small-visibility,medium-visibility,large-visibility\"><div class=\"fusion-column-wrapper fusion-column-has-shadow fusion-flex-justify-content-flex-start fusion-content-layout-column\"><div class=\"fusion-image-element \" style=\"--awb-caption-title-font-family:var(--h2_typography-font-family);--awb-caption-title-font-weight:var(--h2_typography-font-weight);--awb-caption-title-font-style:var(--h2_typography-font-style);--awb-caption-title-size:var(--h2_typography-font-size);--awb-caption-title-transform:var(--h2_typography-text-transform);--awb-caption-title-line-height:var(--h2_typography-line-height);--awb-caption-title-letter-spacing:var(--h2_typography-letter-spacing);\"><span class=\" fusion-imageframe imageframe-none imageframe-2 hover-type-none\"><img decoding=\"async\" width=\"1000\" height=\"563\" title=\"GC-1\" src=\"https:\/\/www.colorectalcancercanada.com\/wp-content\/uploads\/2024\/01\/GC-1-1.jpg\" alt class=\"img-responsive wp-image-11028\" srcset=\"https:\/\/www.colorectalcancercanada.com\/wp-content\/uploads\/2024\/01\/GC-1-1-200x113.jpg 200w, https:\/\/www.colorectalcancercanada.com\/wp-content\/uploads\/2024\/01\/GC-1-1-400x225.jpg 400w, https:\/\/www.colorectalcancercanada.com\/wp-content\/uploads\/2024\/01\/GC-1-1-600x338.jpg 600w, https:\/\/www.colorectalcancercanada.com\/wp-content\/uploads\/2024\/01\/GC-1-1-800x450.jpg 800w, https:\/\/www.colorectalcancercanada.com\/wp-content\/uploads\/2024\/01\/GC-1-1.jpg 1000w\" sizes=\"(max-width: 640px) 100vw, 600px\" \/><\/span><\/div><\/div><\/div><div class=\"fusion-layout-column fusion_builder_column fusion-builder-column-5 fusion_builder_column_1_2 1_2 fusion-flex-column\" style=\"--awb-bg-size:cover;--awb-width-large:50%;--awb-margin-top-large:0px;--awb-spacing-right-large:3.84%;--awb-margin-bottom-large:20px;--awb-spacing-left-large:3.84%;--awb-width-medium:50%;--awb-order-medium:0;--awb-spacing-right-medium:3.84%;--awb-spacing-left-medium:3.84%;--awb-width-small:100%;--awb-order-small:0;--awb-spacing-right-small:1.92%;--awb-spacing-left-small:1.92%;\" data-scroll-devices=\"small-visibility,medium-visibility,large-visibility\"><div class=\"fusion-column-wrapper fusion-column-has-shadow fusion-flex-justify-content-flex-start fusion-content-layout-column\"><div class=\"fusion-image-element \" style=\"--awb-caption-title-font-family:var(--h2_typography-font-family);--awb-caption-title-font-weight:var(--h2_typography-font-weight);--awb-caption-title-font-style:var(--h2_typography-font-style);--awb-caption-title-size:var(--h2_typography-font-size);--awb-caption-title-transform:var(--h2_typography-text-transform);--awb-caption-title-line-height:var(--h2_typography-line-height);--awb-caption-title-letter-spacing:var(--h2_typography-letter-spacing);\"><span class=\" fusion-imageframe imageframe-none imageframe-3 hover-type-none\"><img decoding=\"async\" width=\"1000\" height=\"563\" title=\"GC-2\" src=\"https:\/\/www.colorectalcancercanada.com\/wp-content\/uploads\/2024\/01\/GC-2-1.jpg\" alt class=\"img-responsive wp-image-11022\" srcset=\"https:\/\/www.colorectalcancercanada.com\/wp-content\/uploads\/2024\/01\/GC-2-1-200x113.jpg 200w, https:\/\/www.colorectalcancercanada.com\/wp-content\/uploads\/2024\/01\/GC-2-1-400x225.jpg 400w, https:\/\/www.colorectalcancercanada.com\/wp-content\/uploads\/2024\/01\/GC-2-1-600x338.jpg 600w, https:\/\/www.colorectalcancercanada.com\/wp-content\/uploads\/2024\/01\/GC-2-1-800x450.jpg 800w, https:\/\/www.colorectalcancercanada.com\/wp-content\/uploads\/2024\/01\/GC-2-1.jpg 1000w\" sizes=\"(max-width: 640px) 100vw, 600px\" \/><\/span><\/div><\/div><\/div><div class=\"fusion-layout-column fusion_builder_column fusion-builder-column-6 fusion_builder_column_1_2 1_2 fusion-flex-column\" style=\"--awb-bg-size:cover;--awb-width-large:50%;--awb-margin-top-large:0px;--awb-spacing-right-large:3.84%;--awb-margin-bottom-large:20px;--awb-spacing-left-large:3.84%;--awb-width-medium:50%;--awb-order-medium:0;--awb-spacing-right-medium:3.84%;--awb-spacing-left-medium:3.84%;--awb-width-small:100%;--awb-order-small:0;--awb-spacing-right-small:1.92%;--awb-spacing-left-small:1.92%;\" data-scroll-devices=\"small-visibility,medium-visibility,large-visibility\"><div class=\"fusion-column-wrapper fusion-column-has-shadow fusion-flex-justify-content-flex-start fusion-content-layout-column\"><div class=\"fusion-image-element \" style=\"--awb-caption-title-font-family:var(--h2_typography-font-family);--awb-caption-title-font-weight:var(--h2_typography-font-weight);--awb-caption-title-font-style:var(--h2_typography-font-style);--awb-caption-title-size:var(--h2_typography-font-size);--awb-caption-title-transform:var(--h2_typography-text-transform);--awb-caption-title-line-height:var(--h2_typography-line-height);--awb-caption-title-letter-spacing:var(--h2_typography-letter-spacing);\"><span class=\" fusion-imageframe imageframe-none imageframe-4 hover-type-none\"><img decoding=\"async\" width=\"1000\" height=\"563\" title=\"GC-3\" src=\"https:\/\/www.colorectalcancercanada.com\/wp-content\/uploads\/2024\/01\/GC-3-1.jpg\" alt class=\"img-responsive wp-image-11024\" srcset=\"https:\/\/www.colorectalcancercanada.com\/wp-content\/uploads\/2024\/01\/GC-3-1-200x113.jpg 200w, https:\/\/www.colorectalcancercanada.com\/wp-content\/uploads\/2024\/01\/GC-3-1-400x225.jpg 400w, https:\/\/www.colorectalcancercanada.com\/wp-content\/uploads\/2024\/01\/GC-3-1-600x338.jpg 600w, https:\/\/www.colorectalcancercanada.com\/wp-content\/uploads\/2024\/01\/GC-3-1-800x450.jpg 800w, https:\/\/www.colorectalcancercanada.com\/wp-content\/uploads\/2024\/01\/GC-3-1.jpg 1000w\" sizes=\"(max-width: 640px) 100vw, 600px\" \/><\/span><\/div><\/div><\/div><div class=\"fusion-layout-column fusion_builder_column fusion-builder-column-7 fusion_builder_column_1_2 1_2 fusion-flex-column\" style=\"--awb-bg-size:cover;--awb-width-large:50%;--awb-margin-top-large:0px;--awb-spacing-right-large:3.84%;--awb-margin-bottom-large:20px;--awb-spacing-left-large:3.84%;--awb-width-medium:50%;--awb-order-medium:0;--awb-spacing-right-medium:3.84%;--awb-spacing-left-medium:3.84%;--awb-width-small:100%;--awb-order-small:0;--awb-spacing-right-small:1.92%;--awb-spacing-left-small:1.92%;\" data-scroll-devices=\"small-visibility,medium-visibility,large-visibility\"><div class=\"fusion-column-wrapper fusion-column-has-shadow fusion-flex-justify-content-flex-start fusion-content-layout-column\"><div class=\"fusion-image-element \" style=\"--awb-caption-title-font-family:var(--h2_typography-font-family);--awb-caption-title-font-weight:var(--h2_typography-font-weight);--awb-caption-title-font-style:var(--h2_typography-font-style);--awb-caption-title-size:var(--h2_typography-font-size);--awb-caption-title-transform:var(--h2_typography-text-transform);--awb-caption-title-line-height:var(--h2_typography-line-height);--awb-caption-title-letter-spacing:var(--h2_typography-letter-spacing);\"><span class=\" fusion-imageframe imageframe-none imageframe-5 hover-type-none\"><img decoding=\"async\" width=\"1000\" height=\"563\" title=\"GC-4\" src=\"https:\/\/www.colorectalcancercanada.com\/wp-content\/uploads\/2024\/01\/GC-4-1.jpg\" alt class=\"img-responsive wp-image-11026\" srcset=\"https:\/\/www.colorectalcancercanada.com\/wp-content\/uploads\/2024\/01\/GC-4-1-200x113.jpg 200w, https:\/\/www.colorectalcancercanada.com\/wp-content\/uploads\/2024\/01\/GC-4-1-400x225.jpg 400w, https:\/\/www.colorectalcancercanada.com\/wp-content\/uploads\/2024\/01\/GC-4-1-600x338.jpg 600w, https:\/\/www.colorectalcancercanada.com\/wp-content\/uploads\/2024\/01\/GC-4-1-800x450.jpg 800w, https:\/\/www.colorectalcancercanada.com\/wp-content\/uploads\/2024\/01\/GC-4-1.jpg 1000w\" sizes=\"(max-width: 640px) 100vw, 600px\" \/><\/span><\/div><\/div><\/div><\/div><\/div><\/p>\n","protected":false},"excerpt":{"rendered":"","protected":false},"author":1,"featured_media":11810,"parent":843,"menu_order":0,"comment_status":"closed","ping_status":"closed","template":"100-width.php","meta":{"_price":"","_stock":"","_tribe_ticket_header":"","_tribe_default_ticket_provider":"","_tribe_ticket_capacity":"0","_ticket_start_date":"","_ticket_end_date":"","_tribe_ticket_show_description":"","_tribe_ticket_show_not_going":false,"_tribe_ticket_use_global_stock":"","_tribe_ticket_global_stock_level":"","_global_stock_mode":"","_global_stock_cap":"","_tribe_rsvp_for_event":"","_tribe_ticket_going_count":"","_tribe_ticket_not_going_count":"","_tribe_tickets_list":"[]","_tribe_ticket_has_attendee_info_fields":false,"footnotes":"","_tec_slr_enabled":"","_tec_slr_layout":""},"class_list":["post-844","page","type-page","status-publish","has-post-thumbnail","hentry"],"ticketed":false,"_links":{"self":[{"href":"https:\/\/www.colorectalcancercanada.com\/fr\/wp-json\/wp\/v2\/pages\/844","targetHints":{"allow":["GET"]}}],"collection":[{"href":"https:\/\/www.colorectalcancercanada.com\/fr\/wp-json\/wp\/v2\/pages"}],"about":[{"href":"https:\/\/www.colorectalcancercanada.com\/fr\/wp-json\/wp\/v2\/types\/page"}],"author":[{"embeddable":true,"href":"https:\/\/www.colorectalcancercanada.com\/fr\/wp-json\/wp\/v2\/users\/1"}],"replies":[{"embeddable":true,"href":"https:\/\/www.colorectalcancercanada.com\/fr\/wp-json\/wp\/v2\/comments?post=844"}],"version-history":[{"count":0,"href":"https:\/\/www.colorectalcancercanada.com\/fr\/wp-json\/wp\/v2\/pages\/844\/revisions"}],"up":[{"embeddable":true,"href":"https:\/\/www.colorectalcancercanada.com\/fr\/wp-json\/wp\/v2\/pages\/843"}],"wp:featuredmedia":[{"embeddable":true,"href":"https:\/\/www.colorectalcancercanada.com\/fr\/wp-json\/wp\/v2\/media\/11810"}],"wp:attachment":[{"href":"https:\/\/www.colorectalcancercanada.com\/fr\/wp-json\/wp\/v2\/media?parent=844"}],"curies":[{"name":"wp","href":"https:\/\/api.w.org\/{rel}","templated":true}]}}