 {"id":839,"date":"2023-07-12T10:05:20","date_gmt":"2023-07-12T10:05:20","guid":{"rendered":"https:\/\/colorectalcc.wpengine.com\/?page_id=839"},"modified":"2024-10-16T18:59:34","modified_gmt":"2024-10-16T18:59:34","slug":"symptomes-comptent","status":"publish","type":"page","link":"https:\/\/www.colorectalcancercanada.com\/fr\/ce-que-nous-faisons\/programmes\/symptomes-comptent\/","title":{"rendered":"Mes symptomes comptent"},"content":{"rendered":"<p><div class=\"fusion-fullwidth fullwidth-box fusion-builder-row-1 fusion-flex-container has-pattern-background has-mask-background nonhundred-percent-fullwidth non-hundred-percent-height-scrolling\" style=\"--awb-border-radius-top-left:0px;--awb-border-radius-top-right:0px;--awb-border-radius-bottom-right:0px;--awb-border-radius-bottom-left:0px;--awb-flex-wrap:wrap;\" ><div class=\"fusion-builder-row fusion-row fusion-flex-align-items-center fusion-flex-content-wrap\" style=\"max-width:1248px;margin-left: calc(-4% \/ 2 );margin-right: calc(-4% \/ 2 );\"><div class=\"fusion-layout-column fusion_builder_column fusion-builder-column-0 fusion_builder_column_1_1 1_1 fusion-flex-column\" style=\"--awb-bg-size:cover;--awb-width-large:100%;--awb-margin-top-large:0px;--awb-spacing-right-large:1.92%;--awb-margin-bottom-large:20px;--awb-spacing-left-large:1.92%;--awb-width-medium:100%;--awb-order-medium:0;--awb-spacing-right-medium:1.92%;--awb-spacing-left-medium:1.92%;--awb-width-small:100%;--awb-order-small:0;--awb-spacing-right-small:1.92%;--awb-spacing-left-small:1.92%;\"><div class=\"fusion-column-wrapper fusion-column-has-shadow fusion-flex-justify-content-flex-start fusion-content-layout-column\"><div class=\"fusion-title title fusion-title-1 fusion-sep-none fusion-title-text fusion-title-size-one custom-title\" style=\"--awb-margin-top-small:10px;--awb-margin-right-small:0px;--awb-margin-bottom-small:10px;--awb-margin-left-small:0px;\"><h1 class=\"fusion-title-heading title-heading-left\" style=\"margin:0;\">Mes symptomes comptent<\/h1><\/div><\/div><\/div><div class=\"fusion-layout-column fusion_builder_column fusion-builder-column-1 fusion_builder_column_2_3 2_3 fusion-flex-column\" style=\"--awb-bg-size:cover;--awb-width-large:66.666666666667%;--awb-margin-top-large:0px;--awb-spacing-right-large:2.88%;--awb-margin-bottom-large:20px;--awb-spacing-left-large:2.88%;--awb-width-medium:66.666666666667%;--awb-order-medium:0;--awb-spacing-right-medium:2.88%;--awb-spacing-left-medium:2.88%;--awb-width-small:100%;--awb-order-small:0;--awb-spacing-right-small:1.92%;--awb-spacing-left-small:1.92%;\"><div class=\"fusion-column-wrapper fusion-column-has-shadow fusion-flex-justify-content-flex-start fusion-content-layout-column\"><div class=\"fusion-text fusion-text-1\"><p><a class=\"linkaa\" href=\"https:\/\/www.colorectalcancercanada.com\/wp-content\/uploads\/2023\/07\/My_Symptoms_Matter-Program-v4-1.pdf\" target=\"_blank\" rel=\"noopener\">Les taux d\u2019incidence de cancer colorectal augmentent de fa\u00e7on significative chez les jeunes et les personnes d\u2019\u00e2ge moyen, tandis que les taux continuent de diminuer chez les adultes de 55 ans et plus.<\/a>Depuis 2003, dans l\u2019ensemble du Canada, \u00e0 l\u2019exclusion du Qu\u00e9bec, l\u2019incidence du cancer colorectal a augment\u00e9 de 2,84 % et de 2,26 % par ann\u00e9e chez les hommes et les femmes de moins de 50 ans respectivement.<\/p>\n<\/div><\/div><\/div><div class=\"fusion-layout-column fusion_builder_column fusion-builder-column-2 fusion_builder_column_1_3 1_3 fusion-flex-column\" style=\"--awb-bg-size:cover;--awb-width-large:33.333333333333%;--awb-margin-top-large:0px;--awb-spacing-right-large:5.76%;--awb-margin-bottom-large:20px;--awb-spacing-left-large:5.76%;--awb-width-medium:33.333333333333%;--awb-order-medium:0;--awb-spacing-right-medium:5.76%;--awb-spacing-left-medium:5.76%;--awb-width-small:100%;--awb-order-small:0;--awb-spacing-right-small:1.92%;--awb-spacing-left-small:1.92%;\"><div class=\"fusion-column-wrapper fusion-column-has-shadow fusion-flex-justify-content-flex-start fusion-content-layout-column\"><div class=\"fusion-image-element \" style=\"--awb-caption-title-font-family:var(--h2_typography-font-family);--awb-caption-title-font-weight:var(--h2_typography-font-weight);--awb-caption-title-font-style:var(--h2_typography-font-style);--awb-caption-title-size:var(--h2_typography-font-size);--awb-caption-title-transform:var(--h2_typography-text-transform);--awb-caption-title-line-height:var(--h2_typography-line-height);--awb-caption-title-letter-spacing:var(--h2_typography-letter-spacing);\"><span class=\" fusion-imageframe imageframe-none imageframe-1 hover-type-none\"><img decoding=\"async\" width=\"446\" height=\"196\" alt=\"My_symptoms_matter-LOGO\" title=\"My_symptoms_matter-LOGO-FINAL-2\" src=\"https:\/\/www.colorectalcancercanada.com\/wp-content\/uploads\/2023\/07\/My_symptoms_matter-LOGO-FINAL-2.jpg\" class=\"img-responsive wp-image-1224\" srcset=\"https:\/\/www.colorectalcancercanada.com\/wp-content\/uploads\/2023\/07\/My_symptoms_matter-LOGO-FINAL-2-200x88.jpg 200w, https:\/\/www.colorectalcancercanada.com\/wp-content\/uploads\/2023\/07\/My_symptoms_matter-LOGO-FINAL-2-400x176.jpg 400w, https:\/\/www.colorectalcancercanada.com\/wp-content\/uploads\/2023\/07\/My_symptoms_matter-LOGO-FINAL-2.jpg 446w\" sizes=\"(max-width: 640px) 100vw, 400px\" \/><\/span><\/div><\/div><\/div><div class=\"fusion-layout-column fusion_builder_column fusion-builder-column-3 fusion_builder_column_1_1 1_1 fusion-flex-column\" style=\"--awb-bg-size:cover;--awb-width-large:100%;--awb-margin-top-large:0px;--awb-spacing-right-large:1.92%;--awb-margin-bottom-large:20px;--awb-spacing-left-large:1.92%;--awb-width-medium:100%;--awb-order-medium:0;--awb-spacing-right-medium:1.92%;--awb-spacing-left-medium:1.92%;--awb-width-small:100%;--awb-order-small:0;--awb-spacing-right-small:1.92%;--awb-spacing-left-small:1.92%;\"><div class=\"fusion-column-wrapper fusion-column-has-shadow fusion-flex-justify-content-flex-start fusion-content-layout-column\"><div class=\"fusion-text fusion-text-2\"><p>On remarque que dans les cas de patients atteints de cancer colorectal de tous \u00e2ges et plus particuli\u00e8rement chez ceux atteints de maladie \u00e0 pr\u00e9sentation pr\u00e9coce que certains sympt\u00f4mes sont fr\u00e9quemment ignor\u00e9s et que le diagnostic n\u2019est souvent fait que tardivement. Bien qu\u2019une multitude de facteurs puissent \u00eatre responsables de l\u2019augmentation du taux de cancer colorectal \u00e0 pr\u00e9sentation pr\u00e9coce, le manque de rigidit\u00e9 dans la formulation du diagnostic et dans le choix des soins en raison de leur \u00e2ge est ressenti par de nombreux patients. Les diagnostics n\u2019\u00e9tant pas faits \u00e0 temps peuvent mener au d\u00e9veloppement de la maladie qui par la suite, exige des th\u00e9rapies \u00e0 long terme complexes et aboutissent \u00e0 des pronostics d\u00e9favorables.<\/p>\n<p>Par cons\u00e9quent, il est important de s\u2019assurer que les patients re\u00e7oivent les bons soins au bon moment. Les m\u00e9decins de famille des patients sont g\u00e9n\u00e9ralement le premier point de contact avec le syst\u00e8me de soins de la sant\u00e9 auquel ils ont acc\u00e8s pour pallier \u00e0 leurs sympt\u00f4mes. Sensibiliser les m\u00e9decins de famille et les fournisseurs de soins de sant\u00e9 primaires aux sympt\u00f4mes du cancer colorectal peut aider \u00e0 pr\u00e9venir le manque de rigidit\u00e9 dans l\u2019\u00e9tablissement du diagnostic pr\u00e9cis. Il est \u00e9galement tout aussi essentiel d\u2019\u00e9duquer les patients sur ces signes et sympt\u00f4mes afin d\u2019\u00e9viter les diagnostics tardifs.<\/p>\n<p>Pour faire face \u00e0 l\u2019incidence croissante du cancer colorectal chez les jeunes, Cancer colorectal Canada a d\u00e9cid\u00e9 de lancer le programme \u00ab Mes sympt\u00f4mes comptent\u00bb visant \u00e0 sensibiliser les m\u00e9decins de famille et les pr\u00e9pos\u00e9s aux soins de sant\u00e9 primaires \u00e0 la d\u00e9tection pr\u00e9coce et \u00e0 l\u2019\u00e9valuation des signes et sympt\u00f4mes du cancer colorectal. Le programme se penche sur l\u2019alerte au public et \u00e0 son \u00e9ducation concernant le processus de l\u2019auto-identification des sympt\u00f4mes du cancer colorectal et l\u2019auto-d\u00e9fense des soins.<\/p>\n<\/div><\/div><\/div><\/div><\/div><div class=\"fusion-fullwidth fullwidth-box fusion-builder-row-2 fusion-flex-container has-pattern-background has-mask-background nonhundred-percent-fullwidth non-hundred-percent-height-scrolling\" style=\"--awb-border-radius-top-left:0px;--awb-border-radius-top-right:0px;--awb-border-radius-bottom-right:0px;--awb-border-radius-bottom-left:0px;--awb-flex-wrap:wrap;\" ><div class=\"fusion-builder-row fusion-row fusion-flex-align-items-flex-start fusion-flex-content-wrap\" style=\"max-width:1248px;margin-left: calc(-4% \/ 2 );margin-right: calc(-4% \/ 2 );\"><div class=\"fusion-layout-column fusion_builder_column fusion-builder-column-4 fusion_builder_column_1_1 1_1 fusion-flex-column\" style=\"--awb-bg-size:cover;--awb-width-large:100%;--awb-margin-top-large:0px;--awb-spacing-right-large:1.92%;--awb-margin-bottom-large:20px;--awb-spacing-left-large:1.92%;--awb-width-medium:100%;--awb-order-medium:0;--awb-spacing-right-medium:1.92%;--awb-spacing-left-medium:1.92%;--awb-width-small:100%;--awb-order-small:0;--awb-spacing-right-small:1.92%;--awb-spacing-left-small:1.92%;\"><div class=\"fusion-column-wrapper fusion-column-has-shadow fusion-flex-justify-content-flex-start fusion-content-layout-column\"><div class=\"fusion-title title fusion-title-2 fusion-sep-none fusion-title-text fusion-title-size-three\" style=\"--awb-margin-top-small:10px;--awb-margin-right-small:0px;--awb-margin-bottom-small:10px;--awb-margin-left-small:0px;\"><h3 class=\"fusion-title-heading title-heading-left\" style=\"margin:0;\">Les activit\u00e9s principales:<\/h3><\/div><ul style=\"--awb-size:24px;--awb-iconcolor:#3b74a7;--awb-line-height:40.8px;--awb-icon-width:40.8px;--awb-icon-height:40.8px;--awb-icon-margin:16.8px;--awb-content-margin:57.6px;\" class=\"fusion-checklist fusion-checklist-1 fusion-checklist-default type-icons\"><li class=\"fusion-li-item\" style=\"\"><span class=\"icon-wrapper circle-no\"><i class=\"fusion-li-icon fa-check fas\" aria-hidden=\"true\"><\/i><\/span><div class=\"fusion-li-item-content\">La revue de la litt\u00e9rature pour \u00e9valuer l\u2019impact des diagnostics de cancer colorectal tardifs et rep\u00e9rer les pratiques exemplaires et les lignes directrices cliniques<\/div><\/li><li class=\"fusion-li-item\" style=\"\"><span class=\"icon-wrapper circle-no\"><i class=\"fusion-li-icon fa-check fas\" aria-hidden=\"true\"><\/i><\/span><div class=\"fusion-li-item-content\">La bo\u00eete d\u2019outils qui vise \u00e0 sensibiliser les m\u00e9decins de famille et les fournisseurs de soins de sant\u00e9 primaires du point de vue de la pr\u00e9valence du cancer colorectal \u00e0 pr\u00e9sentation pr\u00e9coce chez les adultes plus jeunes ainsi que de la d\u00e9tection des signes et sympt\u00f4mes du cancer colorectal<\/div><\/li><li class=\"fusion-li-item\" style=\"\"><span class=\"icon-wrapper circle-no\"><i class=\"fusion-li-icon fa-check fas\" aria-hidden=\"true\"><\/i><\/span><div class=\"fusion-li-item-content\">La bo\u00eete d\u2019outils pr\u00e9vue pour \u00e9duquer le public et les patients \u00e0 auto-identifier les sympt\u00f4mes du cancer colorectal en temps opportun et \u00e0 en discuter avec leurs m\u00e9decins de famille afin d\u2019obtenir un examen et un d\u00e9pistage ad\u00e9quat et \u00e9ventuellement d\u2019\u00eatre r\u00e9f\u00e9r\u00e9 \u00e0 un sp\u00e9cialiste<\/div><\/li><li class=\"fusion-li-item\" style=\"\"><span class=\"icon-wrapper circle-no\"><i class=\"fusion-li-icon fa-check fas\" aria-hidden=\"true\"><\/i><\/span><div class=\"fusion-li-item-content\">Le lancement d\u2019une enqu\u00eate aupr\u00e8s des patients atteints d\u2019un cancer du CCR concernant leurs exp\u00e9riences de contact principal avec un m\u00e9decin de famille et leur diagnostic \u00e9ventue<\/div><\/li><li class=\"fusion-li-item\" style=\"\"><span class=\"icon-wrapper circle-no\"><i class=\"fusion-li-icon fa-check fas\" aria-hidden=\"true\"><\/i><\/span><div class=\"fusion-li-item-content\">Le lancement d\u2019une enqu\u00eate \u00e0 l\u2019intention des m\u00e9decins de famille concernant leurs exp\u00e9riences de premier plan au niveau de la d\u00e9tection des cas de CCR et des r\u00e9f\u00e9rences vers les sp\u00e9cialistes<\/div><\/li><li class=\"fusion-li-item\" style=\"\"><span class=\"icon-wrapper circle-no\"><i class=\"fusion-li-icon fa-check fas\" aria-hidden=\"true\"><\/i><\/span><div class=\"fusion-li-item-content\">Launch of survey for family practitioners regarding their first-hand experiences with detecting CRC cases and associated referrals<\/div><\/li><li class=\"fusion-li-item\" style=\"\"><span class=\"icon-wrapper circle-no\"><i class=\"fusion-li-icon fa-check fas\" aria-hidden=\"true\"><\/i><\/span><div class=\"fusion-li-item-content\">La campagne continue sur les m\u00e9dias sociaux<\/div><\/li><li class=\"fusion-li-item\" style=\"\"><span class=\"icon-wrapper circle-no\"><i class=\"fusion-li-icon fa-check fas\" aria-hidden=\"true\"><\/i><\/span><div class=\"fusion-li-item-content\">Les mesures d\u2019\u00e9laboration de partenariats afin de d\u00e9velopper de meilleures pratiques et apporter des am\u00e9liorations dans les soins en \u00e9tablissant des liens avec d\u2019autres organisations nationales et internationales travaillant activement dans ce domaine<\/div><\/li><\/ul><\/div><\/div><div class=\"fusion-layout-column fusion_builder_column fusion-builder-column-5 fusion_builder_column_1_1 1_1 fusion-flex-column\" style=\"--awb-bg-size:cover;--awb-width-large:100%;--awb-margin-top-large:0px;--awb-spacing-right-large:1.92%;--awb-margin-bottom-large:20px;--awb-spacing-left-large:1.92%;--awb-width-medium:100%;--awb-order-medium:0;--awb-spacing-right-medium:1.92%;--awb-spacing-left-medium:1.92%;--awb-width-small:100%;--awb-order-small:0;--awb-spacing-right-small:1.92%;--awb-spacing-left-small:1.92%;\"><div class=\"fusion-column-wrapper fusion-column-has-shadow fusion-flex-justify-content-flex-start fusion-content-layout-column\"><div class=\"fusion-title title fusion-title-3 fusion-sep-none fusion-title-text fusion-title-size-three\" style=\"--awb-margin-top-small:10px;--awb-margin-right-small:0px;--awb-margin-bottom-small:10px;--awb-margin-left-small:0px;\"><h3 class=\"fusion-title-heading title-heading-left\" style=\"margin:0;\">Ressources et t\u00e9l\u00e9chargements<\/h3><\/div><div ><a class=\"fusion-button button-flat fusion-button-default-size button-custom fusion-button-default button-1 fusion-button-default-span fusion-button-default-type\" style=\"--button_accent_color:#ffffff;--button_accent_hover_color:var(--awb-color1);--button_border_hover_color:#003a5e;--button-border-radius-top-left:23px;--button-border-radius-top-right:23px;--button-border-radius-bottom-right:23px;--button-border-radius-bottom-left:23px;--button_gradient_top_color:#f35237;--button_gradient_bottom_color:#f35237;--button_gradient_top_color_hover:hsla(var(--awb-color5-h),calc(var(--awb-color5-s) - 5%),calc(var(--awb-color5-l) - 10%),var(--awb-color5-a));--button_gradient_bottom_color_hover:hsla(var(--awb-color5-h),calc(var(--awb-color5-s) - 5%),calc(var(--awb-color5-l) - 10%),var(--awb-color5-a));--button_font_size:15px;--button_typography-font-family:&quot;Open Sans&quot;;--button_typography-font-style:normal;--button_typography-font-weight:400;--button_margin-bottom:20px;\" target=\"_blank\" rel=\"noopener noreferrer\" href=\"https:\/\/www.colorectalcancercanada.com\/wp-content\/uploads\/2023\/07\/Denoncer-le-mythe-du-cancer-colorectal-1.png\" id=\"custom-preview-button\"><span class=\"fusion-button-text awb-button__text awb-button__text--default\">D\u00e9noncer le mythe du Cancer Colorectal<\/span><\/a><\/div><div ><a class=\"fusion-button button-flat fusion-button-default-size button-custom fusion-button-default button-2 fusion-button-default-span fusion-button-default-type\" style=\"--button_accent_color:#ffffff;--button_accent_hover_color:var(--awb-color1);--button_border_hover_color:#003a5e;--button-border-radius-top-left:23px;--button-border-radius-top-right:23px;--button-border-radius-bottom-right:23px;--button-border-radius-bottom-left:23px;--button_gradient_top_color:#f35237;--button_gradient_bottom_color:#f35237;--button_gradient_top_color_hover:hsla(var(--awb-color5-h),calc(var(--awb-color5-s) - 5%),calc(var(--awb-color5-l) - 10%),var(--awb-color5-a));--button_gradient_bottom_color_hover:hsla(var(--awb-color5-h),calc(var(--awb-color5-s) - 5%),calc(var(--awb-color5-l) - 10%),var(--awb-color5-a));--button_font_size:15px;--button_typography-font-family:&quot;Open Sans&quot;;--button_typography-font-style:normal;--button_typography-font-weight:400;--button_margin-bottom:20px;\" target=\"_blank\" rel=\"noopener noreferrer\" href=\"https:\/\/www.colorectalcancercanada.com\/wp-content\/uploads\/2023\/07\/colorectal-cancer-symptoms-checklist-fr.pdf\" id=\"custom-preview-button\"><span class=\"fusion-button-text awb-button__text awb-button__text--default\">Liste de contr\u00f4le des sympt\u00f4mes du Cancer Colorectal<\/span><\/a><\/div><div ><a class=\"fusion-button button-flat fusion-button-default-size button-custom fusion-button-default button-3 fusion-button-default-span fusion-button-default-type\" style=\"--button_accent_color:#ffffff;--button_accent_hover_color:var(--awb-color1);--button_border_hover_color:#003a5e;--button-border-radius-top-left:23px;--button-border-radius-top-right:23px;--button-border-radius-bottom-right:23px;--button-border-radius-bottom-left:23px;--button_gradient_top_color:#f35237;--button_gradient_bottom_color:#f35237;--button_gradient_top_color_hover:hsla(var(--awb-color5-h),calc(var(--awb-color5-s) - 5%),calc(var(--awb-color5-l) - 10%),var(--awb-color5-a));--button_gradient_bottom_color_hover:hsla(var(--awb-color5-h),calc(var(--awb-color5-s) - 5%),calc(var(--awb-color5-l) - 10%),var(--awb-color5-a));--button_font_size:15px;--button_typography-font-family:&quot;Open Sans&quot;;--button_typography-font-style:normal;--button_typography-font-weight:400;--button_margin-bottom:20px;\" target=\"_blank\" rel=\"noopener noreferrer\" href=\"https:\/\/www.colorectalcancercanada.com\/wp-content\/uploads\/2024\/10\/Self-Advocacy-Toolkit-MSM-FR-1.pdf\" id=\"custom-preview-button\"><span class=\"fusion-button-text awb-button__text awb-button__text--default\">Nouveau! Trousse d&rsquo;outils d\u00e9fense des int\u00e9r\u00eats<\/span><\/a><\/div><\/div><\/div><\/div><\/div><\/p>\n","protected":false},"excerpt":{"rendered":"","protected":false},"author":1,"featured_media":11804,"parent":837,"menu_order":5,"comment_status":"closed","ping_status":"closed","template":"100-width.php","meta":{"_price":"","_stock":"","_tribe_ticket_header":"","_tribe_default_ticket_provider":"","_tribe_ticket_capacity":"0","_ticket_start_date":"","_ticket_end_date":"","_tribe_ticket_show_description":"","_tribe_ticket_show_not_going":false,"_tribe_ticket_use_global_stock":"","_tribe_ticket_global_stock_level":"","_global_stock_mode":"","_global_stock_cap":"","_tribe_rsvp_for_event":"","_tribe_ticket_going_count":"","_tribe_ticket_not_going_count":"","_tribe_tickets_list":"[]","_tribe_ticket_has_attendee_info_fields":false,"footnotes":"","_tec_slr_enabled":"","_tec_slr_layout":""},"class_list":["post-839","page","type-page","status-publish","has-post-thumbnail","hentry"],"ticketed":false,"_links":{"self":[{"href":"https:\/\/www.colorectalcancercanada.com\/fr\/wp-json\/wp\/v2\/pages\/839","targetHints":{"allow":["GET"]}}],"collection":[{"href":"https:\/\/www.colorectalcancercanada.com\/fr\/wp-json\/wp\/v2\/pages"}],"about":[{"href":"https:\/\/www.colorectalcancercanada.com\/fr\/wp-json\/wp\/v2\/types\/page"}],"author":[{"embeddable":true,"href":"https:\/\/www.colorectalcancercanada.com\/fr\/wp-json\/wp\/v2\/users\/1"}],"replies":[{"embeddable":true,"href":"https:\/\/www.colorectalcancercanada.com\/fr\/wp-json\/wp\/v2\/comments?post=839"}],"version-history":[{"count":0,"href":"https:\/\/www.colorectalcancercanada.com\/fr\/wp-json\/wp\/v2\/pages\/839\/revisions"}],"up":[{"embeddable":true,"href":"https:\/\/www.colorectalcancercanada.com\/fr\/wp-json\/wp\/v2\/pages\/837"}],"wp:featuredmedia":[{"embeddable":true,"href":"https:\/\/www.colorectalcancercanada.com\/fr\/wp-json\/wp\/v2\/media\/11804"}],"wp:attachment":[{"href":"https:\/\/www.colorectalcancercanada.com\/fr\/wp-json\/wp\/v2\/media?parent=839"}],"curies":[{"name":"wp","href":"https:\/\/api.w.org\/{rel}","templated":true}]}}