 {"id":764,"date":"2023-07-12T10:05:06","date_gmt":"2023-07-12T10:05:06","guid":{"rendered":"https:\/\/colorectalcc.wpengine.com\/?page_id=764"},"modified":"2023-08-08T11:10:07","modified_gmt":"2023-08-08T11:10:07","slug":"lumiere-essais-cliniques","status":"publish","type":"page","link":"https:\/\/www.colorectalcancercanada.com\/fr\/ce-que-nous-faisons\/programmes\/lumiere-essais-cliniques\/","title":{"rendered":"Lumi\u00e8re sur les essais cliniques"},"content":{"rendered":"<p><div class=\"fusion-fullwidth fullwidth-box fusion-builder-row-1 fusion-flex-container has-pattern-background has-mask-background nonhundred-percent-fullwidth non-hundred-percent-height-scrolling\" style=\"--awb-border-radius-top-left:0px;--awb-border-radius-top-right:0px;--awb-border-radius-bottom-right:0px;--awb-border-radius-bottom-left:0px;--awb-padding-bottom:0px;--awb-padding-top-small:0px;--awb-margin-bottom:0px;--awb-flex-wrap:wrap;\" ><div class=\"fusion-builder-row fusion-row fusion-flex-align-items-center fusion-flex-content-wrap\" style=\"max-width:1248px;margin-left: calc(-4% \/ 2 );margin-right: calc(-4% \/ 2 );\"><div class=\"fusion-layout-column fusion_builder_column fusion-builder-column-0 fusion_builder_column_2_3 2_3 fusion-flex-column\" style=\"--awb-bg-size:cover;--awb-width-large:66.666666666667%;--awb-margin-top-large:0px;--awb-spacing-right-large:2.88%;--awb-margin-bottom-large:0px;--awb-spacing-left-large:2.88%;--awb-width-medium:66.666666666667%;--awb-order-medium:0;--awb-spacing-right-medium:2.88%;--awb-spacing-left-medium:2.88%;--awb-width-small:100%;--awb-order-small:0;--awb-spacing-right-small:1.92%;--awb-spacing-left-small:1.92%;\" data-scroll-devices=\"small-visibility,medium-visibility,large-visibility\"><div class=\"fusion-column-wrapper fusion-column-has-shadow fusion-flex-justify-content-flex-start fusion-content-layout-column\"><div class=\"fusion-title title fusion-title-1 fusion-sep-none fusion-title-text fusion-title-size-one custom-title\" style=\"--awb-margin-top-small:10px;--awb-margin-right-small:0px;--awb-margin-bottom-small:10px;--awb-margin-left-small:0px;\"><h1 class=\"fusion-title-heading title-heading-left\" style=\"margin:0;\">Lumi\u00e8re sur les essais cliniques<\/h1><\/div><div class=\"fusion-title title fusion-title-2 fusion-sep-none fusion-title-text fusion-title-size-three\" style=\"--awb-text-color:#004b79;--awb-margin-top-small:10px;--awb-margin-right-small:0px;--awb-margin-bottom-small:10px;--awb-margin-left-small:0px;\"><h3 class=\"fusion-title-heading title-heading-left\" style=\"font-family:&quot;BrandonGrotesque-Medium&quot;;font-style:normal;font-weight:400;margin:0;\">Introduction<\/h3><\/div><div class=\"fusion-text fusion-text-1\"><p>Les essais cliniques sont l&rsquo;\u00e9tape essentielle pour faire avancer la recherche sur le cancer, elles permettent de g\u00e9n\u00e9rer des donn\u00e9es ainsi que des preuves sur les m\u00e9thodes de d\u00e9pister, de pr\u00e9venir, de diagnostiquer et de traiter le cancer. Cependant, seul un petit pourcentage de patients participe \u00e0 des essais cliniques en raison d&rsquo;obstacles qui rendent difficiles et parfois impossibles leur participation. L\u2019un des obstacles importants de la participation aux essais clinique est le manque de connaissances et de sensibilisation des patients au moment appropri\u00e9 de la trajectoire du cancer. Ce programme vise \u00e0 adresser les obstacles importants rencontr\u00e9s par les patients en lien avec la participation aux essais clinique, soit le manque de connaissance et de sensibilisation.<\/p>\n<\/div><\/div><\/div><div class=\"fusion-layout-column fusion_builder_column fusion-builder-column-1 fusion_builder_column_1_3 1_3 fusion-flex-column\" style=\"--awb-bg-size:cover;--awb-width-large:33.333333333333%;--awb-margin-top-large:0px;--awb-spacing-right-large:5.76%;--awb-margin-bottom-large:0px;--awb-spacing-left-large:5.76%;--awb-width-medium:33.333333333333%;--awb-order-medium:0;--awb-spacing-right-medium:5.76%;--awb-spacing-left-medium:5.76%;--awb-width-small:100%;--awb-order-small:0;--awb-spacing-right-small:1.92%;--awb-spacing-left-small:1.92%;\" data-scroll-devices=\"small-visibility,medium-visibility,large-visibility\"><div class=\"fusion-column-wrapper fusion-column-has-shadow fusion-flex-justify-content-flex-start fusion-content-layout-column\"><div class=\"fusion-image-element \" style=\"--awb-caption-title-font-family:var(--h2_typography-font-family);--awb-caption-title-font-weight:var(--h2_typography-font-weight);--awb-caption-title-font-style:var(--h2_typography-font-style);--awb-caption-title-size:var(--h2_typography-font-size);--awb-caption-title-transform:var(--h2_typography-text-transform);--awb-caption-title-line-height:var(--h2_typography-line-height);--awb-caption-title-letter-spacing:var(--h2_typography-letter-spacing);\"><span class=\" fusion-imageframe imageframe-none imageframe-1 hover-type-none\"><img decoding=\"async\" width=\"468\" height=\"256\" alt=\"spotlight-on-clinical-trials-logo_FR\" title=\"spotlight-on-clinical-trials-logo_FR\" src=\"https:\/\/www.colorectalcancercanada.com\/wp-content\/uploads\/2023\/07\/spotlight-on-clinical-trials-logo_FR.jpg\" class=\"img-responsive wp-image-765\" srcset=\"https:\/\/www.colorectalcancercanada.com\/wp-content\/uploads\/2023\/07\/spotlight-on-clinical-trials-logo_FR-200x109.jpg 200w, https:\/\/www.colorectalcancercanada.com\/wp-content\/uploads\/2023\/07\/spotlight-on-clinical-trials-logo_FR-400x219.jpg 400w, https:\/\/www.colorectalcancercanada.com\/wp-content\/uploads\/2023\/07\/spotlight-on-clinical-trials-logo_FR.jpg 468w\" sizes=\"(max-width: 640px) 100vw, 400px\" \/><\/span><\/div><\/div><\/div><\/div><\/div><div class=\"fusion-fullwidth fullwidth-box fusion-builder-row-2 fusion-flex-container has-pattern-background has-mask-background nonhundred-percent-fullwidth non-hundred-percent-height-scrolling\" style=\"--awb-border-radius-top-left:0px;--awb-border-radius-top-right:0px;--awb-border-radius-bottom-right:0px;--awb-border-radius-bottom-left:0px;--awb-margin-bottom:20px;--awb-flex-wrap:wrap;\" ><div class=\"fusion-builder-row fusion-row fusion-flex-align-items-flex-start fusion-flex-content-wrap\" style=\"max-width:1248px;margin-left: calc(-4% \/ 2 );margin-right: calc(-4% \/ 2 );\"><div class=\"fusion-layout-column fusion_builder_column fusion-builder-column-2 fusion_builder_column_1_1 1_1 fusion-flex-column\" style=\"--awb-bg-size:cover;--awb-width-large:100%;--awb-margin-top-large:0px;--awb-spacing-right-large:1.92%;--awb-margin-bottom-large:20px;--awb-spacing-left-large:1.92%;--awb-width-medium:100%;--awb-order-medium:0;--awb-spacing-right-medium:1.92%;--awb-spacing-left-medium:1.92%;--awb-width-small:100%;--awb-order-small:0;--awb-spacing-right-small:1.92%;--awb-spacing-left-small:1.92%;\"><div class=\"fusion-column-wrapper fusion-column-has-shadow fusion-flex-justify-content-flex-start fusion-content-layout-column\"><div class=\"fusion-title title fusion-title-3 fusion-sep-none fusion-title-text fusion-title-size-three\" style=\"--awb-margin-top-small:10px;--awb-margin-right-small:0px;--awb-margin-bottom-small:10px;--awb-margin-left-small:0px;\"><h3 class=\"fusion-title-heading title-heading-left\" style=\"margin:0;\">Objectifs du programme :<\/h3><\/div><ul style=\"--awb-size:24px;--awb-iconcolor:#3b74a7;--awb-line-height:40.8px;--awb-icon-width:40.8px;--awb-icon-height:40.8px;--awb-icon-margin:16.8px;--awb-content-margin:57.6px;\" class=\"fusion-checklist fusion-checklist-1 fusion-checklist-default type-icons\"><li class=\"fusion-li-item\" style=\"\"><span class=\"icon-wrapper circle-no\"><i class=\"fusion-li-icon fa-check fas\" aria-hidden=\"true\"><\/i><\/span><div class=\"fusion-li-item-content\">\u00c9duquer et informer les patients sur les essais cliniques li\u00e9s au cancer (amorcer la conversation sur les essais cliniques, comment les acc\u00e9der, \u00e0 quoi ressemble la participation, quels sont les avantages\/inconv\u00e9nients)<\/div><\/li><li class=\"fusion-li-item\" style=\"\"><span class=\"icon-wrapper circle-no\"><i class=\"fusion-li-icon fa-check fas\" aria-hidden=\"true\"><\/i><\/span><div class=\"fusion-li-item-content\">Aider \u00e0 accro\u00eetre la sensibilisation et l&rsquo;acc\u00e8s aux essais cliniques sur le cancer colorectal en fournissant un service de base de navigation aux patients et lors que disponible en partenariat avec les services de navigation de chaque province.<\/div><\/li><\/ul><div class=\"fusion-title title fusion-title-4 fusion-sep-none fusion-title-text fusion-title-size-three\" style=\"--awb-margin-top-small:10px;--awb-margin-right-small:0px;--awb-margin-bottom-small:10px;--awb-margin-left-small:0px;\"><h3 class=\"fusion-title-heading title-heading-left\" style=\"margin:0;\">Activit\u00e9s principales :<\/h3><\/div><ul style=\"--awb-size:24px;--awb-iconcolor:#3b74a7;--awb-line-height:40.8px;--awb-icon-width:40.8px;--awb-icon-height:40.8px;--awb-icon-margin:16.8px;--awb-content-margin:57.6px;\" class=\"fusion-checklist fusion-checklist-2 fusion-checklist-default type-icons\"><li class=\"fusion-li-item\" style=\"\"><span class=\"icon-wrapper circle-no\"><i class=\"fusion-li-icon fa-check fas\" aria-hidden=\"true\"><\/i><\/span><div class=\"fusion-li-item-content\">Cr\u00e9ation d&rsquo;une mini-s\u00e9rie sur Parlons des Popotins (3 courts \u00e9pisodes) d\u00e9di\u00e9e \u00e0 fournir un aper\u00e7u des essais cliniques (structure, conception, r\u00e9sultats) et des t\u00e9moignages de patients sur leur participation \u00e0 des essais cliniques<\/div><\/li><li class=\"fusion-li-item\" style=\"\"><span class=\"icon-wrapper circle-no\"><i class=\"fusion-li-icon fa-check fas\" aria-hidden=\"true\"><\/i><\/span><div class=\"fusion-li-item-content\">\n<p>Campagne sur les r\u00e9seaux sociaux pour briser les mythes li\u00e9s aux essais cliniques et partager des faits pertinents.<\/p>\n<\/div><\/li><li class=\"fusion-li-item\" style=\"\"><span class=\"icon-wrapper circle-no\"><i class=\"fusion-li-icon fa-check fas\" aria-hidden=\"true\"><\/i><\/span><div class=\"fusion-li-item-content\">Articles de blog bimensuels afin de partager les essais cliniques reli\u00e9s au cancer pr\u00e9sentement en recrutement et en phase active.<\/div><\/li><li class=\"fusion-li-item\" style=\"\"><span class=\"icon-wrapper circle-no\"><i class=\"fusion-li-icon fa-check fas\" aria-hidden=\"true\"><\/i><\/span><div class=\"fusion-li-item-content\">Fournir un service de base de navigation des essais cliniques dans l\u2019objectif d\u2019aider les patients tout au long de leurs recherches et les aider \u00e0 d\u00e9terminer les essais les plus appropri\u00e9s \u00e0 partager avec leur \u00e9quipe traitante. Lorsque disponible ces recherches seront effectu\u00e9es en collaboration avec des services de navigation externe \u00e0 CCC.<\/div><\/li><\/ul><div class=\"fusion-title title fusion-title-5 fusion-sep-none fusion-title-text fusion-title-size-three\" style=\"--awb-margin-top-small:10px;--awb-margin-right-small:0px;--awb-margin-bottom-small:10px;--awb-margin-left-small:0px;\"><h3 class=\"fusion-title-heading title-heading-left\" style=\"margin:0;\">Ressources et t\u00e9l\u00e9chargements.<\/h3><\/div><div class=\"fusion-text fusion-text-2\" id=\"program-custom-link\"><p>\u00e0 venir bient\u00f4t<\/p>\n<\/div><\/div><\/div><\/div><\/div><\/p>\n","protected":false},"excerpt":{"rendered":"","protected":false},"author":1,"featured_media":11804,"parent":837,"menu_order":4,"comment_status":"closed","ping_status":"closed","template":"100-width.php","meta":{"_price":"","_stock":"","_tribe_ticket_header":"","_tribe_default_ticket_provider":"","_tribe_ticket_capacity":"0","_ticket_start_date":"","_ticket_end_date":"","_tribe_ticket_show_description":"","_tribe_ticket_show_not_going":false,"_tribe_ticket_use_global_stock":"","_tribe_ticket_global_stock_level":"","_global_stock_mode":"","_global_stock_cap":"","_tribe_rsvp_for_event":"","_tribe_ticket_going_count":"","_tribe_ticket_not_going_count":"","_tribe_tickets_list":"[]","_tribe_ticket_has_attendee_info_fields":false,"footnotes":"","_tec_slr_enabled":"","_tec_slr_layout":""},"class_list":["post-764","page","type-page","status-publish","has-post-thumbnail","hentry"],"ticketed":false,"_links":{"self":[{"href":"https:\/\/www.colorectalcancercanada.com\/fr\/wp-json\/wp\/v2\/pages\/764","targetHints":{"allow":["GET"]}}],"collection":[{"href":"https:\/\/www.colorectalcancercanada.com\/fr\/wp-json\/wp\/v2\/pages"}],"about":[{"href":"https:\/\/www.colorectalcancercanada.com\/fr\/wp-json\/wp\/v2\/types\/page"}],"author":[{"embeddable":true,"href":"https:\/\/www.colorectalcancercanada.com\/fr\/wp-json\/wp\/v2\/users\/1"}],"replies":[{"embeddable":true,"href":"https:\/\/www.colorectalcancercanada.com\/fr\/wp-json\/wp\/v2\/comments?post=764"}],"version-history":[{"count":0,"href":"https:\/\/www.colorectalcancercanada.com\/fr\/wp-json\/wp\/v2\/pages\/764\/revisions"}],"up":[{"embeddable":true,"href":"https:\/\/www.colorectalcancercanada.com\/fr\/wp-json\/wp\/v2\/pages\/837"}],"wp:featuredmedia":[{"embeddable":true,"href":"https:\/\/www.colorectalcancercanada.com\/fr\/wp-json\/wp\/v2\/media\/11804"}],"wp:attachment":[{"href":"https:\/\/www.colorectalcancercanada.com\/fr\/wp-json\/wp\/v2\/media?parent=764"}],"curies":[{"name":"wp","href":"https:\/\/api.w.org\/{rel}","templated":true}]}}