 {"id":716,"date":"2023-07-11T13:51:28","date_gmt":"2023-07-11T13:51:28","guid":{"rendered":"https:\/\/colorectalcc.wpengine.com\/?page_id=716"},"modified":"2023-08-08T11:09:12","modified_gmt":"2023-08-08T11:09:12","slug":"faire-face-surmonter-survivre","status":"publish","type":"page","link":"https:\/\/www.colorectalcancercanada.com\/fr\/ce-que-nous-faisons\/programmes\/faire-face-surmonter-survivre\/","title":{"rendered":"Faire face, surmonter et survivre"},"content":{"rendered":"<div class=\"fusion-fullwidth fullwidth-box fusion-builder-row-1 fusion-flex-container has-pattern-background has-mask-background nonhundred-percent-fullwidth non-hundred-percent-height-scrolling\" style=\"--awb-border-radius-top-left:0px;--awb-border-radius-top-right:0px;--awb-border-radius-bottom-right:0px;--awb-border-radius-bottom-left:0px;--awb-flex-wrap:wrap;\" ><div class=\"fusion-builder-row fusion-row fusion-flex-align-items-center fusion-flex-content-wrap\" style=\"max-width:1248px;margin-left: calc(-4% \/ 2 );margin-right: calc(-4% \/ 2 );\"><div class=\"fusion-layout-column fusion_builder_column fusion-builder-column-0 fusion_builder_column_1_1 1_1 fusion-flex-column\" style=\"--awb-bg-size:cover;--awb-width-large:100%;--awb-margin-top-large:0px;--awb-spacing-right-large:1.92%;--awb-margin-bottom-large:20px;--awb-spacing-left-large:1.92%;--awb-width-medium:100%;--awb-order-medium:0;--awb-spacing-right-medium:1.92%;--awb-spacing-left-medium:1.92%;--awb-width-small:100%;--awb-order-small:0;--awb-spacing-right-small:1.92%;--awb-spacing-left-small:1.92%;\"><div class=\"fusion-column-wrapper fusion-column-has-shadow fusion-flex-justify-content-flex-start fusion-content-layout-column\"><div class=\"fusion-title title fusion-title-1 fusion-sep-none fusion-title-text fusion-title-size-one custom-title\" style=\"--awb-margin-top-small:10px;--awb-margin-right-small:0px;--awb-margin-bottom-small:10px;--awb-margin-left-small:0px;\"><h1 class=\"fusion-title-heading title-heading-left\" style=\"margin:0;\">Faire face, surmonter et survivre<\/h1><\/div><\/div><\/div><div class=\"fusion-layout-column fusion_builder_column fusion-builder-column-1 fusion_builder_column_3_5 3_5 fusion-flex-column\" style=\"--awb-bg-size:cover;--awb-width-large:60%;--awb-margin-top-large:0px;--awb-spacing-right-large:3.2%;--awb-margin-bottom-large:20px;--awb-spacing-left-large:3.2%;--awb-width-medium:60%;--awb-order-medium:0;--awb-spacing-right-medium:3.2%;--awb-spacing-left-medium:3.2%;--awb-width-small:100%;--awb-order-small:0;--awb-spacing-right-small:1.92%;--awb-spacing-left-small:1.92%;\"><div class=\"fusion-column-wrapper fusion-column-has-shadow fusion-flex-justify-content-flex-start fusion-content-layout-column\"><div class=\"fusion-title title fusion-title-2 fusion-sep-none fusion-title-text fusion-title-size-three\" style=\"--awb-margin-top-small:10px;--awb-margin-right-small:0px;--awb-margin-bottom-small:10px;--awb-margin-left-small:0px;\"><h3 class=\"fusion-title-heading title-heading-left\" style=\"margin:0;\">Introduction<\/h3><\/div><div class=\"fusion-text fusion-text-1\"><p>Chaque personne ayant \u00e9t\u00e9 touch\u00e9e par le cancer a une compr\u00e9hension diff\u00e9rente du mot \u00ab survie \u00bb. Le programme Faire face, surmonter et survivre (FSS) (Cope Thrive Survive (CTS)) s\u2019adresse aux survivants qui vivent avec, \u00e0 travers et au-del\u00e0 du cancer. Les outils et les ressources du programme s\u2019adressent non seulement aux personnes qui n\u2019ont aucun signe de maladie (ASM), mais aussi \u00e0 tous les patients ou tous les soignants d\u00e9sirant se remettre sur pied apr\u00e8s un diagnostic de cancer colorectal ayant chang\u00e9 leur vie.<\/p>\n<\/div><\/div><\/div><div class=\"fusion-layout-column fusion_builder_column fusion-builder-column-2 fusion_builder_column_2_5 2_5 fusion-flex-column\" style=\"--awb-bg-size:cover;--awb-width-large:40%;--awb-margin-top-large:0px;--awb-spacing-right-large:4.8%;--awb-margin-bottom-large:20px;--awb-spacing-left-large:4.8%;--awb-width-medium:40%;--awb-order-medium:0;--awb-spacing-right-medium:4.8%;--awb-spacing-left-medium:4.8%;--awb-width-small:100%;--awb-order-small:0;--awb-spacing-right-small:1.92%;--awb-spacing-left-small:1.92%;\"><div class=\"fusion-column-wrapper fusion-column-has-shadow fusion-flex-justify-content-flex-start fusion-content-layout-column\"><div class=\"fusion-image-element \" style=\"--awb-caption-title-font-family:var(--h2_typography-font-family);--awb-caption-title-font-weight:var(--h2_typography-font-weight);--awb-caption-title-font-style:var(--h2_typography-font-style);--awb-caption-title-size:var(--h2_typography-font-size);--awb-caption-title-transform:var(--h2_typography-text-transform);--awb-caption-title-line-height:var(--h2_typography-line-height);--awb-caption-title-letter-spacing:var(--h2_typography-letter-spacing);\"><span class=\" fusion-imageframe imageframe-none imageframe-1 hover-type-none\"><img decoding=\"async\" width=\"619\" height=\"395\" alt=\"Survivorship\" title=\"Survivorship-e1623694798743\" src=\"https:\/\/www.colorectalcancercanada.com\/wp-content\/uploads\/2023\/07\/Survivorship-e1623694798743.png\" class=\"img-responsive wp-image-545\" srcset=\"https:\/\/www.colorectalcancercanada.com\/wp-content\/uploads\/2023\/07\/Survivorship-e1623694798743-200x128.png 200w, https:\/\/www.colorectalcancercanada.com\/wp-content\/uploads\/2023\/07\/Survivorship-e1623694798743-400x255.png 400w, https:\/\/www.colorectalcancercanada.com\/wp-content\/uploads\/2023\/07\/Survivorship-e1623694798743-600x383.png 600w, https:\/\/www.colorectalcancercanada.com\/wp-content\/uploads\/2023\/07\/Survivorship-e1623694798743.png 619w\" sizes=\"(max-width: 640px) 100vw, 600px\" \/><\/span><\/div><\/div><\/div><div class=\"fusion-layout-column fusion_builder_column fusion-builder-column-3 fusion_builder_column_1_1 1_1 fusion-flex-column\" style=\"--awb-bg-size:cover;--awb-width-large:100%;--awb-margin-top-large:0px;--awb-spacing-right-large:1.92%;--awb-margin-bottom-large:20px;--awb-spacing-left-large:1.92%;--awb-width-medium:100%;--awb-order-medium:0;--awb-spacing-right-medium:1.92%;--awb-spacing-left-medium:1.92%;--awb-width-small:100%;--awb-order-small:0;--awb-spacing-right-small:1.92%;--awb-spacing-left-small:1.92%;\"><div class=\"fusion-column-wrapper fusion-column-has-shadow fusion-flex-justify-content-flex-start fusion-content-layout-column\"><div class=\"fusion-text fusion-text-2\"><p>La mission du programme Faire face, surmonter et survivre (FSS) (Cope Thrive Survive (CTS)) est de promouvoir la bonne sant\u00e9 en soutenant les patients atteints de cancer colorectal ainsi que celle des soignants en remettant leur vie sur les rails. Le programme vise \u00e0 fournir des ressources, de l\u2019information et des moyens de d\u00e9fense aux patients et aux soignants de tous \u00e2ges alors qu\u2019ils passent d\u2019un traitement actif \u00e0 la vie quotidienne.<\/p>\n<p>Cancer colorectal Canada consid\u00e8re le Canada comme un pays o\u00f9 tous les patients atteints de cancer colorectal et leurs familles sont soutenus pendant et apr\u00e8s le traitement, ce qui se traduit par une meilleure qualit\u00e9 de vie \u00e0 partir du moment du diagnostic jusqu\u2019\u00e0 la fin de la vie.<\/p>\n<\/div><div class=\"fusion-title title fusion-title-3 fusion-sep-none fusion-title-text fusion-title-size-three\" style=\"--awb-margin-top-small:10px;--awb-margin-right-small:0px;--awb-margin-bottom-small:10px;--awb-margin-left-small:0px;\"><h3 class=\"fusion-title-heading title-heading-left\" style=\"margin:0;\">Le programme CTS vise \u00e0 :<\/h3><\/div><ul style=\"--awb-size:24px;--awb-iconcolor:#3b74a7;--awb-line-height:40.8px;--awb-icon-width:40.8px;--awb-icon-height:40.8px;--awb-icon-margin:16.8px;--awb-content-margin:57.6px;\" class=\"fusion-checklist fusion-checklist-1 fusion-checklist-default type-icons\"><li class=\"fusion-li-item\" style=\"\"><span class=\"icon-wrapper circle-no\"><i class=\"fusion-li-icon fa-check fas\" aria-hidden=\"true\"><\/i><\/span><div class=\"fusion-li-item-content\">Fournir des ressources et de l\u2019information inclusives et centr\u00e9es sur le patient<\/div><\/li><li class=\"fusion-li-item\" style=\"\"><span class=\"icon-wrapper circle-no\"><i class=\"fusion-li-icon fa-check fas\" aria-hidden=\"true\"><\/i><\/span><div class=\"fusion-li-item-content\">Accro\u00eetre l\u2019acc\u00e8s au soutien aux patients<\/div><\/li><li class=\"fusion-li-item\" style=\"\"><span class=\"icon-wrapper circle-no\"><i class=\"fusion-li-icon fa-check fas\" aria-hidden=\"true\"><\/i><\/span><div class=\"fusion-li-item-content\">Plaider en faveur d\u2019une politique publique saine concernant les soins de survie au cancer<\/div><\/li><li class=\"fusion-li-item\" style=\"\"><span class=\"icon-wrapper circle-no\"><i class=\"fusion-li-icon fa-check fas\" aria-hidden=\"true\"><\/i><\/span><div class=\"fusion-li-item-content\">Servir de leader d\u2019opinion de confiance dans le domaine de la survie<\/div><\/li><\/ul><div class=\"fusion-title title fusion-title-4 fusion-sep-none fusion-title-text fusion-title-size-three\" style=\"--awb-margin-top-small:10px;--awb-margin-right-small:0px;--awb-margin-bottom-small:10px;--awb-margin-left-small:0px;\"><h3 class=\"fusion-title-heading title-heading-left\" style=\"margin:0;\">Les Activit\u00e9s principales<\/h3><\/div><ul style=\"--awb-size:24px;--awb-iconcolor:#3b74a7;--awb-line-height:40.8px;--awb-icon-width:40.8px;--awb-icon-height:40.8px;--awb-icon-margin:16.8px;--awb-content-margin:57.6px;\" class=\"fusion-checklist fusion-checklist-2 fusion-checklist-default type-icons\"><li class=\"fusion-li-item\" style=\"\"><span class=\"icon-wrapper circle-no\"><i class=\"fusion-li-icon fa-check fas\" aria-hidden=\"true\"><\/i><\/span><div class=\"fusion-li-item-content\">La cr\u00e9ation d\u2019une initiative de soutien par les pairs du \u00ab syst\u00e8me de parrainage\u00bb<\/div><\/li><li class=\"fusion-li-item\" style=\"\"><span class=\"icon-wrapper circle-no\"><i class=\"fusion-li-icon fa-check fas\" aria-hidden=\"true\"><\/i><\/span><div class=\"fusion-li-item-content\">L\u2019\u00e9laboration d\u2019une trousse d\u2019outils de retour au travail pour les employ\u00e9s et les employeurs (\u00e9t\u00e9 2021)<\/div><\/li><li class=\"fusion-li-item\" style=\"\"><span class=\"icon-wrapper circle-no\"><i class=\"fusion-li-icon fa-check fas\" aria-hidden=\"true\"><\/i><\/span><div class=\"fusion-li-item-content\">L\u2019\u00e9laboration d\u2019un plan national de soins de survie au cancer colorectal<\/div><\/li><li class=\"fusion-li-item\" style=\"\"><span class=\"icon-wrapper circle-no\"><i class=\"fusion-li-icon fa-check fas\" aria-hidden=\"true\"><\/i><\/span><div class=\"fusion-li-item-content\">La sensibilisation aux programmes et initiatives de soutien aux patients de la CCC par l\u2019entremise des m\u00e9dias sociaux<\/div><\/li><li class=\"fusion-li-item\" style=\"\"><span class=\"icon-wrapper circle-no\"><i class=\"fusion-li-icon fa-check fas\" aria-hidden=\"true\"><\/i><\/span><div class=\"fusion-li-item-content\">La mise en place d\u2019un processus permettant d\u2019aborder les questions de survie par le biais d\u2019articles de blog<\/div><\/li><\/ul><\/div><\/div><div class=\"fusion-layout-column fusion_builder_column fusion-builder-column-4 fusion_builder_column_1_1 1_1 fusion-flex-column\" style=\"--awb-bg-size:cover;--awb-width-large:100%;--awb-margin-top-large:0px;--awb-spacing-right-large:1.92%;--awb-margin-bottom-large:20px;--awb-spacing-left-large:1.92%;--awb-width-medium:100%;--awb-order-medium:0;--awb-spacing-right-medium:1.92%;--awb-spacing-left-medium:1.92%;--awb-width-small:100%;--awb-order-small:0;--awb-spacing-right-small:1.92%;--awb-spacing-left-small:1.92%;\"><div class=\"fusion-column-wrapper fusion-column-has-shadow fusion-flex-justify-content-flex-start fusion-content-layout-column\"><div class=\"fusion-title title fusion-title-5 fusion-sep-none fusion-title-text fusion-title-size-three\" style=\"--awb-margin-top-small:10px;--awb-margin-right-small:0px;--awb-margin-bottom-small:10px;--awb-margin-left-small:0px;\"><h3 class=\"fusion-title-heading title-heading-left\" style=\"margin:0;\">Ressources et t\u00e9l\u00e9chargements.<\/h3><\/div><div ><a class=\"fusion-button button-flat fusion-button-default-size button-custom fusion-button-default button-1 fusion-button-default-span fusion-button-default-type\" style=\"--button_accent_color:#ffffff;--button_accent_hover_color:var(--awb-color1);--button_border_hover_color:#003a5e;--button-border-radius-top-left:23px;--button-border-radius-top-right:23px;--button-border-radius-bottom-right:23px;--button-border-radius-bottom-left:23px;--button_gradient_top_color:#f35237;--button_gradient_bottom_color:#f35237;--button_gradient_top_color_hover:hsla(var(--awb-color5-h),calc(var(--awb-color5-s) - 5%),calc(var(--awb-color5-l) - 10%),var(--awb-color5-a));--button_gradient_bottom_color_hover:hsla(var(--awb-color5-h),calc(var(--awb-color5-s) - 5%),calc(var(--awb-color5-l) - 10%),var(--awb-color5-a));--button_font_size:15px;--button_typography-font-family:&quot;Open Sans&quot;;--button_typography-font-style:normal;--button_typography-font-weight:400;--button_margin-bottom:20px;\" target=\"_blank\" rel=\"noopener noreferrer\" href=\"https:\/\/www.colorectalcancercanada.com\/app\/uploads\/2022\/05\/CopeThriveSurvive_ProgramBrief_MAY-2022.pdf\" id=\"custom-preview-button\"><span class=\"fusion-button-text awb-button__text awb-button__text--default\">M\u00e9moire du programme<\/span><\/a><\/div><div ><a class=\"fusion-button button-flat fusion-button-default-size button-custom fusion-button-default button-2 fusion-button-default-span fusion-button-default-type\" style=\"--button_accent_color:#ffffff;--button_accent_hover_color:var(--awb-color1);--button_border_hover_color:#003a5e;--button-border-radius-top-left:23px;--button-border-radius-top-right:23px;--button-border-radius-bottom-right:23px;--button-border-radius-bottom-left:23px;--button_gradient_top_color:#f35237;--button_gradient_bottom_color:#f35237;--button_gradient_top_color_hover:hsla(var(--awb-color5-h),calc(var(--awb-color5-s) - 5%),calc(var(--awb-color5-l) - 10%),var(--awb-color5-a));--button_gradient_bottom_color_hover:hsla(var(--awb-color5-h),calc(var(--awb-color5-s) - 5%),calc(var(--awb-color5-l) - 10%),var(--awb-color5-a));--button_font_size:15px;--button_typography-font-family:&quot;Open Sans&quot;;--button_typography-font-style:normal;--button_typography-font-weight:400;--button_margin-bottom:20px;\" target=\"_blank\" rel=\"noopener noreferrer\" href=\"https:\/\/www.colorectalcancercanada.com\/app\/uploads\/2021\/06\/CTS_StrategicPlanSummary.pdf\" id=\"custom-preview-button\"><span class=\"fusion-button-text awb-button__text awb-button__text--default\">Plan strat\u00e9gique visuel<\/span><\/a><\/div><div ><a class=\"fusion-button button-flat fusion-button-default-size button-custom fusion-button-default button-3 fusion-button-default-span fusion-button-default-type\" style=\"--button_accent_color:#ffffff;--button_accent_hover_color:var(--awb-color1);--button_border_hover_color:#003a5e;--button-border-radius-top-left:23px;--button-border-radius-top-right:23px;--button-border-radius-bottom-right:23px;--button-border-radius-bottom-left:23px;--button_gradient_top_color:#f35237;--button_gradient_bottom_color:#f35237;--button_gradient_top_color_hover:hsla(var(--awb-color5-h),calc(var(--awb-color5-s) - 5%),calc(var(--awb-color5-l) - 10%),var(--awb-color5-a));--button_gradient_bottom_color_hover:hsla(var(--awb-color5-h),calc(var(--awb-color5-s) - 5%),calc(var(--awb-color5-l) - 10%),var(--awb-color5-a));--button_font_size:15px;--button_typography-font-family:&quot;Open Sans&quot;;--button_typography-font-style:normal;--button_typography-font-weight:400;--button_margin-bottom:20px;\" target=\"_blank\" rel=\"noopener noreferrer\" href=\"https:\/\/www.colorectalcancercanada.com\/app\/uploads\/2023\/01\/FRENCH-Return-to-work-series-Employer-COMPLETE.pdf\" id=\"custom-preview-button\"><span class=\"fusion-button-text awb-button__text awb-button__text--default\">Bo\u00eete \u00e0 outils de retour au travail pour les employeurs<\/span><\/a><\/div><div ><a class=\"fusion-button button-flat fusion-button-default-size button-custom fusion-button-default button-4 fusion-button-default-span fusion-button-default-type\" style=\"--button_accent_color:#ffffff;--button_accent_hover_color:var(--awb-color1);--button_border_hover_color:#003a5e;--button-border-radius-top-left:23px;--button-border-radius-top-right:23px;--button-border-radius-bottom-right:23px;--button-border-radius-bottom-left:23px;--button_gradient_top_color:#f35237;--button_gradient_bottom_color:#f35237;--button_gradient_top_color_hover:hsla(var(--awb-color5-h),calc(var(--awb-color5-s) - 5%),calc(var(--awb-color5-l) - 10%),var(--awb-color5-a));--button_gradient_bottom_color_hover:hsla(var(--awb-color5-h),calc(var(--awb-color5-s) - 5%),calc(var(--awb-color5-l) - 10%),var(--awb-color5-a));--button_font_size:15px;--button_typography-font-family:&quot;Open Sans&quot;;--button_typography-font-style:normal;--button_typography-font-weight:400;--button_margin-bottom:20px;\" target=\"_blank\" rel=\"noopener noreferrer\" href=\"https:\/\/www.colorectalcancercanada.com\/app\/uploads\/2023\/05\/Copy-Return-to-work-series-Caregiver_FR.pdf\" id=\"custom-preview-button\"><span class=\"fusion-button-text awb-button__text awb-button__text--default\">S\u00e9rie retour au travail proche aidant<\/span><\/a><\/div><div ><a class=\"fusion-button button-flat fusion-button-default-size button-custom fusion-button-default button-5 fusion-button-default-span fusion-button-default-type\" style=\"--button_accent_color:#ffffff;--button_accent_hover_color:var(--awb-color1);--button_border_hover_color:#003a5e;--button-border-radius-top-left:23px;--button-border-radius-top-right:23px;--button-border-radius-bottom-right:23px;--button-border-radius-bottom-left:23px;--button_gradient_top_color:#f35237;--button_gradient_bottom_color:#f35237;--button_gradient_top_color_hover:hsla(var(--awb-color5-h),calc(var(--awb-color5-s) - 5%),calc(var(--awb-color5-l) - 10%),var(--awb-color5-a));--button_gradient_bottom_color_hover:hsla(var(--awb-color5-h),calc(var(--awb-color5-s) - 5%),calc(var(--awb-color5-l) - 10%),var(--awb-color5-a));--button_font_size:15px;--button_padding-bottom:20px;--button_typography-font-family:&quot;Open Sans&quot;;--button_typography-font-style:normal;--button_typography-font-weight:400;--button_margin-bottom:20px;\" target=\"_blank\" rel=\"noopener noreferrer\" href=\"https:\/\/www.colorectalcancercanada.com\/app\/uploads\/2023\/05\/Copy-Return-to-work-series-Employee_FR.pdf\" id=\"custom-preview-button\"><span class=\"fusion-button-text awb-button__text awb-button__text--default\">S\u00e9rie retour au travail employ\u00e9<\/span><\/a><\/div><div ><a class=\"fusion-button button-flat fusion-button-default-size button-custom fusion-button-default button-6 fusion-button-default-span fusion-button-default-type\" style=\"--button_accent_color:#ffffff;--button_accent_hover_color:var(--awb-color1);--button_border_hover_color:#003a5e;--button-border-radius-top-left:23px;--button-border-radius-top-right:23px;--button-border-radius-bottom-right:23px;--button-border-radius-bottom-left:23px;--button_gradient_top_color:#f35237;--button_gradient_bottom_color:#f35237;--button_gradient_top_color_hover:hsla(var(--awb-color5-h),calc(var(--awb-color5-s) - 5%),calc(var(--awb-color5-l) - 10%),var(--awb-color5-a));--button_gradient_bottom_color_hover:hsla(var(--awb-color5-h),calc(var(--awb-color5-s) - 5%),calc(var(--awb-color5-l) - 10%),var(--awb-color5-a));--button_font_size:15px;--button_typography-font-family:&quot;Open Sans&quot;;--button_typography-font-style:normal;--button_typography-font-weight:400;\" target=\"_blank\" rel=\"noopener noreferrer\" href=\"https:\/\/www.colorectalcancercanada.com\/app\/uploads\/2023\/05\/CTS-Sexualty-Toolkit-FRENCH-UPDATED.pdf\" id=\"custom-preview-button\"><span class=\"fusion-button-text awb-button__text awb-button__text--default\">Sant\u00e9 sexuelle, fertilit\u00e9 et rencontres pendant et apr\u00e8s le cancer<\/span><\/a><\/div><\/div><\/div><\/div><\/div>\n","protected":false},"excerpt":{"rendered":"","protected":false},"author":1,"featured_media":11804,"parent":837,"menu_order":2,"comment_status":"closed","ping_status":"closed","template":"100-width.php","meta":{"_price":"","_stock":"","_tribe_ticket_header":"","_tribe_default_ticket_provider":"","_tribe_ticket_capacity":"0","_ticket_start_date":"","_ticket_end_date":"","_tribe_ticket_show_description":"","_tribe_ticket_show_not_going":false,"_tribe_ticket_use_global_stock":"","_tribe_ticket_global_stock_level":"","_global_stock_mode":"","_global_stock_cap":"","_tribe_rsvp_for_event":"","_tribe_ticket_going_count":"","_tribe_ticket_not_going_count":"","_tribe_tickets_list":"[]","_tribe_ticket_has_attendee_info_fields":false,"footnotes":"","_tec_slr_enabled":"","_tec_slr_layout":""},"class_list":["post-716","page","type-page","status-publish","has-post-thumbnail","hentry"],"ticketed":false,"_links":{"self":[{"href":"https:\/\/www.colorectalcancercanada.com\/fr\/wp-json\/wp\/v2\/pages\/716","targetHints":{"allow":["GET"]}}],"collection":[{"href":"https:\/\/www.colorectalcancercanada.com\/fr\/wp-json\/wp\/v2\/pages"}],"about":[{"href":"https:\/\/www.colorectalcancercanada.com\/fr\/wp-json\/wp\/v2\/types\/page"}],"author":[{"embeddable":true,"href":"https:\/\/www.colorectalcancercanada.com\/fr\/wp-json\/wp\/v2\/users\/1"}],"replies":[{"embeddable":true,"href":"https:\/\/www.colorectalcancercanada.com\/fr\/wp-json\/wp\/v2\/comments?post=716"}],"version-history":[{"count":0,"href":"https:\/\/www.colorectalcancercanada.com\/fr\/wp-json\/wp\/v2\/pages\/716\/revisions"}],"up":[{"embeddable":true,"href":"https:\/\/www.colorectalcancercanada.com\/fr\/wp-json\/wp\/v2\/pages\/837"}],"wp:featuredmedia":[{"embeddable":true,"href":"https:\/\/www.colorectalcancercanada.com\/fr\/wp-json\/wp\/v2\/media\/11804"}],"wp:attachment":[{"href":"https:\/\/www.colorectalcancercanada.com\/fr\/wp-json\/wp\/v2\/media?parent=716"}],"curies":[{"name":"wp","href":"https:\/\/api.w.org\/{rel}","templated":true}]}}