 {"id":318,"date":"2023-07-03T12:48:50","date_gmt":"2023-07-03T12:48:50","guid":{"rendered":"https:\/\/colorectalcc.wpengine.com\/?page_id=318"},"modified":"2023-07-03T13:45:53","modified_gmt":"2023-07-03T13:45:53","slug":"politique-en-matiere-de-confidentialite-et-de-cookies","status":"publish","type":"page","link":"https:\/\/www.colorectalcancercanada.com\/fr\/politique-en-matiere-de-confidentialite-et-de-cookies\/","title":{"rendered":"Politique en mati\u00e8re de confidentialit\u00e9 et de cookies"},"content":{"rendered":"<div class=\"fusion-fullwidth fullwidth-box fusion-builder-row-1 fusion-flex-container has-pattern-background has-mask-background nonhundred-percent-fullwidth non-hundred-percent-height-scrolling\" style=\"--awb-border-radius-top-left:0px;--awb-border-radius-top-right:0px;--awb-border-radius-bottom-right:0px;--awb-border-radius-bottom-left:0px;--awb-margin-top:30px;--awb-flex-wrap:wrap;\" ><div class=\"fusion-builder-row fusion-row fusion-flex-align-items-flex-start fusion-flex-content-wrap\" style=\"max-width:1248px;margin-left: calc(-4% \/ 2 );margin-right: calc(-4% \/ 2 );\"><div class=\"fusion-layout-column fusion_builder_column fusion-builder-column-0 fusion_builder_column_1_1 1_1 fusion-flex-column\" style=\"--awb-bg-size:cover;--awb-width-large:100%;--awb-margin-top-large:0px;--awb-spacing-right-large:1.92%;--awb-margin-bottom-large:20px;--awb-spacing-left-large:1.92%;--awb-width-medium:100%;--awb-order-medium:0;--awb-spacing-right-medium:1.92%;--awb-spacing-left-medium:1.92%;--awb-width-small:100%;--awb-order-small:0;--awb-spacing-right-small:1.92%;--awb-spacing-left-small:1.92%;\"><div class=\"fusion-column-wrapper fusion-column-has-shadow fusion-flex-justify-content-flex-start fusion-content-layout-column\"><div class=\"fusion-title title fusion-title-1 fusion-sep-none fusion-title-text fusion-title-size-two\" style=\"--awb-margin-top-small:10px;--awb-margin-right-small:0px;--awb-margin-bottom-small:10px;--awb-margin-left-small:0px;\"><h2 class=\"fusion-title-heading title-heading-left\" style=\"margin:0;\">Politique en mati\u00e8re de confidentialit\u00e9 et de cookies<\/h2><\/div><div class=\"fusion-text fusion-text-1\"><p>Colorectal Cancer Canada utilise des cookies pour am\u00e9liorer votre exp\u00e9rience et comprendre le trafic sur notre site. En continuant \u00e0 utiliser notre site, vous acceptez notre utilisation des cookies.<\/p>\n<\/div><div class=\"fusion-text fusion-text-2\"><p>Les cookies sont absolument n\u00e9cessaires pour le bon fonctionnement du site web. Cette cat\u00e9gorie ne comprend que les cookies qui assurent les fonctionnalit\u00e9s de base et les fonctions de s\u00e9curit\u00e9 du site web. Ces cookies ne stockent aucune information personnelle.<\/p>\n<p>Les cookies qui ne sont pas particuli\u00e8rement n\u00e9cessaires au fonctionnement du site web et qui sont utilis\u00e9s sp\u00e9cifiquement pour collecter des donn\u00e9es personnelles de l&rsquo;utilisateur par le biais d&rsquo;analyses, de publicit\u00e9s ou d&rsquo;autres contenus int\u00e9gr\u00e9s sont appel\u00e9s cookies non n\u00e9cessaires. Il est obligatoire d&rsquo;obtenir le consentement de l&rsquo;utilisateur avant de placer ces cookies sur votre site web.<\/p>\n<p>Ce site web utilise des cookies pour am\u00e9liorer votre exp\u00e9rience lorsque vous naviguez sur le site. Parmi ces cookies, les cookies class\u00e9s comme n\u00e9cessaires sont stock\u00e9s sur votre navigateur car ils sont essentiels pour le fonctionnement des fonctionnalit\u00e9s de base du site web. Nous utilisons \u00e9galement des cookies de tiers qui nous aident \u00e0 analyser et \u00e0 comprendre comment vous utilisez ce site web. Ces cookies ne seront stock\u00e9s dans votre navigateur qu&rsquo;avec votre consentement. Vous avez \u00e9galement la possibilit\u00e9 de refuser ces cookies. Toutefois, la d\u00e9sactivation de certains de ces cookies peut avoir un effet sur votre exp\u00e9rience de navigation.<\/p>\n<\/div><\/div><\/div><\/div><\/div>\n","protected":false},"excerpt":{"rendered":"","protected":false},"author":1,"featured_media":0,"parent":0,"menu_order":0,"comment_status":"closed","ping_status":"closed","template":"100-width.php","meta":{"_price":"","_stock":"","_tribe_ticket_header":"","_tribe_default_ticket_provider":"","_tribe_ticket_capacity":"0","_ticket_start_date":"","_ticket_end_date":"","_tribe_ticket_show_description":"","_tribe_ticket_show_not_going":false,"_tribe_ticket_use_global_stock":"","_tribe_ticket_global_stock_level":"","_global_stock_mode":"","_global_stock_cap":"","_tribe_rsvp_for_event":"","_tribe_ticket_going_count":"","_tribe_ticket_not_going_count":"","_tribe_tickets_list":"[]","_tribe_ticket_has_attendee_info_fields":false,"footnotes":"","_tec_slr_enabled":"","_tec_slr_layout":""},"class_list":["post-318","page","type-page","status-publish","hentry"],"ticketed":false,"_links":{"self":[{"href":"https:\/\/www.colorectalcancercanada.com\/fr\/wp-json\/wp\/v2\/pages\/318","targetHints":{"allow":["GET"]}}],"collection":[{"href":"https:\/\/www.colorectalcancercanada.com\/fr\/wp-json\/wp\/v2\/pages"}],"about":[{"href":"https:\/\/www.colorectalcancercanada.com\/fr\/wp-json\/wp\/v2\/types\/page"}],"author":[{"embeddable":true,"href":"https:\/\/www.colorectalcancercanada.com\/fr\/wp-json\/wp\/v2\/users\/1"}],"replies":[{"embeddable":true,"href":"https:\/\/www.colorectalcancercanada.com\/fr\/wp-json\/wp\/v2\/comments?post=318"}],"version-history":[{"count":0,"href":"https:\/\/www.colorectalcancercanada.com\/fr\/wp-json\/wp\/v2\/pages\/318\/revisions"}],"wp:attachment":[{"href":"https:\/\/www.colorectalcancercanada.com\/fr\/wp-json\/wp\/v2\/media?parent=318"}],"curies":[{"name":"wp","href":"https:\/\/api.w.org\/{rel}","templated":true}]}}