 {"id":17925,"date":"2026-03-02T15:15:06","date_gmt":"2026-03-02T15:15:06","guid":{"rendered":"https:\/\/www.colorectalcancercanada.com\/?page_id=17925"},"modified":"2026-04-15T14:01:53","modified_gmt":"2026-04-15T14:01:53","slug":"recherche-de-medicaments-crc","status":"publish","type":"page","link":"https:\/\/www.colorectalcancercanada.com\/fr\/cancer-colorectal\/recherche-de-medicaments-crc\/","title":{"rendered":"Recherche de m\u00e9dicaments CRC"},"content":{"rendered":"<div class=\"fusion-fullwidth fullwidth-box fusion-builder-row-1 fusion-flex-container has-pattern-background has-mask-background nonhundred-percent-fullwidth non-hundred-percent-height-scrolling\" style=\"--awb-border-radius-top-left:0px;--awb-border-radius-top-right:0px;--awb-border-radius-bottom-right:0px;--awb-border-radius-bottom-left:0px;--awb-flex-wrap:wrap;\" ><div class=\"fusion-builder-row fusion-row fusion-flex-align-items-flex-start fusion-flex-content-wrap\" style=\"max-width:1248px;margin-left: calc(-4% \/ 2 );margin-right: calc(-4% \/ 2 );\"><div class=\"fusion-layout-column fusion_builder_column fusion-builder-column-0 fusion_builder_column_1_1 1_1 fusion-flex-column\" style=\"--awb-bg-size:cover;--awb-width-large:100%;--awb-margin-top-large:0px;--awb-spacing-right-large:1.92%;--awb-margin-bottom-large:20px;--awb-spacing-left-large:1.92%;--awb-width-medium:100%;--awb-order-medium:0;--awb-spacing-right-medium:1.92%;--awb-spacing-left-medium:1.92%;--awb-width-small:100%;--awb-order-small:0;--awb-spacing-right-small:1.92%;--awb-spacing-left-small:1.92%;\"><div class=\"fusion-column-wrapper fusion-column-has-shadow fusion-flex-justify-content-flex-start fusion-content-layout-column\"><div class=\"fusion-title title fusion-title-1 fusion-sep-none fusion-title-text fusion-title-size-one custom-title \" style=\"--awb-margin-top-small:10px;--awb-margin-right-small:0px;--awb-margin-bottom-small:10px;--awb-margin-left-small:0px;\"><h1 class=\"fusion-title-heading title-heading-left\" style=\"margin:0;\">Recherche de m\u00e9dicaments sur le cancer colorectal au Canada<\/h1><\/div><div class=\"fusion-text fusion-text-1\"><p>Bienvenue sur la page de recherche de m\u00e9dicaments du CCC. Cette page vise \u00e0 fournir de l\u2019information sur les m\u00e9dicaments utilis\u00e9s dans le traitement du cancer colorectal dont l\u2019usage est approuv\u00e9 dans chaque province et territoire. Vous pouvez consulter les indications cliniques de chaque m\u00e9dicament ainsique son statut dans le processus de remboursement public.<\/p>\n<p>Vous pouvez effectuer une recherche \u00e0 l&rsquo;aide des diff\u00e9rents crit\u00e8res \u00e9num\u00e9r\u00e9s ci-dessous.<\/p>\n<\/div><div class=\"drugs-wrapper\">\n<div class=\"app__block-container\">\n<div class=\"app__block\">\n<div class=\"inner\">\n<div class=\"app__module module__medsearch-filter\">\n<div class=\"tpl__form-filter\">\n\n<form method=\"GET\" action=\"\">\n\n<!-- Generic Name -->\n<p style=\"margin-top:40px;\">\n<label><strong>Nom g\u00e9n\u00e9rique<\/strong><\/label><br>\n<input type=\"text\" name=\"drug_title\" value=\"\">\n<\/p>\n\n<!-- Brand Name -->\n<p>\n<label><strong>Nom de marque<\/strong><\/label><br>\n<select name=\"brand_name[]\" multiple style=\"width:100%;height:100px;\">\n<option value=\"Fruzaqla\" >Fruzaqla<\/option><option value=\"Keytruda\" >Keytruda<\/option><option value=\"Opdivo and Yervoy\" >Opdivo and Yervoy<\/option><option value=\"Stivarga\" >Stivarga<\/option><option value=\"Lonsurf\" >Lonsurf<\/option><option value=\"Opdivo et Yervoy\" >Opdivo et Yervoy<\/option><option value=\"Erbitux\" >Erbitux<\/option><option value=\"Vectibix\" >Vectibix<\/option><option value=\"Enhertu\" >Enhertu<\/option><option value=\"Adrucil\" >Adrucil<\/option><option value=\"Xeloda\" >Xeloda<\/option><option value=\"Eloxatin\" >Eloxatin<\/option><option value=\"Camptosar\" >Camptosar<\/option><option value=\"Avastin\" >Avastin<\/option><option value=\"Vitrakvi\" >Vitrakvi<\/option><option value=\"Rozlytrek\" >Rozlytrek<\/option><\/select>\n<\/p>\n\n<!-- CRC Subtype -->\n<p>\n<label><strong>Sous-type sp\u00e9cifique de CCR (Biomarqueur)<\/strong><\/label><br>\n<select name=\"crc_subtype[]\" multiple style=\"width:100%;height:100px;\">\n<option value=\"none-fr\" >Aucun<\/option><option value=\"ims-e-msi-h-instabilite-microsatellitaire-elevee\" >IMS-E\/MSI-H - Instabilit\u00e9 microsatellitaire \u00e9lev\u00e9e<\/option><option value=\"les-fusions-des-genes-ntrk\" >Les fusions des g\u00e8nes NTRK<\/option><option value=\"ras-de-type-sauvage\" >RAS de type sauvage<\/option><\/select>\n<\/p>\n\n<!-- Stage -->\n<p>\n<label><strong>Stade<\/strong><\/label><br>\n<select name=\"drug_stage[]\" multiple style=\"width:100%;height:100px;\">\n<option value=\"i-fr\" >I<\/option><option value=\"ii-fr\" >II<\/option><option value=\"iii-fr\" >III<\/option><option value=\"iv-fr\" >IV<\/option><\/select>\n<\/p>\n\n<!-- Therapy Line -->\n<p>\n<label><strong>Ligne(s) de traitement<\/strong><\/label><br>\n<select name=\"therapy_line[]\" multiple style=\"width:100%;height:100px;\">\n<option value=\"later-lines-fr\" >Lignes ult\u00e9rieures<\/option><option value=\"premiere-ligne\" >Premi\u00e8re ligne<\/option><option value=\"troisieme-ligne-ou-plus-tard\" >Troisi\u00e8me ligne ou plus tard<\/option><\/select>\n<\/p>\n\n<!-- Health Canada Approval -->\n<p>\n<label><strong>Approbation de Sant\u00e9 Canada<\/strong><\/label><br>\n<select name=\"health_canada_approval[]\" multiple style=\"width:100%;height:100px;\">\n<option value=\"approved-fr\" >Approuv\u00e9<\/option><option value=\"en-cours-dexamen\" >En cours d&#039;examen<\/option><option value=\"non-approuve\" >Non Approuv\u00e9<\/option><\/select>\n<\/p>\n\n<!-- pCPA Status -->\n<p>\n<label><strong>Statut de n\u00e9gociation pCPA  <\/strong><\/label><br>\n<select name=\"pcpa_status[]\" multiple style=\"width:100%;height:100px;\">\n<option value=\"en-cours-de-negociation\" >En cours de n\u00e9gociation<\/option><option value=\"non-initie\" >Non initi\u00e9<\/option><option value=\"non-poursuivi\" >Non poursuivi<\/option><option value=\"completed-fr\" >Termin\u00e9<\/option><\/select>\n<\/p>\n\n<!-- Public Reimbursement -->\n<p>\n<label><strong>Rembours\u00e9 en<\/strong><\/label><br>\n<select name=\"public_reimbursement[]\" multiple style=\"width:100%;height:100px;\">\n<option value=\"alberta-fr\" >AB (Alberta)<\/option><option value=\"colombie-britannique-fr\" >C.-B. (Colombie-Britannique)<\/option><option value=\"i-p-e\" >\u00ce.-P.-\u00c9. (\u00cele-du-Prince-\u00c9douard)<\/option><option value=\"manitoba-fr\" >MB (Manitoba)<\/option><option value=\"n-b\" >N.-B. (Nouveau-Brunswick)<\/option><option value=\"ns-fr\" >N.-\u00c9. (Nouvelle-\u00c9cosse)<\/option><option value=\"nt\" >NT (Le Nunavut)<\/option><option value=\"on\" >ON (Ontario)<\/option><option value=\"qc-fr\" >QC (Qu\u00e9bec)<\/option><option value=\"sk-fr\" >SK (Saskatchewan)<\/option><option value=\"t-n-l\" >T.-N.-L. (Terre-Neuve-et-Labrador)<\/option><option value=\"t-n-o\" >T.N.-O (Les Territoires du Nord-Ouest)<\/option><option value=\"yn\" >YN (Le Yukon)<\/option><\/select>\n<\/p>\n\n<p>\n<button type=\"submit\" class=\"custom-search\">Rechercher<\/button>\n<a href=\"https:\/\/www.colorectalcancercanada.com\/fr\/cancer-colorectal\/recherche-de-medicaments-crc\/\" class=\"reset-btn\">R\u00e9initialiser<\/a>\n<\/p>\n\n<\/form>\n\n<\/div>\n<\/div>\n<\/div>\n<\/div>\n<\/div>\n\n<!-- Pure JavaScript for click-select and double-click deselect -->\n<style>\n\/* Highlight selected options *\/\nselect[multiple] option.active {\n    background-color: #005f9b;\n    color: #ffffff;\n}\n<\/style>\n\n<script>\ndocument.addEventListener('DOMContentLoaded', function() {\n    const selects = document.querySelectorAll('select[multiple]');\n    \n    selects.forEach(select => {\n        select.addEventListener('mousedown', function(e) {\n            e.preventDefault(); \/\/ Prevent default multi-select behavior\n\n            const option = e.target;\n            if (option.tagName.toLowerCase() === 'option') {\n                \/\/ Toggle selection\n                option.selected = !option.selected;\n\n                \/\/ Add\/remove active class for styling\n                if (option.selected) {\n                    option.classList.add('active');\n                } else {\n                    option.classList.remove('active');\n                }\n\n                \/\/ Trigger change event for the form\n                const event = new Event('change', { bubbles: true });\n                select.dispatchEvent(event);\n            }\n        });\n\n        \/\/ Apply initial active class to pre-selected options\n        Array.from(select.options).forEach(opt => {\n            if (opt.selected) {\n                opt.classList.add('active');\n            }\n        });\n    });\n});\n<\/script><\/div><\/div><\/div><\/div><\/div>\n","protected":false},"excerpt":{"rendered":"","protected":false},"author":1,"featured_media":11802,"parent":481,"menu_order":0,"comment_status":"closed","ping_status":"closed","template":"100-width.php","meta":{"_price":"","_stock":"","_tribe_ticket_header":"","_tribe_default_ticket_provider":"","_tribe_ticket_capacity":"0","_ticket_start_date":"","_ticket_end_date":"","_tribe_ticket_show_description":"","_tribe_ticket_show_not_going":false,"_tribe_ticket_use_global_stock":"","_tribe_ticket_global_stock_level":"","_global_stock_mode":"","_global_stock_cap":"","_tribe_rsvp_for_event":"","_tribe_ticket_going_count":"","_tribe_ticket_not_going_count":"","_tribe_tickets_list":"[]","_tribe_ticket_has_attendee_info_fields":false,"footnotes":"","_tec_slr_enabled":"","_tec_slr_layout":""},"class_list":["post-17925","page","type-page","status-publish","has-post-thumbnail","hentry"],"ticketed":false,"_links":{"self":[{"href":"https:\/\/www.colorectalcancercanada.com\/fr\/wp-json\/wp\/v2\/pages\/17925","targetHints":{"allow":["GET"]}}],"collection":[{"href":"https:\/\/www.colorectalcancercanada.com\/fr\/wp-json\/wp\/v2\/pages"}],"about":[{"href":"https:\/\/www.colorectalcancercanada.com\/fr\/wp-json\/wp\/v2\/types\/page"}],"author":[{"embeddable":true,"href":"https:\/\/www.colorectalcancercanada.com\/fr\/wp-json\/wp\/v2\/users\/1"}],"replies":[{"embeddable":true,"href":"https:\/\/www.colorectalcancercanada.com\/fr\/wp-json\/wp\/v2\/comments?post=17925"}],"version-history":[{"count":1,"href":"https:\/\/www.colorectalcancercanada.com\/fr\/wp-json\/wp\/v2\/pages\/17925\/revisions"}],"predecessor-version":[{"id":18291,"href":"https:\/\/www.colorectalcancercanada.com\/fr\/wp-json\/wp\/v2\/pages\/17925\/revisions\/18291"}],"up":[{"embeddable":true,"href":"https:\/\/www.colorectalcancercanada.com\/fr\/wp-json\/wp\/v2\/pages\/481"}],"wp:featuredmedia":[{"embeddable":true,"href":"https:\/\/www.colorectalcancercanada.com\/fr\/wp-json\/wp\/v2\/media\/11802"}],"wp:attachment":[{"href":"https:\/\/www.colorectalcancercanada.com\/fr\/wp-json\/wp\/v2\/media?parent=17925"}],"curies":[{"name":"wp","href":"https:\/\/api.w.org\/{rel}","templated":true}]}}