 {"id":11385,"date":"2023-11-08T21:42:26","date_gmt":"2023-11-08T21:42:26","guid":{"rendered":"https:\/\/colorectalcc.wpengine.com\/?page_id=11385"},"modified":"2024-07-01T14:02:38","modified_gmt":"2024-07-01T14:02:38","slug":"tests-genetiques","status":"publish","type":"page","link":"https:\/\/www.colorectalcancercanada.com\/fr\/cancer-colorectal\/tests-genetiques\/","title":{"rendered":"Tests g\u00e9n\u00e9tiques"},"content":{"rendered":"<p><div class=\"fusion-fullwidth fullwidth-box fusion-builder-row-1 fusion-flex-container has-pattern-background has-mask-background nonhundred-percent-fullwidth non-hundred-percent-height-scrolling\" style=\"--awb-border-radius-top-left:0px;--awb-border-radius-top-right:0px;--awb-border-radius-bottom-right:0px;--awb-border-radius-bottom-left:0px;--awb-flex-wrap:wrap;\" ><div class=\"fusion-builder-row fusion-row fusion-flex-align-items-flex-start fusion-flex-content-wrap\" style=\"max-width:1248px;margin-left: calc(-4% \/ 2 );margin-right: calc(-4% \/ 2 );\"><div class=\"fusion-layout-column fusion_builder_column fusion-builder-column-0 fusion_builder_column_1_1 1_1 fusion-flex-column\" style=\"--awb-bg-size:cover;--awb-width-large:100%;--awb-margin-top-large:0px;--awb-spacing-right-large:1.92%;--awb-margin-bottom-large:20px;--awb-spacing-left-large:1.92%;--awb-width-medium:100%;--awb-order-medium:0;--awb-spacing-right-medium:1.92%;--awb-spacing-left-medium:1.92%;--awb-width-small:100%;--awb-order-small:0;--awb-spacing-right-small:1.92%;--awb-spacing-left-small:1.92%;\"><div class=\"fusion-column-wrapper fusion-column-has-shadow fusion-flex-justify-content-flex-start fusion-content-layout-column\"><div class=\"fusion-title title fusion-title-1 fusion-sep-none fusion-title-text fusion-title-size-one custom-title\" style=\"--awb-margin-top-small:10px;--awb-margin-right-small:0px;--awb-margin-bottom-small:10px;--awb-margin-left-small:0px;\"><h1 class=\"fusion-title-heading title-heading-left\" style=\"margin:0;\"><span data-sheets-root=\"1\" data-sheets-value=\"\" data-sheets-userformat=\"\">Tests g\u00e9n\u00e9tiques relatifs au cancer colorectal<\/span><\/h1><\/div><\/div><\/div><\/div><\/div><div class=\"fusion-fullwidth fullwidth-box fusion-builder-row-2 fusion-flex-container has-pattern-background has-mask-background nonhundred-percent-fullwidth non-hundred-percent-height-scrolling\" style=\"--awb-border-radius-top-left:0px;--awb-border-radius-top-right:0px;--awb-border-radius-bottom-right:0px;--awb-border-radius-bottom-left:0px;--awb-margin-bottom:0px;--awb-flex-wrap:wrap;\" ><div class=\"fusion-builder-row fusion-row fusion-flex-align-items-flex-start fusion-flex-content-wrap\" style=\"max-width:1248px;margin-left: calc(-4% \/ 2 );margin-right: calc(-4% \/ 2 );\"><div class=\"fusion-layout-column fusion_builder_column fusion-builder-column-1 fusion_builder_column_1_2 1_2 fusion-flex-column\" style=\"--awb-bg-size:cover;--awb-width-large:50%;--awb-margin-top-large:0px;--awb-spacing-right-large:3.84%;--awb-margin-bottom-large:20px;--awb-spacing-left-large:3.84%;--awb-width-medium:50%;--awb-order-medium:0;--awb-spacing-right-medium:3.84%;--awb-spacing-left-medium:3.84%;--awb-width-small:100%;--awb-order-small:0;--awb-spacing-right-small:1.92%;--awb-spacing-left-small:1.92%;\"><div class=\"fusion-column-wrapper fusion-column-has-shadow fusion-flex-justify-content-flex-start fusion-content-layout-column\"><div class=\"fusion-title title fusion-title-2 fusion-sep-none fusion-title-text fusion-title-size-three\" style=\"--awb-margin-top-small:10px;--awb-margin-right-small:0px;--awb-margin-bottom-small:10px;--awb-margin-left-small:0px;\"><h3 class=\"fusion-title-heading title-heading-left\" style=\"margin:0;\">Tests g\u00e9n\u00e9tiques<\/h3><\/div><div class=\"fusion-text fusion-text-1\"><p>Environ <b>5 \u00e0 10 %<\/b> des cas de cancer colorectal peuvent \u00eatre attribu\u00e9s \u00e0 des facteurs h\u00e9r\u00e9ditaires ou transmis de parent \u00e0 enfant. Cela signifie qu&rsquo;un petit pourcentage de personnes naissent avec certaines mutations g\u00e9n\u00e9tiques qui les rendent plus susceptibles de d\u00e9velopper un cancer colorectal.<\/p>\n<p><b>20 \u00e0 25 %<\/b> descas sont consid\u00e9r\u00e9s comme familiaux, ce qui signifie qu&rsquo;un plus grand nombre de membres de la famille sont touch\u00e9s que ce que s&rsquo;il s&rsquo;agissait simplement d&rsquo;un hasard, toutefois on ne peut cibler une cause ou une explication g\u00e9n\u00e9tique.<\/p>\n<p><b>70 \u00e0 75 %<\/b> descas de cancer colorectal peuvent \u00eatre attribu\u00e9s \u00e0 des mutations g\u00e9n\u00e9tiques sporadiques. Cela signifie que les mutations g\u00e9n\u00e9tiques \u00e0 l&rsquo;origine du cancer ont \u00e9t\u00e9 acquises au cours de la vie de la personne. Ces mutations se produisent uniquement dans les cellules tumorales et n&rsquo;ont pas \u00e9t\u00e9 transmises par les parents.<\/p>\n<\/div><\/div><\/div><div class=\"fusion-layout-column fusion_builder_column fusion-builder-column-2 fusion_builder_column_1_2 1_2 fusion-flex-column\" style=\"--awb-bg-size:cover;--awb-width-large:50%;--awb-margin-top-large:0px;--awb-spacing-right-large:3.84%;--awb-margin-bottom-large:20px;--awb-spacing-left-large:3.84%;--awb-width-medium:50%;--awb-order-medium:0;--awb-spacing-right-medium:3.84%;--awb-spacing-left-medium:3.84%;--awb-width-small:100%;--awb-order-small:0;--awb-spacing-right-small:1.92%;--awb-spacing-left-small:1.92%;\"><div class=\"fusion-column-wrapper fusion-column-has-shadow fusion-flex-justify-content-flex-start fusion-content-layout-column\"><div class=\"fusion-image-element \" style=\"--awb-caption-title-font-family:var(--h2_typography-font-family);--awb-caption-title-font-weight:var(--h2_typography-font-weight);--awb-caption-title-font-style:var(--h2_typography-font-style);--awb-caption-title-size:var(--h2_typography-font-size);--awb-caption-title-transform:var(--h2_typography-text-transform);--awb-caption-title-line-height:var(--h2_typography-line-height);--awb-caption-title-letter-spacing:var(--h2_typography-letter-spacing);\"><span class=\" fusion-imageframe imageframe-none imageframe-1 hover-type-none\"><img decoding=\"async\" width=\"914\" height=\"584\" alt=\"Genetic-testing\" title=\"Genetic-testing FR\" src=\"https:\/\/www.colorectalcancercanada.com\/wp-content\/uploads\/2024\/03\/Genetic-testing-FR.png\" class=\"img-responsive wp-image-12194\" srcset=\"https:\/\/www.colorectalcancercanada.com\/wp-content\/uploads\/2024\/03\/Genetic-testing-FR-200x128.png 200w, https:\/\/www.colorectalcancercanada.com\/wp-content\/uploads\/2024\/03\/Genetic-testing-FR-400x256.png 400w, https:\/\/www.colorectalcancercanada.com\/wp-content\/uploads\/2024\/03\/Genetic-testing-FR-600x383.png 600w, https:\/\/www.colorectalcancercanada.com\/wp-content\/uploads\/2024\/03\/Genetic-testing-FR-800x511.png 800w, https:\/\/www.colorectalcancercanada.com\/wp-content\/uploads\/2024\/03\/Genetic-testing-FR.png 914w\" sizes=\"(max-width: 640px) 100vw, 600px\" \/><\/span><\/div><\/div><\/div><\/div><\/div><div class=\"fusion-fullwidth fullwidth-box fusion-builder-row-3 fusion-flex-container has-pattern-background has-mask-background nonhundred-percent-fullwidth non-hundred-percent-height-scrolling\" style=\"--awb-border-radius-top-left:0px;--awb-border-radius-top-right:0px;--awb-border-radius-bottom-right:0px;--awb-border-radius-bottom-left:0px;--awb-flex-wrap:wrap;\" ><div class=\"fusion-builder-row fusion-row fusion-flex-align-items-flex-start fusion-flex-content-wrap\" style=\"max-width:1248px;margin-left: calc(-4% \/ 2 );margin-right: calc(-4% \/ 2 );\"><div class=\"fusion-layout-column fusion_builder_column fusion-builder-column-3 fusion_builder_column_1_1 1_1 fusion-flex-column\" style=\"--awb-bg-size:cover;--awb-width-large:100%;--awb-margin-top-large:0px;--awb-spacing-right-large:1.92%;--awb-margin-bottom-large:20px;--awb-spacing-left-large:1.92%;--awb-width-medium:100%;--awb-order-medium:0;--awb-spacing-right-medium:1.92%;--awb-spacing-left-medium:1.92%;--awb-width-small:100%;--awb-order-small:0;--awb-spacing-right-small:1.92%;--awb-spacing-left-small:1.92%;\"><div class=\"fusion-column-wrapper fusion-column-has-shadow fusion-flex-justify-content-flex-start fusion-content-layout-column\"><div class=\"fusion-title title fusion-title-3 fusion-sep-none fusion-title-text fusion-title-size-three\" style=\"--awb-margin-top-small:10px;--awb-margin-right-small:0px;--awb-margin-bottom-small:10px;--awb-margin-left-small:0px;\"><h3 class=\"fusion-title-heading title-heading-left\" style=\"margin:0;text-transform:var(--awb-typography1-text-transform);\">Qu&rsquo;est-ce qu&rsquo;un test g\u00e9n\u00e9tique ?<\/h3><\/div><div class=\"fusion-text fusion-text-2\"><p>Le test g\u00e9n\u00e9tique est un type de test m\u00e9dical qui examine de pr\u00e8s l&rsquo;ADN ou les informations g\u00e9n\u00e9tiques d&rsquo;une personne afin de rechercher des changements ou des mutations li\u00e9s \u00e0 des maladies connues. Il est g\u00e9n\u00e9ralement r\u00e9alis\u00e9 en analysant l&rsquo;ADN pr\u00e9sent dans un \u00e9chantillon de sang.<\/p>\n<\/div><div class=\"fusion-text fusion-text-3\"><p>Les tests g\u00e9n\u00e9tiques sont volontaires, ce qui signifie que vous d\u00e9cidez d&rsquo;y participer ou non. Un g\u00e9n\u00e9ticien ou un conseiller en g\u00e9n\u00e9tique peut vous aider en vous fournissant des informations sur les avantages et les inconv\u00e9nients du test et en discutant des aspects sociaux et \u00e9motionnels du test.<\/p>\n<p>Il est important de conna\u00eetre les ant\u00e9c\u00e9dents m\u00e9dicaux de votre famille. S&rsquo;il existe des ant\u00e9c\u00e9dents importants de cancer colorectal ou si l&rsquo;un des membres de votre famille est atteint d&rsquo;un syndrome canc\u00e9reux h\u00e9r\u00e9ditaire tel que le syndrome de Lynch, n&rsquo;oubliez pas de parler \u00e0 votre m\u00e9decin des tests g\u00e9n\u00e9tiques. Les \u00e9tudes montrent que les conversations entre les patients et leur prestataire de soins de sant\u00e9 sont le principal moteur de la participation au d\u00e9pistage.<\/p>\n<p>Vous pouvez t\u00e9l\u00e9charger notre <a href=\"https:\/\/www.colorectalcancercanada.com\/wp-content\/uploads\/2023\/11\/CRC-Family-History-Chart_N2Y-June-2019_EN-1.pdf\" target=\"_blank\" rel=\"noopener\">tableau des ant\u00e9c\u00e9dents familiaux de cancer colorectal<\/a> pour mieux comprendre les ant\u00e9c\u00e9dents familiaux de la maladie.<\/p>\n<\/div><div style=\"text-align:center;\"><a class=\"fusion-button button-flat fusion-button-default-size button-custom fusion-button-default button-1 fusion-button-default-span fusion-button-default-type\" style=\"--button_accent_color:#ffffff;--button_accent_hover_color:var(--awb-color1);--button_border_hover_color:#003a5e;--button-border-radius-top-left:23px;--button-border-radius-top-right:23px;--button-border-radius-bottom-right:23px;--button-border-radius-bottom-left:23px;--button_gradient_top_color:#f35237;--button_gradient_bottom_color:#f35237;--button_gradient_top_color_hover:hsla(var(--awb-color5-h),calc(var(--awb-color5-s) - 5%),calc(var(--awb-color5-l) - 10%),var(--awb-color5-a));--button_gradient_bottom_color_hover:hsla(var(--awb-color5-h),calc(var(--awb-color5-s) - 5%),calc(var(--awb-color5-l) - 10%),var(--awb-color5-a));--button_font_size:15px;--button_typography-font-family:&quot;Open Sans&quot;;--button_typography-font-style:normal;--button_typography-font-weight:400;--button_margin-top:20px;--button_margin-bottom:20px;\" target=\"_blank\" rel=\"noopener noreferrer\" href=\"https:\/\/www.colorectalcancercanada.com\/fr\/cancer-colorectal\/facteurs-de-risque\/syndrome-lynch\/\"><span class=\"fusion-button-text awb-button__text awb-button__text--default\">En savoir plus sur le syndrome de Lynch<\/span><\/a><\/div><\/div><\/div><\/div><\/div><div class=\"fusion-fullwidth fullwidth-box fusion-builder-row-4 fusion-flex-container has-pattern-background has-mask-background nonhundred-percent-fullwidth non-hundred-percent-height-scrolling\" style=\"--awb-border-radius-top-left:0px;--awb-border-radius-top-right:0px;--awb-border-radius-bottom-right:0px;--awb-border-radius-bottom-left:0px;--awb-margin-top:20px;--awb-flex-wrap:wrap;\" ><div class=\"fusion-builder-row fusion-row fusion-flex-align-items-flex-start fusion-flex-content-wrap\" style=\"max-width:1248px;margin-left: calc(-4% \/ 2 );margin-right: calc(-4% \/ 2 );\"><div class=\"fusion-layout-column fusion_builder_column fusion-builder-column-4 fusion_builder_column_1_1 1_1 fusion-flex-column\" style=\"--awb-bg-size:cover;--awb-width-large:100%;--awb-margin-top-large:0px;--awb-spacing-right-large:1.92%;--awb-margin-bottom-large:20px;--awb-spacing-left-large:1.92%;--awb-width-medium:100%;--awb-order-medium:0;--awb-spacing-right-medium:1.92%;--awb-spacing-left-medium:1.92%;--awb-width-small:100%;--awb-order-small:0;--awb-spacing-right-small:1.92%;--awb-spacing-left-small:1.92%;\"><div class=\"fusion-column-wrapper fusion-column-has-shadow fusion-flex-justify-content-flex-start fusion-content-layout-column\"><div class=\"fusion-title title fusion-title-4 fusion-sep-none fusion-title-text fusion-title-size-three\" style=\"--awb-margin-top-small:10px;--awb-margin-right-small:0px;--awb-margin-bottom-small:10px;--awb-margin-left-small:0px;\"><h3 class=\"fusion-title-heading title-heading-left\" style=\"margin:0;text-transform:var(--awb-typography1-text-transform);\">Qui peut subir un test g\u00e9n\u00e9tique ?<\/h3><\/div><div class=\"fusion-text fusion-text-4\"><p>Tout le monde ne peut pas b\u00e9n\u00e9ficier d&rsquo;un test g\u00e9n\u00e9tique. En examinant vos ant\u00e9c\u00e9dents personnels et familiaux, votre m\u00e9decin d\u00e9terminera si le test g\u00e9n\u00e9tique vous convient. N&rsquo;oubliez pas que les tests g\u00e9n\u00e9tiques ne sont pas effectu\u00e9s sans conseil g\u00e9n\u00e9tique et sans le consentement \u00e9clair\u00e9 de chaque personne qui subit le test.<\/p>\n<\/div><\/div><\/div><\/div><\/div><div class=\"fusion-fullwidth fullwidth-box fusion-builder-row-5 fusion-flex-container has-pattern-background has-mask-background nonhundred-percent-fullwidth non-hundred-percent-height-scrolling\" style=\"--awb-border-radius-top-left:0px;--awb-border-radius-top-right:0px;--awb-border-radius-bottom-right:0px;--awb-border-radius-bottom-left:0px;--awb-padding-top:40px;--awb-padding-bottom:40px;--awb-background-color:#f6f6f6;--awb-flex-wrap:wrap;\" ><div class=\"fusion-builder-row fusion-row fusion-flex-align-items-flex-start fusion-flex-content-wrap\" style=\"max-width:1248px;margin-left: calc(-4% \/ 2 );margin-right: calc(-4% \/ 2 );\"><div class=\"fusion-layout-column fusion_builder_column fusion-builder-column-5 fusion_builder_column_1_1 1_1 fusion-flex-column\" style=\"--awb-bg-size:cover;--awb-width-large:100%;--awb-margin-top-large:0px;--awb-spacing-right-large:1.92%;--awb-margin-bottom-large:20px;--awb-spacing-left-large:1.92%;--awb-width-medium:100%;--awb-order-medium:0;--awb-spacing-right-medium:1.92%;--awb-spacing-left-medium:1.92%;--awb-width-small:100%;--awb-order-small:0;--awb-spacing-right-small:1.92%;--awb-spacing-left-small:1.92%;\"><div class=\"fusion-column-wrapper fusion-column-has-shadow fusion-flex-justify-content-flex-start fusion-content-layout-column\"><div class=\"fusion-title title fusion-title-5 fusion-sep-none fusion-title-center fusion-title-text fusion-title-size-three\" style=\"--awb-margin-top-small:10px;--awb-margin-right-small:0px;--awb-margin-bottom-small:10px;--awb-margin-left-small:0px;\"><h3 class=\"fusion-title-heading title-heading-center\" style=\"margin:0;text-transform:var(--awb-typography1-text-transform);\">Pour plus d&rsquo;informations sur les tests g\u00e9n\u00e9tiques au Canada :<\/h3><\/div><\/div><\/div><div class=\"fusion-layout-column fusion_builder_column fusion-builder-column-6 fusion_builder_column_1_1 1_1 fusion-flex-column fusion-column-inner-bg-wrapper\" style=\"--awb-inner-bg-size:cover;--awb-border-color:#003a5e;--awb-border-right:2px;--awb-border-left:2px;--awb-border-style:solid;--awb-width-large:100%;--awb-margin-top-large:0px;--awb-spacing-right-large:1.92%;--awb-margin-bottom-large:20px;--awb-spacing-left-large:1.92%;--awb-width-medium:100%;--awb-order-medium:0;--awb-spacing-right-medium:1.92%;--awb-spacing-left-medium:1.92%;--awb-width-small:100%;--awb-order-small:0;--awb-spacing-right-small:1.92%;--awb-spacing-left-small:1.92%;\" data-scroll-devices=\"small-visibility,medium-visibility,large-visibility\"><span class=\"fusion-column-inner-bg hover-type-none\"><a class=\"fusion-column-anchor\" href=\"https:\/\/cancer.ca\/en\/cancer-information\/what-is-cancer\/genes-and-cancer\/genetic-testing\" rel=\"noopener noreferrer\" target=\"_blank\"><span class=\"fusion-column-inner-bg-image\"><\/span><\/a><\/span><div class=\"fusion-column-wrapper fusion-column-has-shadow fusion-flex-justify-content-flex-start fusion-content-layout-column\"><div style=\"text-align:center;\"><a class=\"fusion-button button-flat fusion-button-default-size button-custom fusion-button-default button-2 fusion-button-default-span fusion-button-default-type\" style=\"--button_accent_color:#ffffff;--button_accent_hover_color:var(--awb-color1);--button_border_hover_color:#003a5e;--button-border-radius-top-left:23px;--button-border-radius-top-right:23px;--button-border-radius-bottom-right:23px;--button-border-radius-bottom-left:23px;--button_gradient_top_color:#f35237;--button_gradient_bottom_color:#f35237;--button_gradient_top_color_hover:hsla(var(--awb-color5-h),calc(var(--awb-color5-s) - 5%),calc(var(--awb-color5-l) - 10%),var(--awb-color5-a));--button_gradient_bottom_color_hover:hsla(var(--awb-color5-h),calc(var(--awb-color5-s) - 5%),calc(var(--awb-color5-l) - 10%),var(--awb-color5-a));--button_font_size:15px;--button_typography-font-family:&quot;Open Sans&quot;;--button_typography-font-style:normal;--button_typography-font-weight:400;--button_margin-top:20px;--button_margin-bottom:20px;\" target=\"_blank\" rel=\"noopener noreferrer\" href=\"https:\/\/www.colorectalcancercanada.com\/fr\/cancer-colorectal\/facteurs-de-risque\/syndrome-lynch\/\"><span class=\"fusion-button-text awb-button__text awb-button__text--default\">Informations g\u00e9n\u00e9rales sur les tests g\u00e9n\u00e9tiques au Canada<\/span><\/a><\/div><\/div><\/div><\/div><\/div><div class=\"fusion-fullwidth fullwidth-box fusion-builder-row-6 fusion-flex-container has-pattern-background has-mask-background nonhundred-percent-fullwidth non-hundred-percent-height-scrolling\" style=\"--awb-border-radius-top-left:0px;--awb-border-radius-top-right:0px;--awb-border-radius-bottom-right:0px;--awb-border-radius-bottom-left:0px;--awb-padding-top:40px;--awb-background-color:#f6f6f6;--awb-flex-wrap:wrap;\" ><div class=\"fusion-builder-row fusion-row fusion-flex-align-items-flex-start fusion-flex-content-wrap\" style=\"max-width:1248px;margin-left: calc(-4% \/ 2 );margin-right: calc(-4% \/ 2 );\"><div class=\"fusion-layout-column fusion_builder_column fusion-builder-column-7 fusion_builder_column_1_1 1_1 fusion-flex-column\" style=\"--awb-bg-size:cover;--awb-width-large:100%;--awb-margin-top-large:0px;--awb-spacing-right-large:1.92%;--awb-margin-bottom-large:20px;--awb-spacing-left-large:1.92%;--awb-width-medium:100%;--awb-order-medium:0;--awb-spacing-right-medium:1.92%;--awb-spacing-left-medium:1.92%;--awb-width-small:100%;--awb-order-small:0;--awb-spacing-right-small:1.92%;--awb-spacing-left-small:1.92%;\"><div class=\"fusion-column-wrapper fusion-column-has-shadow fusion-flex-justify-content-flex-start fusion-content-layout-column\"><div class=\"fusion-title title fusion-title-6 fusion-sep-none fusion-title-text fusion-title-size-three\" style=\"--awb-margin-top-small:10px;--awb-margin-right-small:0px;--awb-margin-bottom-small:10px;--awb-margin-left-small:0px;\"><h3 class=\"fusion-title-heading title-heading-left\" style=\"margin:0;text-transform:var(--awb-typography1-text-transform);\">Avantages du d\u00e9pistage g\u00e9n\u00e9tique du cancer colorectal<\/h3><\/div><div class=\"fusion-text fusion-text-5\"><p>Bien que personne ne souhaite d\u00e9couvrir qu&rsquo;il est porteur d&rsquo;une mutation g\u00e9n\u00e9tique h\u00e9r\u00e9ditaire susceptible d&rsquo;entra\u00eener un cancer, le fait de le savoir peut aider \u00e0 contr\u00f4ler le risque.<\/p>\n<\/div><ul style=\"--awb-size:24px;--awb-iconcolor:#3b74a7;--awb-line-height:40.8px;--awb-icon-width:40.8px;--awb-icon-height:40.8px;--awb-icon-margin:16.8px;--awb-content-margin:57.6px;\" class=\"fusion-checklist fusion-checklist-1 fusion-checklist-default type-icons\"><li class=\"fusion-li-item\" style=\"\"><span class=\"icon-wrapper circle-no\"><i class=\"fusion-li-icon fa-check fas\" aria-hidden=\"true\"><\/i><\/span><div class=\"fusion-li-item-content\">Surveillance pr\u00e9coce du cancer colorectal et r\u00e9duction du risque : Un r\u00e9sultat de test positif indiquant la pr\u00e9sence de mutations du syndrome de Lynch peut conduire \u00e0 une r\u00e9duction appropri\u00e9e du risque pour les personnes affect\u00e9es et les membres de leur famille.<\/div><\/li><li class=\"fusion-li-item\" style=\"\"><span class=\"icon-wrapper circle-no\"><i class=\"fusion-li-icon fa-check fas\" aria-hidden=\"true\"><\/i><\/span><div class=\"fusion-li-item-content\">D\u00e9tection pr\u00e9coce du cancer colorectal : Les tests g\u00e9n\u00e9tiques peuvent \u00e9galement aider \u00e0 mieux expliquer les ant\u00e9c\u00e9dents de cancer dans une famille. Lorsqu&rsquo;il est d\u00e9tect\u00e9 \u00e0 un stade pr\u00e9coce, le cancer colorectal a un taux de gu\u00e9rison de 90 %. En participant \u00e0 un test g\u00e9n\u00e9tique, les comportements positifs en mati\u00e8re de sant\u00e9 peuvent \u00eatre renforc\u00e9s et le cancer peut \u00eatre d\u00e9tect\u00e9 \u00e0 un stade pr\u00e9coce, lorsqu&rsquo;il est plus facile \u00e0 traiter.<\/div><\/li><\/ul><div class=\"fusion-title title fusion-title-7 fusion-sep-none fusion-title-text fusion-title-size-three\" style=\"--awb-margin-top-small:10px;--awb-margin-right-small:0px;--awb-margin-bottom-small:10px;--awb-margin-left-small:0px;\"><h3 class=\"fusion-title-heading title-heading-left\" style=\"margin:0;\">Limites des tests g\u00e9n\u00e9tiques<\/h3><\/div><div class=\"fusion-text fusion-text-6\"><p>Bien que les tests g\u00e9n\u00e9tiques puissent fournir des informations importantes sur votre sant\u00e9, il existe plusieurs limites \u00e0 l&rsquo;utilit\u00e9 de ces informations. Tenez compte des points suivants avant de vous soumettre \u00e0 un test :<\/p>\n<\/div><ul style=\"--awb-size:24px;--awb-iconcolor:#3b74a7;--awb-line-height:40.8px;--awb-icon-width:40.8px;--awb-icon-height:40.8px;--awb-icon-margin:16.8px;--awb-content-margin:57.6px;\" class=\"fusion-checklist fusion-checklist-2 fusion-checklist-default type-icons\"><li class=\"fusion-li-item\" style=\"\"><span class=\"icon-wrapper circle-no\"><i class=\"fusion-li-icon fa-check fas\" aria-hidden=\"true\"><\/i><\/span><div class=\"fusion-li-item-content\">Si votre test est positif pour une mutation li\u00e9e au cancer, cela ne signifie pas n\u00e9cessairement que vous d\u00e9velopperez un cancer<\/div><\/li><li class=\"fusion-li-item\" style=\"\"><span class=\"icon-wrapper circle-no\"><i class=\"fusion-li-icon fa-check fas\" aria-hidden=\"true\"><\/i><\/span><div class=\"fusion-li-item-content\">Si votre test est n\u00e9gatif pour une mutation li\u00e9e au cancer, cela ne signifie pas que vous ne d\u00e9velopperez pas de cancer.<\/div><\/li><li class=\"fusion-li-item\" style=\"\"><span class=\"icon-wrapper circle-no\"><i class=\"fusion-li-icon fa-check fas\" aria-hidden=\"true\"><\/i><\/span><div class=\"fusion-li-item-content\">Les tests g\u00e9n\u00e9tiques actuellement disponibles ne recherchent que certaines mutations, ce qui signifie que certaines mutations susceptibles de provoquer un cancer peuvent ne pas \u00eatre d\u00e9tect\u00e9es.<\/div><\/li><li class=\"fusion-li-item\" style=\"\"><span class=\"icon-wrapper circle-no\"><i class=\"fusion-li-icon fa-check fas\" aria-hidden=\"true\"><\/i><\/span><div class=\"fusion-li-item-content\">Tous les membres de la famille ne souhaitent pas conna\u00eetre leur risque de maladie.<\/div><\/li><li class=\"fusion-li-item\" style=\"\"><span class=\"icon-wrapper circle-no\"><i class=\"fusion-li-icon fa-check fas\" aria-hidden=\"true\"><\/i><\/span><div class=\"fusion-li-item-content\">Les r\u00e9sultats peuvent accro\u00eetre l&rsquo;anxi\u00e9t\u00e9 chez certaines personnes.<\/div><\/li><li class=\"fusion-li-item\" style=\"\"><span class=\"icon-wrapper circle-no\"><i class=\"fusion-li-icon fa-check fas\" aria-hidden=\"true\"><\/i><\/span><div class=\"fusion-li-item-content\">Les r\u00e9sultats des tests g\u00e9n\u00e9tiques peuvent entra\u00eener un plus grand nombre de rendez-vous m\u00e9dicaux, de tests et d&rsquo;interventions si le test est positif pour une mutation g\u00e9n\u00e9tique.<\/div><\/li><\/ul><\/div><\/div><\/div><\/div><\/p>\n","protected":false},"excerpt":{"rendered":"","protected":false},"author":1,"featured_media":11802,"parent":481,"menu_order":3,"comment_status":"closed","ping_status":"closed","template":"100-width.php","meta":{"footnotes":""},"class_list":["post-11385","page","type-page","status-publish","has-post-thumbnail","hentry"],"_links":{"self":[{"href":"https:\/\/www.colorectalcancercanada.com\/fr\/wp-json\/wp\/v2\/pages\/11385","targetHints":{"allow":["GET"]}}],"collection":[{"href":"https:\/\/www.colorectalcancercanada.com\/fr\/wp-json\/wp\/v2\/pages"}],"about":[{"href":"https:\/\/www.colorectalcancercanada.com\/fr\/wp-json\/wp\/v2\/types\/page"}],"author":[{"embeddable":true,"href":"https:\/\/www.colorectalcancercanada.com\/fr\/wp-json\/wp\/v2\/users\/1"}],"replies":[{"embeddable":true,"href":"https:\/\/www.colorectalcancercanada.com\/fr\/wp-json\/wp\/v2\/comments?post=11385"}],"version-history":[{"count":0,"href":"https:\/\/www.colorectalcancercanada.com\/fr\/wp-json\/wp\/v2\/pages\/11385\/revisions"}],"up":[{"embeddable":true,"href":"https:\/\/www.colorectalcancercanada.com\/fr\/wp-json\/wp\/v2\/pages\/481"}],"wp:featuredmedia":[{"embeddable":true,"href":"https:\/\/www.colorectalcancercanada.com\/fr\/wp-json\/wp\/v2\/media\/11802"}],"wp:attachment":[{"href":"https:\/\/www.colorectalcancercanada.com\/fr\/wp-json\/wp\/v2\/media?parent=11385"}],"curies":[{"name":"wp","href":"https:\/\/api.w.org\/{rel}","templated":true}]}}