 {"id":10903,"date":"2024-01-22T19:27:18","date_gmt":"2024-01-22T19:27:18","guid":{"rendered":"https:\/\/colorectalcc.wpengine.com\/sensibilisation-et-recherches\/current-surveys\/"},"modified":"2024-07-01T14:35:06","modified_gmt":"2024-07-01T14:35:06","slug":"enquetes-actuelles","status":"publish","type":"page","link":"https:\/\/www.colorectalcancercanada.com\/fr\/ce-que-nous-faisons\/conseils\/enquetes-actuelles\/","title":{"rendered":"Les sondages actuelles"},"content":{"rendered":"<div class=\"fusion-fullwidth fullwidth-box fusion-builder-row-1 fusion-flex-container has-pattern-background has-mask-background nonhundred-percent-fullwidth non-hundred-percent-height-scrolling\" style=\"--awb-border-radius-top-left:0px;--awb-border-radius-top-right:0px;--awb-border-radius-bottom-right:0px;--awb-border-radius-bottom-left:0px;--awb-flex-wrap:wrap;\" ><div class=\"fusion-builder-row fusion-row fusion-flex-align-items-flex-start fusion-flex-content-wrap\" style=\"max-width:1248px;margin-left: calc(-4% \/ 2 );margin-right: calc(-4% \/ 2 );\"><div class=\"fusion-layout-column fusion_builder_column fusion-builder-column-0 fusion_builder_column_1_1 1_1 fusion-flex-column\" style=\"--awb-bg-size:cover;--awb-width-large:100%;--awb-margin-top-large:0px;--awb-spacing-right-large:1.92%;--awb-margin-bottom-large:20px;--awb-spacing-left-large:1.92%;--awb-width-medium:100%;--awb-order-medium:0;--awb-spacing-right-medium:1.92%;--awb-spacing-left-medium:1.92%;--awb-width-small:100%;--awb-order-small:0;--awb-spacing-right-small:1.92%;--awb-spacing-left-small:1.92%;\"><div class=\"fusion-column-wrapper fusion-column-has-shadow fusion-flex-justify-content-flex-start fusion-content-layout-column\"><div class=\"fusion-title title fusion-title-1 fusion-sep-none fusion-title-text fusion-title-size-one custom-title\" style=\"--awb-margin-top-small:10px;--awb-margin-right-small:0px;--awb-margin-bottom-small:10px;--awb-margin-left-small:0px;\"><h1 class=\"fusion-title-heading title-heading-left\" style=\"margin:0;\"><span data-sheets-root=\"1\" data-sheets-value=\"\" data-sheets-userformat=\"\">Sondages en cours<\/span><\/h1><\/div><div class=\"fusion-title title fusion-title-2 fusion-sep-none fusion-title-text fusion-title-size-two\" style=\"--awb-margin-top-small:10px;--awb-margin-right-small:0px;--awb-margin-bottom-small:10px;--awb-margin-left-small:0px;\"><h2 class=\"fusion-title-heading title-heading-left\" style=\"margin:0;\">Programme pancanadien d&rsquo;\u00e9valuation des m\u00e9dicaments oncologiques (PPEA) : perspectives des patients et proches-aidants (2 sondages)<\/h2><\/div><div class=\"fusion-text fusion-text-1\"><p>Nous avons besoin de l&rsquo;aide des patients atteints de cancer colorectal et de leurs aidants pour r\u00e9pondre \u00e0 l&rsquo;une ou aux deux sondages ci-dessous. Cela devrait prendre environ 20 minutes.<\/p>\n<p>Les r\u00e9sultats seront utilis\u00e9s comme \u00e9l\u00e9ments de preuve d&rsquo;observations des patients dans le cadre de la soumission, de Cancer colorectal Canada, au Programme pancanadien d&rsquo;\u00e9valuation des m\u00e9dicaments oncologiques (PPEA). Votre participation est extr\u00eamement importante et peut contribuer \u00e0 \u00e9clairer les d\u00e9cisions en mati\u00e8re de financement des m\u00e9dicaments contre le cancer et am\u00e9liorer l&rsquo;acc\u00e8s aux m\u00e9dicaments pour les patients au Canada.<\/p>\n<p>Nous effectuerons \u00e9galement des entrevues pour conna\u00eetre les exp\u00e9riences individuelles afin de mieux comprendre comment cette combinaison r\u00e9pond aux besoins et aux pr\u00e9f\u00e9rences des patients, des proches-aidants et des familles.Si vous avez re\u00e7u :\u00a0<strong>panitumumab (Vectibix<sup>\u00ae<\/sup>) avec la chimioth\u00e9rapie pour le traitement de premi\u00e8re intention du cancer colorectal m\u00e9tastatique (CCRm) chez les patients dont les tumeurs primaires se situent du c\u00f4t\u00e9 gauche, OU, trifluridine\/tipiracil (Lonsurf) combin\u00e9 au bevacizumab<\/strong>\u00a0et vous souhaitez participer \u00e0 un entretien, veuillez communiquer avec notre \u00e9quipe de soutien \u00e0:\u00a0<a href=\"mailto:support@colorectalcancercanada.com\">support@colorectalcancercanada.com<\/a><\/p>\n<\/div><\/div><\/div><\/div><\/div>\n","protected":false},"excerpt":{"rendered":"","protected":false},"author":1,"featured_media":11804,"parent":840,"menu_order":4,"comment_status":"closed","ping_status":"closed","template":"100-width.php","meta":{"footnotes":""},"class_list":["post-10903","page","type-page","status-publish","has-post-thumbnail","hentry"],"_links":{"self":[{"href":"https:\/\/www.colorectalcancercanada.com\/fr\/wp-json\/wp\/v2\/pages\/10903","targetHints":{"allow":["GET"]}}],"collection":[{"href":"https:\/\/www.colorectalcancercanada.com\/fr\/wp-json\/wp\/v2\/pages"}],"about":[{"href":"https:\/\/www.colorectalcancercanada.com\/fr\/wp-json\/wp\/v2\/types\/page"}],"author":[{"embeddable":true,"href":"https:\/\/www.colorectalcancercanada.com\/fr\/wp-json\/wp\/v2\/users\/1"}],"replies":[{"embeddable":true,"href":"https:\/\/www.colorectalcancercanada.com\/fr\/wp-json\/wp\/v2\/comments?post=10903"}],"version-history":[{"count":0,"href":"https:\/\/www.colorectalcancercanada.com\/fr\/wp-json\/wp\/v2\/pages\/10903\/revisions"}],"up":[{"embeddable":true,"href":"https:\/\/www.colorectalcancercanada.com\/fr\/wp-json\/wp\/v2\/pages\/840"}],"wp:featuredmedia":[{"embeddable":true,"href":"https:\/\/www.colorectalcancercanada.com\/fr\/wp-json\/wp\/v2\/media\/11804"}],"wp:attachment":[{"href":"https:\/\/www.colorectalcancercanada.com\/fr\/wp-json\/wp\/v2\/media?parent=10903"}],"curies":[{"name":"wp","href":"https:\/\/api.w.org\/{rel}","templated":true}]}}